{"id":162,"date":"2023-05-03T16:29:08","date_gmt":"2023-05-03T14:29:08","guid":{"rendered":"https:\/\/www.chateaucols.com\/?page_id=162"},"modified":"2024-12-30T11:05:20","modified_gmt":"2024-12-30T10:05:20","slug":"plans","status":"publish","type":"page","link":"https:\/\/www.chateaucols.com\/de\/plans\/","title":{"rendered":"Plans"},"content":{"rendered":"<p>[et_pb_section fb_built=&#8220;1&#8243; fullwidth=&#8220;on&#8220; disabled_on=&#8220;on|on|off&#8220; _builder_version=&#8220;4.20.4&#8243; _module_preset=&#8220;default&#8220; locked=&#8220;off&#8220; global_colors_info=&#8220;{}&#8220;][et_pb_fullwidth_image title_text=&#8220;ChateauDeCols&#8220; _builder_version=&#8220;4.20.4&#8243; _module_preset=&#8220;default&#8220; background_color=&#8220;#555555&#8243; height=&#8220;130px&#8220; global_colors_info=&#8220;{}&#8220;][\/et_pb_fullwidth_image][\/et_pb_section][et_pb_section fb_built=&#8220;1&#8243; _builder_version=&#8220;4.20.4&#8243; _module_preset=&#8220;default&#8220; custom_padding=&#8220;||0px|||&#8220; global_colors_info=&#8220;{}&#8220;][et_pb_row _builder_version=&#8220;4.20.4&#8243; _module_preset=&#8220;default&#8220; module_alignment=&#8220;center&#8220; custom_padding=&#8220;40px||60px||false|false&#8220; global_colors_info=&#8220;{}&#8220;][et_pb_column type=&#8220;4_4&#8243; _builder_version=&#8220;4.20.4&#8243; _module_preset=&#8220;default&#8220; global_colors_info=&#8220;{}&#8220;][et_pb_text _builder_version=&#8220;4.23.1&#8243; _module_preset=&#8220;default&#8220; text_text_color=&#8220;#555555&#8243; content_de_de=&#8220;<\/p>\n<h1 style=%22text-align: center;%22><span class=%22HwtZe%22 jsaction=%22mouseup:Sxi9L,BR6jm; mousedown:qjlr0e%22 jsname=%22jqKxS%22 lang=%22de%22><span jsaction=%22agoMJf:PFBcW;MZfLnc:P7O7bd;nt4Alf:pvnm0e,pfE8Hb,PFBcW;B01qod:dJXsye;H1e5u:iXtTIf;lYIUJf:hij5Wb;bmeZHc:iURhpf;Oxj3Xe:qAKMYb,yaf12d%22 jsname=%22txFAF%22 class=%22jCAhz ChMk0b%22 jscontroller=%22Gn4SMb%22><span class=%22ryNqvb%22 jsaction=%22click:E6Tfl,GFf3ac,tMZCfe; contextmenu:Nqw7Te,QP7LD; mouseout:Nqw7Te; mouseover:E6Tfl,c2aHje%22 jsname=%22W297wb%22>Schlosspl\u00e4ne<\/span><\/span><\/span><\/h1>\n<p>&#8220; content_en_us=&#8220;<\/p>\n<h1 style=%22text-align: center;%22><span class=%22HwtZe%22 jsaction=%22mouseup:Sxi9L,BR6jm; mousedown:qjlr0e%22 jsname=%22jqKxS%22 lang=%22en%22><span jsaction=%22agoMJf:PFBcW;MZfLnc:P7O7bd;nt4Alf:pvnm0e,pfE8Hb,PFBcW;B01qod:dJXsye;H1e5u:iXtTIf;lYIUJf:hij5Wb;bmeZHc:iURhpf;Oxj3Xe:qAKMYb,yaf12d%22 jsname=%22txFAF%22 class=%22jCAhz ChMk0b%22 jscontroller=%22Gn4SMb%22><span class=%22ryNqvb%22 jsaction=%22click:E6Tfl,GFf3ac,tMZCfe; contextmenu:Nqw7Te,QP7LD; mouseout:Nqw7Te; mouseover:E6Tfl,c2aHje%22 jsname=%22W297wb%22>Castle plans<\/span><\/span><\/span><\/h1>\n<p>&#8220; global_colors_info=&#8220;{}&#8220;]<\/p>\n<h1 style=\"text-align: center;\">Plans du ch\u00e2teau<\/h1>\n<p>[\/et_pb_text][et_pb_text _builder_version=&#8220;4.20.4&#8243; _module_preset=&#8220;default&#8220; text_text_color=&#8220;#a5a5a5&#8243; content_de_de=&#8220;<\/p>\n<h3 style=%22text-align: center;%22><span class=%22HwtZe%22 jsaction=%22mouseup:Sxi9L,BR6jm; mousedown:qjlr0e%22 jsname=%22jqKxS%22 style=%22color: #808080;%22 lang=%22de%22><span jsaction=%22agoMJf:PFBcW;MZfLnc:P7O7bd;nt4Alf:pvnm0e,pfE8Hb,PFBcW;B01qod:dJXsye;H1e5u:iXtTIf;lYIUJf:hij5Wb;bmeZHc:iURhpf;Oxj3Xe:qAKMYb,yaf12d%22 jsname=%22txFAF%22 class=%22jCAhz ChMk0b%22 jscontroller=%22Gn4SMb%22><span class=%22ryNqvb%22 jsaction=%22click:E6Tfl,GFf3ac,tMZCfe; contextmenu:Nqw7Te,QP7LD; mouseout:Nqw7Te; mouseover:E6Tfl,c2aHje%22 jsname=%22W297wb%22><span class=%22HwtZe%22 jsaction=%22mouseup:Sxi9L,BR6jm; mousedown:qjlr0e%22 jsname=%22jqKxS%22 lang=%22de%22>Erdgeschoss<\/span><\/span><\/span><\/span><\/h3>\n<p>&#8220; content_en_us=&#8220;<\/p>\n<h3 style=%22text-align: center;%22><span class=%22HwtZe%22 jsaction=%22mouseup:Sxi9L,BR6jm; mousedown:qjlr0e%22 jsname=%22jqKxS%22 style=%22color: #808080;%22 lang=%22en%22><span jsaction=%22agoMJf:PFBcW;MZfLnc:P7O7bd;nt4Alf:pvnm0e,pfE8Hb,PFBcW;B01qod:dJXsye;H1e5u:iXtTIf;lYIUJf:hij5Wb;bmeZHc:iURhpf;Oxj3Xe:qAKMYb,yaf12d%22 jsname=%22txFAF%22 class=%22jCAhz ChMk0b%22 jscontroller=%22Gn4SMb%22><span class=%22ryNqvb%22 jsaction=%22click:E6Tfl,GFf3ac,tMZCfe; contextmenu:Nqw7Te,QP7LD; mouseout:Nqw7Te; mouseover:E6Tfl,c2aHje%22 jsname=%22W297wb%22><span class=%22HwtZe%22 jsaction=%22mouseup:Sxi9L,BR6jm; mousedown:qjlr0e%22 jsname=%22jqKxS%22 lang=%22en%22>Ground floor<\/span><\/span><\/span><\/span><\/h3>\n<p>&#8220; locked=&#8220;off&#8220; global_colors_info=&#8220;{}&#8220;]<\/p>\n<h3 style=\"text-align: center;\"><span style=\"color: #808080;\">Rez-de-chauss\u00e9e<\/span><\/h3>\n<p>[\/et_pb_text][et_pb_image src=&#8220;https:\/\/www.chateaucols.com\/wp-content\/uploads\/2023\/05\/Plan_Niveau0_FR_v02.jpg&#8220; title_text=&#8220;Plan_Niveau0_EN_v02&#8243; show_in_lightbox=&#8220;on&#8220; _builder_version=&#8220;4.21.0&#8243; _module_preset=&#8220;default&#8220; global_colors_info=&#8220;{}&#8220;][\/et_pb_image][\/et_pb_column][\/et_pb_row][et_pb_row _builder_version=&#8220;4.20.4&#8243; _module_preset=&#8220;default&#8220; module_alignment=&#8220;center&#8220; custom_padding=&#8220;||60px||false|false&#8220; global_colors_info=&#8220;{}&#8220;][et_pb_column type=&#8220;4_4&#8243; _builder_version=&#8220;4.20.4&#8243; _module_preset=&#8220;default&#8220; global_colors_info=&#8220;{}&#8220;][et_pb_text _builder_version=&#8220;4.21.0&#8243; _module_preset=&#8220;default&#8220; text_text_color=&#8220;#a5a5a5&#8243; content_de_de=&#8220;<\/p>\n<h3 style=%22text-align: center;%22><span class=%22HwtZe%22 jsaction=%22mouseup:Sxi9L,BR6jm; mousedown:qjlr0e%22 jsname=%22jqKxS%22 style=%22color: #808080;%22 lang=%22de%22><span jsaction=%22agoMJf:PFBcW;MZfLnc:P7O7bd;nt4Alf:pvnm0e,pfE8Hb,PFBcW;B01qod:dJXsye;H1e5u:iXtTIf;lYIUJf:hij5Wb;bmeZHc:iURhpf;Oxj3Xe:qAKMYb,yaf12d%22 jsname=%22txFAF%22 class=%22jCAhz ChMk0b%22 jscontroller=%22Gn4SMb%22><span class=%22ryNqvb%22 jsaction=%22click:E6Tfl,GFf3ac,tMZCfe; contextmenu:Nqw7Te,QP7LD; mouseout:Nqw7Te; mouseover:E6Tfl,c2aHje%22 jsname=%22W297wb%22><span class=%22HwtZe%22 jsaction=%22mouseup:Sxi9L,BR6jm; mousedown:qjlr0e%22 jsname=%22jqKxS%22 lang=%22de%22>Erster Stock<\/span><\/span><\/span><\/span><\/h3>\n<p>&#8220; content_en_us=&#8220;<\/p>\n<h3 style=%22text-align: center;%22><span class=%22HwtZe%22 jsaction=%22mouseup:Sxi9L,BR6jm; mousedown:qjlr0e%22 jsname=%22jqKxS%22 style=%22color: #808080;%22 lang=%22en%22><span jsaction=%22agoMJf:PFBcW;MZfLnc:P7O7bd;nt4Alf:pvnm0e,pfE8Hb,PFBcW;B01qod:dJXsye;H1e5u:iXtTIf;lYIUJf:hij5Wb;bmeZHc:iURhpf;Oxj3Xe:qAKMYb,yaf12d%22 jsname=%22txFAF%22 class=%22jCAhz ChMk0b%22 jscontroller=%22Gn4SMb%22><span class=%22ryNqvb%22 jsaction=%22click:E6Tfl,GFf3ac,tMZCfe; contextmenu:Nqw7Te,QP7LD; mouseout:Nqw7Te; mouseover:E6Tfl,c2aHje%22 jsname=%22W297wb%22><span class=%22HwtZe%22 jsaction=%22mouseup:Sxi9L,BR6jm; mousedown:qjlr0e%22 jsname=%22jqKxS%22 lang=%22en%22>First floor<\/span><\/span><\/span><\/span><\/h3>\n<p>&#8220; locked=&#8220;off&#8220; global_colors_info=&#8220;{}&#8220;]<\/p>\n<h3 style=\"text-align: center;\"><span style=\"color: #808080;\">Premier \u00e9tage<br \/><\/span><\/h3>\n<p>[\/et_pb_text][et_pb_image src=&#8220;https:\/\/www.chateaucols.com\/wp-content\/uploads\/2024\/12\/Plan_Niveau1_FR_v03.jpg&#8220; title_text=&#8220;Plan_Niveau1_FR_v03&#8243; show_in_lightbox=&#8220;on&#8220; _builder_version=&#8220;4.27.4&#8243; _module_preset=&#8220;default&#8220; hover_enabled=&#8220;0&#8243; global_colors_info=&#8220;{}&#8220; sticky_enabled=&#8220;0&#8243;][\/et_pb_image][\/et_pb_column][\/et_pb_row][et_pb_row _builder_version=&#8220;4.20.4&#8243; _module_preset=&#8220;default&#8220; module_alignment=&#8220;center&#8220; custom_padding=&#8220;||60px||false|false&#8220; global_colors_info=&#8220;{}&#8220;][et_pb_column type=&#8220;4_4&#8243; _builder_version=&#8220;4.20.4&#8243; _module_preset=&#8220;default&#8220; global_colors_info=&#8220;{}&#8220;][et_pb_text _builder_version=&#8220;4.20.4&#8243; _module_preset=&#8220;default&#8220; text_text_color=&#8220;#a5a5a5&#8243; content_de_de=&#8220;<\/p>\n<h3 style=%22text-align: center;%22><span class=%22HwtZe%22 jsaction=%22mouseup:Sxi9L,BR6jm; mousedown:qjlr0e%22 jsname=%22jqKxS%22 style=%22color: #808080;%22 lang=%22de%22><span jsaction=%22agoMJf:PFBcW;MZfLnc:P7O7bd;nt4Alf:pvnm0e,pfE8Hb,PFBcW;B01qod:dJXsye;H1e5u:iXtTIf;lYIUJf:hij5Wb;bmeZHc:iURhpf;Oxj3Xe:qAKMYb,yaf12d%22 jsname=%22txFAF%22 class=%22jCAhz ChMk0b%22 jscontroller=%22Gn4SMb%22><span class=%22ryNqvb%22 jsaction=%22click:E6Tfl,GFf3ac,tMZCfe; contextmenu:Nqw7Te,QP7LD; mouseout:Nqw7Te; mouseover:E6Tfl,c2aHje%22 jsname=%22W297wb%22><span class=%22HwtZe%22 jsaction=%22mouseup:Sxi9L,BR6jm; mousedown:qjlr0e%22 jsname=%22jqKxS%22 lang=%22de%22>Zweiter Stock<\/span><\/span><\/span><\/span><\/h3>\n<p>&#8220; content_en_us=&#8220;<\/p>\n<h3 style=%22text-align: center;%22><span class=%22HwtZe%22 jsaction=%22mouseup:Sxi9L,BR6jm; mousedown:qjlr0e%22 jsname=%22jqKxS%22 style=%22color: #808080;%22 lang=%22en%22><span jsaction=%22agoMJf:PFBcW;MZfLnc:P7O7bd;nt4Alf:pvnm0e,pfE8Hb,PFBcW;B01qod:dJXsye;H1e5u:iXtTIf;lYIUJf:hij5Wb;bmeZHc:iURhpf;Oxj3Xe:qAKMYb,yaf12d%22 jsname=%22txFAF%22 class=%22jCAhz ChMk0b%22 jscontroller=%22Gn4SMb%22><span class=%22ryNqvb%22 jsaction=%22click:E6Tfl,GFf3ac,tMZCfe; contextmenu:Nqw7Te,QP7LD; mouseout:Nqw7Te; mouseover:E6Tfl,c2aHje%22 jsname=%22W297wb%22><span class=%22HwtZe%22 jsaction=%22mouseup:Sxi9L,BR6jm; mousedown:qjlr0e%22 jsname=%22jqKxS%22 lang=%22en%22>Second floor<\/span><\/span><\/span><\/span><\/h3>\n<p>&#8220; locked=&#8220;off&#8220; global_colors_info=&#8220;{}&#8220;]<\/p>\n<h3 style=\"text-align: center;\"><span style=\"color: #808080;\">Deuxi\u00e8me \u00e9tage<\/span><\/h3>\n<p>[\/et_pb_text][et_pb_image src=&#8220;https:\/\/www.chateaucols.com\/wp-content\/uploads\/2023\/07\/Plan_Niveau2_FR_v02-.jpg&#8220; title_text=&#8220;Plan_Niveau2_FR_v02-&#8220; show_in_lightbox=&#8220;on&#8220; _builder_version=&#8220;4.21.0&#8243; _module_preset=&#8220;default&#8220; global_colors_info=&#8220;{}&#8220;][\/et_pb_image][\/et_pb_column][\/et_pb_row][\/et_pb_section][et_pb_section fb_built=&#8220;1&#8243; _builder_version=&#8220;4.20.4&#8243; _module_preset=&#8220;default&#8220; custom_padding=&#8220;||0px|||&#8220; global_colors_info=&#8220;{}&#8220;][et_pb_row _builder_version=&#8220;4.20.4&#8243; _module_preset=&#8220;default&#8220; module_alignment=&#8220;center&#8220; custom_padding=&#8220;40px||60px||false|false&#8220; global_colors_info=&#8220;{}&#8220;][et_pb_column type=&#8220;4_4&#8243; _builder_version=&#8220;4.20.4&#8243; _module_preset=&#8220;default&#8220; global_colors_info=&#8220;{}&#8220;][et_pb_text _builder_version=&#8220;4.23.1&#8243; _module_preset=&#8220;default&#8220; text_text_color=&#8220;#555555&#8243; content_de_de=&#8220;<\/p>\n<h1 style=%22text-align: center;%22><span class=%22HwtZe%22 jsaction=%22mouseup:Sxi9L,BR6jm; mousedown:qjlr0e%22 jsname=%22jqKxS%22 lang=%22de%22><span jsaction=%22agoMJf:PFBcW;MZfLnc:P7O7bd;nt4Alf:pvnm0e,pfE8Hb,PFBcW;B01qod:dJXsye;H1e5u:iXtTIf;lYIUJf:hij5Wb;bmeZHc:iURhpf;Oxj3Xe:qAKMYb,yaf12d%22 jsname=%22txFAF%22 class=%22jCAhz ChMk0b%22 jscontroller=%22Gn4SMb%22><span class=%22ryNqvb%22 jsaction=%22click:E6Tfl,GFf3ac,tMZCfe; contextmenu:Nqw7Te,QP7LD; mouseout:Nqw7Te; mouseover:E6Tfl,c2aHje%22 jsname=%22W297wb%22>Parkkarte<\/span><\/span><\/span><\/h1>\n<p>&#8220; content_en_us=&#8220;<\/p>\n<h1 style=%22text-align: center;%22><span class=%22HwtZe%22 jsaction=%22mouseup:Sxi9L,BR6jm; mousedown:qjlr0e%22 jsname=%22jqKxS%22 lang=%22en%22><span jsaction=%22agoMJf:PFBcW;MZfLnc:P7O7bd;nt4Alf:pvnm0e,pfE8Hb,PFBcW;B01qod:dJXsye;H1e5u:iXtTIf;lYIUJf:hij5Wb;bmeZHc:iURhpf;Oxj3Xe:qAKMYb,yaf12d%22 jsname=%22txFAF%22 class=%22jCAhz ChMk0b%22 jscontroller=%22Gn4SMb%22><span class=%22ryNqvb%22 jsaction=%22click:E6Tfl,GFf3ac,tMZCfe; contextmenu:Nqw7Te,QP7LD; mouseout:Nqw7Te; mouseover:E6Tfl,c2aHje%22 jsname=%22W297wb%22>Park map<\/span><\/span><\/span><\/h1>\n<p>&#8220; global_colors_info=&#8220;{}&#8220;]<\/p>\n<h1 style=\"text-align: center;\">Plan du parc<\/h1>\n<p>[\/et_pb_text][et_pb_image src=&#8220;https:\/\/www.chateaucols.com\/wp-content\/uploads\/2023\/11\/PlanDuParc.jpg&#8220; title_text=&#8220;PlanDuParc&#8220; show_in_lightbox=&#8220;on&#8220; _builder_version=&#8220;4.23.1&#8243; _module_preset=&#8220;default&#8220; global_colors_info=&#8220;{}&#8220;][\/et_pb_image][\/et_pb_column][\/et_pb_row][\/et_pb_section]<\/p>\n","protected":false},"excerpt":{"rendered":"<p>Plans du ch\u00e2teauRez-de-chauss\u00e9ePremier \u00e9tageDeuxi\u00e8me \u00e9tagePlan du parc<\/p>\n","protected":false},"author":1,"featured_media":0,"parent":0,"menu_order":0,"comment_status":"closed","ping_status":"closed","template":"","meta":{"_et_pb_use_builder":"on","_et_pb_old_content":"","_et_gb_content_width":"","footnotes":""},"class_list":["post-162","page","type-page","status-publish","hentry"],"yoast_head":"<!-- This site is optimized with the Yoast SEO plugin v27.4 - https:\/\/yoast.com\/product\/yoast-seo-wordpress\/ -->\n<title>Plans<\/title>\n<meta name=\"description\" content=\"[et_pb_section fb_built=&quot;1&quot; fullwidth=&quot;on&quot; disabled_on=&quot;on|on|off&quot; _builder_version=&quot;4.20.4&quot; _module_preset=&quot;default&quot; locked=&quot;off&quot; global_colors_info=&quot;{}&quot;][et_pb_fullwidth_image title_text=&quot;ChateauDeCols&quot; _builder_version=&quot;4.20.4&quot; _module_preset=&quot;default&quot; background_color=&quot;#555555&quot; height=&quot;130px&quot; global_colors_info=&quot;{}&quot;][\/et_pb_fullwidth_image][\/et_pb_section][et_pb_section fb_built=&quot;1&quot; _builder_version=&quot;4.20.4&quot; _module_preset=&quot;default&quot; custom_padding=&quot;||0px|||&quot; global_colors_info=&quot;{}&quot;][et_pb_row _builder_version=&quot;4.20.4&quot; _module_preset=&quot;default&quot; module_alignment=&quot;center&quot; custom_padding=&quot;40px||60px||false|false&quot; global_colors_info=&quot;{}&quot;][et_pb_column type=&quot;4_4&quot; _builder_version=&quot;4.20.4&quot; _module_preset=&quot;default&quot; global_colors_info=&quot;{}&quot;][et_pb_text _builder_version=&quot;4.23.1&quot; _module_preset=&quot;default&quot; text_text_color=&quot;#555555&quot; content_de_de=&quot;Schlosspl\u00e4ne&quot; content_en_us=&quot;Castle plans&quot; global_colors_info=&quot;{}&quot;]Plans du ch\u00e2teau[\/et_pb_text][et_pb_text _builder_version=&quot;4.20.4&quot; _module_preset=&quot;default&quot; text_text_color=&quot;#a5a5a5&quot; content_de_de=&quot;Erdgeschoss&quot; content_en_us=&quot;Ground floor&quot; locked=&quot;off&quot; global_colors_info=&quot;{}&quot;]Rez-de-chauss\u00e9e[\/et_pb_text][et_pb_image src=&quot;https:\/\/www.chateaucols.com\/wp-content\/uploads\/2023\/05\/Plan_Niveau0_FR_v02.jpg&quot; title_text=&quot;Plan_Niveau0_EN_v02&quot; show_in_lightbox=&quot;on&quot; _builder_version=&quot;4.21.0&quot; _module_preset=&quot;default&quot; global_colors_info=&quot;{}&quot;][\/et_pb_image][\/et_pb_column][\/et_pb_row][et_pb_row _builder_version=&quot;4.20.4&quot; _module_preset=&quot;default&quot; module_alignment=&quot;center&quot; custom_padding=&quot;||60px||false|false&quot;&hellip;\" \/>\n<meta name=\"robots\" content=\"index, follow, max-snippet:-1, max-image-preview:large, max-video-preview:-1\" \/>\n<link rel=\"canonical\" href=\"\" \/>\n<meta property=\"og:locale\" content=\"de_DE\" \/>\n<meta property=\"og:type\" content=\"article\" \/>\n<meta property=\"og:title\" content=\"Plans\" \/>\n<meta property=\"og:description\" content=\"[et_pb_section fb_built=&quot;1&quot; fullwidth=&quot;on&quot; disabled_on=&quot;on|on|off&quot; _builder_version=&quot;4.20.4&quot; _module_preset=&quot;default&quot; locked=&quot;off&quot; global_colors_info=&quot;{}&quot;][et_pb_fullwidth_image title_text=&quot;ChateauDeCols&quot; _builder_version=&quot;4.20.4&quot; _module_preset=&quot;default&quot; background_color=&quot;#555555&quot; height=&quot;130px&quot; global_colors_info=&quot;{}&quot;][\/et_pb_fullwidth_image][\/et_pb_section][et_pb_section fb_built=&quot;1&quot; _builder_version=&quot;4.20.4&quot; _module_preset=&quot;default&quot; custom_padding=&quot;||0px|||&quot; global_colors_info=&quot;{}&quot;][et_pb_row _builder_version=&quot;4.20.4&quot; _module_preset=&quot;default&quot; module_alignment=&quot;center&quot; custom_padding=&quot;40px||60px||false|false&quot; global_colors_info=&quot;{}&quot;][et_pb_column type=&quot;4_4&quot; _builder_version=&quot;4.20.4&quot; _module_preset=&quot;default&quot; global_colors_info=&quot;{}&quot;][et_pb_text _builder_version=&quot;4.23.1&quot; _module_preset=&quot;default&quot; text_text_color=&quot;#555555&quot; content_de_de=&quot;Schlosspl\u00e4ne&quot; content_en_us=&quot;Castle plans&quot; global_colors_info=&quot;{}&quot;]Plans du ch\u00e2teau[\/et_pb_text][et_pb_text _builder_version=&quot;4.20.4&quot; _module_preset=&quot;default&quot; text_text_color=&quot;#a5a5a5&quot; content_de_de=&quot;Erdgeschoss&quot; content_en_us=&quot;Ground floor&quot; locked=&quot;off&quot; global_colors_info=&quot;{}&quot;]Rez-de-chauss\u00e9e[\/et_pb_text][et_pb_image src=&quot;https:\/\/www.chateaucols.com\/wp-content\/uploads\/2023\/05\/Plan_Niveau0_FR_v02.jpg&quot; title_text=&quot;Plan_Niveau0_EN_v02&quot; show_in_lightbox=&quot;on&quot; _builder_version=&quot;4.21.0&quot; _module_preset=&quot;default&quot; global_colors_info=&quot;{}&quot;][\/et_pb_image][\/et_pb_column][\/et_pb_row][et_pb_row _builder_version=&quot;4.20.4&quot; _module_preset=&quot;default&quot; module_alignment=&quot;center&quot; custom_padding=&quot;||60px||false|false&quot;&hellip;\" \/>\n<meta property=\"og:url\" content=\"https:\/\/www.chateaucols.com\/de\/plans\/\" \/>\n<meta property=\"og:site_name\" content=\"Chateau de Cols\" \/>\n<meta property=\"article:modified_time\" content=\"2024-12-30T10:05:20+00:00\" \/>\n<meta property=\"og:image\" content=\"https:\/\/www.chateaucols.com\/wp-content\/uploads\/2023\/10\/ChateauDeCols.jpg\" \/>\n\t<meta property=\"og:image:width\" content=\"1200\" \/>\n\t<meta property=\"og:image:height\" content=\"675\" \/>\n\t<meta property=\"og:image:type\" content=\"image\/jpeg\" \/>\n<meta name=\"twitter:card\" content=\"summary_large_image\" \/>\n<script type=\"application\/ld+json\" class=\"yoast-schema-graph\">{\"@context\":\"https:\\\/\\\/schema.org\",\"@graph\":[{\"@type\":\"WebPage\",\"@id\":\"https:\\\/\\\/www.chateaucols.com\\\/de\\\/plans\\\/\",\"url\":\"https:\\\/\\\/www.chateaucols.com\\\/de\\\/plans\\\/\",\"name\":\"Plans - Chateau de Cols\",\"isPartOf\":{\"@id\":\"https:\\\/\\\/www.chateaucols.com\\\/#website\"},\"datePublished\":\"2023-05-03T14:29:08+00:00\",\"dateModified\":\"2024-12-30T10:05:20+00:00\",\"inLanguage\":\"de\",\"potentialAction\":[{\"@type\":\"ReadAction\",\"target\":[\"https:\\\/\\\/www.chateaucols.com\\\/de\\\/plans\\\/\"]}]},{\"@type\":\"WebSite\",\"@id\":\"https:\\\/\\\/www.chateaucols.com\\\/de\\\/#website\",\"url\":\"https:\\\/\\\/www.chateaucols.com\\\/de\\\/\",\"name\":\"Chateau de Cols\",\"description\":\"Site de pr\u00e9sentation du ch\u00e2teau de Cols \u00e0 Junhac au centre de l&#039;Auvergne\",\"potentialAction\":[{\"@type\":\"SearchAction\",\"target\":{\"@type\":\"EntryPoint\",\"urlTemplate\":\"https:\\\/\\\/www.chateaucols.com\\\/de\\\/?s={search_term_string}\"},\"query-input\":{\"@type\":\"PropertyValueSpecification\",\"valueRequired\":true,\"valueName\":\"search_term_string\"}}],\"inLanguage\":\"de\"}]}<\/script>\n<!-- \/ Yoast SEO plugin. -->","yoast_head_json":{"title":"Plans","description":"[et_pb_section fb_built=\"1\" fullwidth=\"on\" disabled_on=\"on|on|off\" _builder_version=\"4.20.4\" _module_preset=\"default\" locked=\"off\" global_colors_info=\"{}\"][et_pb_fullwidth_image title_text=\"ChateauDeCols\" _builder_version=\"4.20.4\" _module_preset=\"default\" background_color=\"#555555\" height=\"130px\" global_colors_info=\"{}\"][\/et_pb_fullwidth_image][\/et_pb_section][et_pb_section fb_built=\"1\" _builder_version=\"4.20.4\" _module_preset=\"default\" custom_padding=\"||0px|||\" global_colors_info=\"{}\"][et_pb_row _builder_version=\"4.20.4\" _module_preset=\"default\" module_alignment=\"center\" custom_padding=\"40px||60px||false|false\" global_colors_info=\"{}\"][et_pb_column type=\"4_4\" _builder_version=\"4.20.4\" _module_preset=\"default\" global_colors_info=\"{}\"][et_pb_text _builder_version=\"4.23.1\" _module_preset=\"default\" text_text_color=\"#555555\" content_de_de=\"Schlosspl\u00e4ne\" content_en_us=\"Castle plans\" global_colors_info=\"{}\"]Plans du ch\u00e2teau[\/et_pb_text][et_pb_text _builder_version=\"4.20.4\" _module_preset=\"default\" text_text_color=\"#a5a5a5\" content_de_de=\"Erdgeschoss\" content_en_us=\"Ground floor\" locked=\"off\" global_colors_info=\"{}\"]Rez-de-chauss\u00e9e[\/et_pb_text][et_pb_image src=\"https:\/\/www.chateaucols.com\/wp-content\/uploads\/2023\/05\/Plan_Niveau0_FR_v02.jpg\" title_text=\"Plan_Niveau0_EN_v02\" show_in_lightbox=\"on\" _builder_version=\"4.21.0\" _module_preset=\"default\" global_colors_info=\"{}\"][\/et_pb_image][\/et_pb_column][\/et_pb_row][et_pb_row _builder_version=\"4.20.4\" _module_preset=\"default\" module_alignment=\"center\" custom_padding=\"||60px||false|false\"&hellip;","robots":{"index":"index","follow":"follow","max-snippet":"max-snippet:-1","max-image-preview":"max-image-preview:large","max-video-preview":"max-video-preview:-1"},"canonical":"[et_pb_section fb_built=\"1\" fullwidth=\"on\" disabled_on=\"on|on|off\" _builder_version=\"4.20.4\" _module_preset=\"default\" locked=\"off\" global_colors_info=\"{}\"][et_pb_fullwidth_image title_text=\"ChateauDeCols\" _builder_version=\"4.20.4\" _module_preset=\"default\" background_color=\"#555555\" height=\"130px\" global_colors_info=\"{}\"][\/et_pb_fullwidth_image][\/et_pb_section][et_pb_section fb_built=\"1\" _builder_version=\"4.20.4\" _module_preset=\"default\" custom_padding=\"||0px|||\" global_colors_info=\"{}\"][et_pb_row _builder_version=\"4.20.4\" _module_preset=\"default\" module_alignment=\"center\" custom_padding=\"40px||60px||false|false\" global_colors_info=\"{}\"][et_pb_column type=\"4_4\" _builder_version=\"4.20.4\" _module_preset=\"default\" global_colors_info=\"{}\"][et_pb_text _builder_version=\"4.23.1\" _module_preset=\"default\" text_text_color=\"#555555\" content_de_de=\"Schlosspl\u00e4ne\" content_en_us=\"Castle plans\" global_colors_info=\"{}\"]Plans du ch\u00e2teau[\/et_pb_text][et_pb_text _builder_version=\"4.20.4\" _module_preset=\"default\" text_text_color=\"#a5a5a5\" content_de_de=\"Erdgeschoss\" content_en_us=\"Ground floor\" locked=\"off\" global_colors_info=\"{}\"]Rez-de-chauss\u00e9e[\/et_pb_text][et_pb_image src=\"https:\/\/www.chateaucols.com\/wp-content\/uploads\/2023\/05\/Plan_Niveau0_FR_v02.jpg\" title_text=\"Plan_Niveau0_EN_v02\" show_in_lightbox=\"on\" _builder_version=\"4.21.0\" _module_preset=\"default\" global_colors_info=\"{}\"][\/et_pb_image][\/et_pb_column][\/et_pb_row][et_pb_row _builder_version=\"4.20.4\" _module_preset=\"default\" module_alignment=\"center\" custom_padding=\"||60px||false|false\"&hellip;","og_locale":"de_DE","og_type":"article","og_title":"Plans","og_description":"[et_pb_section fb_built=\"1\" fullwidth=\"on\" disabled_on=\"on|on|off\" _builder_version=\"4.20.4\" _module_preset=\"default\" locked=\"off\" global_colors_info=\"{}\"][et_pb_fullwidth_image title_text=\"ChateauDeCols\" _builder_version=\"4.20.4\" _module_preset=\"default\" background_color=\"#555555\" height=\"130px\" global_colors_info=\"{}\"][\/et_pb_fullwidth_image][\/et_pb_section][et_pb_section fb_built=\"1\" _builder_version=\"4.20.4\" _module_preset=\"default\" custom_padding=\"||0px|||\" global_colors_info=\"{}\"][et_pb_row _builder_version=\"4.20.4\" _module_preset=\"default\" module_alignment=\"center\" custom_padding=\"40px||60px||false|false\" global_colors_info=\"{}\"][et_pb_column type=\"4_4\" _builder_version=\"4.20.4\" _module_preset=\"default\" global_colors_info=\"{}\"][et_pb_text _builder_version=\"4.23.1\" _module_preset=\"default\" text_text_color=\"#555555\" content_de_de=\"Schlosspl\u00e4ne\" content_en_us=\"Castle plans\" global_colors_info=\"{}\"]Plans du ch\u00e2teau[\/et_pb_text][et_pb_text _builder_version=\"4.20.4\" _module_preset=\"default\" text_text_color=\"#a5a5a5\" content_de_de=\"Erdgeschoss\" content_en_us=\"Ground floor\" locked=\"off\" global_colors_info=\"{}\"]Rez-de-chauss\u00e9e[\/et_pb_text][et_pb_image src=\"https:\/\/www.chateaucols.com\/wp-content\/uploads\/2023\/05\/Plan_Niveau0_FR_v02.jpg\" title_text=\"Plan_Niveau0_EN_v02\" show_in_lightbox=\"on\" _builder_version=\"4.21.0\" _module_preset=\"default\" global_colors_info=\"{}\"][\/et_pb_image][\/et_pb_column][\/et_pb_row][et_pb_row _builder_version=\"4.20.4\" _module_preset=\"default\" module_alignment=\"center\" custom_padding=\"||60px||false|false\"&hellip;","og_url":"https:\/\/www.chateaucols.com\/de\/plans\/","og_site_name":"Chateau de Cols","article_modified_time":"2024-12-30T10:05:20+00:00","og_image":[{"width":1200,"height":675,"url":"https:\/\/www.chateaucols.com\/wp-content\/uploads\/2023\/10\/ChateauDeCols.jpg","type":"image\/jpeg"}],"twitter_card":"summary_large_image","schema":{"@context":"https:\/\/schema.org","@graph":[{"@type":"WebPage","@id":"https:\/\/www.chateaucols.com\/de\/plans\/","url":"https:\/\/www.chateaucols.com\/de\/plans\/","name":"Plans - Chateau de Cols","isPartOf":{"@id":"https:\/\/www.chateaucols.com\/#website"},"datePublished":"2023-05-03T14:29:08+00:00","dateModified":"2024-12-30T10:05:20+00:00","inLanguage":"de","potentialAction":[{"@type":"ReadAction","target":["https:\/\/www.chateaucols.com\/de\/plans\/"]}]},{"@type":"WebSite","@id":"https:\/\/www.chateaucols.com\/de\/#website","url":"https:\/\/www.chateaucols.com\/de\/","name":"Chateau de Cols","description":"Site de pr\u00e9sentation du ch\u00e2teau de Cols \u00e0 Junhac au centre de l&#039;Auvergne","potentialAction":[{"@type":"SearchAction","target":{"@type":"EntryPoint","urlTemplate":"https:\/\/www.chateaucols.com\/de\/?s={search_term_string}"},"query-input":{"@type":"PropertyValueSpecification","valueRequired":true,"valueName":"search_term_string"}}],"inLanguage":"de"}]}},"_links":{"self":[{"href":"https:\/\/www.chateaucols.com\/de\/wp-json\/wp\/v2\/pages\/162","targetHints":{"allow":["GET"]}}],"collection":[{"href":"https:\/\/www.chateaucols.com\/de\/wp-json\/wp\/v2\/pages"}],"about":[{"href":"https:\/\/www.chateaucols.com\/de\/wp-json\/wp\/v2\/types\/page"}],"author":[{"embeddable":true,"href":"https:\/\/www.chateaucols.com\/de\/wp-json\/wp\/v2\/users\/1"}],"replies":[{"embeddable":true,"href":"https:\/\/www.chateaucols.com\/de\/wp-json\/wp\/v2\/comments?post=162"}],"version-history":[{"count":20,"href":"https:\/\/www.chateaucols.com\/de\/wp-json\/wp\/v2\/pages\/162\/revisions"}],"predecessor-version":[{"id":1329,"href":"https:\/\/www.chateaucols.com\/de\/wp-json\/wp\/v2\/pages\/162\/revisions\/1329"}],"wp:attachment":[{"href":"https:\/\/www.chateaucols.com\/de\/wp-json\/wp\/v2\/media?parent=162"}],"curies":[{"name":"wp","href":"https:\/\/api.w.org\/{rel}","templated":true}]}}