{"id":171,"date":"2023-05-03T16:46:11","date_gmt":"2023-05-03T14:46:11","guid":{"rendered":"https:\/\/www.chateaucols.com\/?page_id=171"},"modified":"2023-07-31T21:58:03","modified_gmt":"2023-07-31T19:58:03","slug":"emplacement","status":"publish","type":"page","link":"https:\/\/www.chateaucols.com\/de\/emplacement\/","title":{"rendered":"Emplacement"},"content":{"rendered":"<p>[et_pb_section fb_built=&#8220;1&#8243; fullwidth=&#8220;on&#8220; disabled_on=&#8220;on|on|off&#8220; _builder_version=&#8220;4.20.4&#8243; _module_preset=&#8220;default&#8220; locked=&#8220;off&#8220; global_colors_info=&#8220;{}&#8220;][et_pb_fullwidth_image title_text=&#8220;ChateauDeCols&#8220; _builder_version=&#8220;4.20.4&#8243; _module_preset=&#8220;default&#8220; background_color=&#8220;#555555&#8243; height=&#8220;130px&#8220; global_colors_info=&#8220;{}&#8220;][\/et_pb_fullwidth_image][\/et_pb_section][et_pb_section fb_built=&#8220;1&#8243; _builder_version=&#8220;4.20.4&#8243; _module_preset=&#8220;default&#8220; custom_padding=&#8220;||0px|||&#8220; global_colors_info=&#8220;{}&#8220;][et_pb_row _builder_version=&#8220;4.20.4&#8243; _module_preset=&#8220;default&#8220; module_alignment=&#8220;center&#8220; custom_padding=&#8220;40px||60px||false|false&#8220; global_colors_info=&#8220;{}&#8220;][et_pb_column type=&#8220;4_4&#8243; _builder_version=&#8220;4.20.4&#8243; _module_preset=&#8220;default&#8220; global_colors_info=&#8220;{}&#8220;][et_pb_text _builder_version=&#8220;4.20.4&#8243; _module_preset=&#8220;default&#8220; text_text_color=&#8220;#555555&#8243; content_de_de=&#8220;<\/p>\n<h1 style=%22text-align: center;%22><span class=%22HwtZe%22 jsaction=%22mouseup:Sxi9L,BR6jm; mousedown:qjlr0e%22 jsname=%22jqKxS%22 lang=%22de%22><span jsaction=%22agoMJf:PFBcW;MZfLnc:P7O7bd;nt4Alf:pvnm0e,pfE8Hb,PFBcW;B01qod:dJXsye;H1e5u:iXtTIf;lYIUJf:hij5Wb;bmeZHc:iURhpf;Oxj3Xe:qAKMYb,yaf12d%22 jsname=%22txFAF%22 class=%22jCAhz ChMk0b%22 jscontroller=%22Gn4SMb%22><span class=%22ryNqvb%22 jsaction=%22click:E6Tfl,GFf3ac,tMZCfe; contextmenu:Nqw7Te,QP7LD; mouseout:Nqw7Te; mouseover:E6Tfl,c2aHje%22 jsname=%22W297wb%22>Standort<\/span><\/span><\/span><\/h1>\n<p>&#8220; content_en_us=&#8220;<\/p>\n<h1 style=%22text-align: center;%22><span class=%22HwtZe%22 jsaction=%22mouseup:Sxi9L,BR6jm; mousedown:qjlr0e%22 jsname=%22jqKxS%22 lang=%22en%22><span jsaction=%22agoMJf:PFBcW;MZfLnc:P7O7bd;nt4Alf:pvnm0e,pfE8Hb,PFBcW;B01qod:dJXsye;H1e5u:iXtTIf;lYIUJf:hij5Wb;bmeZHc:iURhpf;Oxj3Xe:qAKMYb,yaf12d%22 jsname=%22txFAF%22 class=%22jCAhz ChMk0b%22 jscontroller=%22Gn4SMb%22><span class=%22ryNqvb%22 jsaction=%22click:E6Tfl,GFf3ac,tMZCfe; contextmenu:Nqw7Te,QP7LD; mouseout:Nqw7Te; mouseover:E6Tfl,c2aHje%22 jsname=%22W297wb%22>Location<\/span><\/span><\/span><\/h1>\n<p>&#8220; global_colors_info=&#8220;{}&#8220;]<\/p>\n<h1 style=\"text-align: center;\">Emplacement<\/h1>\n<p>[\/et_pb_text][et_pb_text _builder_version=&#8220;4.21.0&#8243; _module_preset=&#8220;default&#8220; text_text_color=&#8220;#555555&#8243; text_font_size=&#8220;18px&#8220; text_line_height=&#8220;1.8em&#8220; width=&#8220;70%&#8220; module_alignment=&#8220;center&#8220; hover_enabled=&#8220;0&#8243; content_de_de=&#8220;<\/p>\n<p><strong>Junhac<\/strong> ist eine Gemeinde mit 293 Einwohnern am Fl\u00fcsschen <span><a href=%22https:\/\/de.wikipedia.org\/wiki\/Auze_(Lot)%22>Auze<\/a> gelegen<\/span>. Das Schlossanwesen liegt etwa 3 km von dieser kleinen Gemeinde entfernt. Die n\u00e4chsten Einkaufsm\u00f6glichkeiten wie Supermarkt, B\u00e4cker und Metzger, Apotheke und Arzt finden Sie in Lafeuillade-en-V\u00e9zie oder in Montsalvy in jeweils etwa 10 km Entfernung.<\/p>\n<p><strong>Aurillac<\/strong> mit Bahnhof und kleinem Flughafen, der regelm\u00e4\u00dfige Verbindungen nach Paris anbietet, ist 30km entfernt.<\/p>\n<p><strong>Entfernung<\/strong> zu:<br \/>Rodez: 65 km<br \/>Montpellier: 230 km<br \/>Lyon: 320 km<br \/>Paris: 587 km<\/p>\n<p>&#8220; content_en_us=&#8220;<\/p>\n<p><strong>Junhac<\/strong> is a community with 293 inhabitants near the river <span><a href=%22https:\/\/de.wikipedia.org\/wiki\/Auze_(Lot)%22>Auze<\/a><\/span>. The chateau is located about 3 km from this small community. The nearest shops such as a supermarket, bakery and butcher, pharmacy and a doctor can be found in Lafeuillade-en-V\u00e9zie or in Montsalvy , each around 10 km away.<\/p>\n<p><strong>Aurillac<\/strong> with its train station and small airport offering regular connections to Paris is 30km away.<\/p>\n<p><strong>distance to<br \/><\/strong>Rodez: 65km<br \/>Montpellier: 230km<br \/>Lyon: 320km<br \/>Paris: 587km<\/p>\n<p>&#8220; locked=&#8220;off&#8220; global_colors_info=&#8220;{}&#8220; sticky_enabled=&#8220;0&#8243;]<\/p>\n<p><strong>Junhac<\/strong> est une commune de 293 habitants au bord de la rivi\u00e8re l\u2019Auze. Le domaine du ch\u00e2teau est \u00e0 environ 3 km de cette petite commune. Les commerces les plus proches (supermarch\u00e9, boulangerie, boucherie, coiffure) ainsi qu\u2019une pharmacie et un m\u00e9decin se trouvent \u00e0 Lafeuillade-en-V\u00e9zie ou \u00e0 Montsalvy, chacun \u00e0 environ 10 km.<\/p>\n<p><strong>Aurillac<\/strong>, avec sa gare ferroviaire et routi\u00e8re, son petit a\u00e9roport offrant des liaisons r\u00e9guli\u00e8res vers Paris, se situe \u00e0 30 km.<\/p>\n<p><strong>Distance de :<\/strong><br \/>Rodez : 65 km<br \/>Montpellier : 230 km<br \/>Lyon : 320 km<br \/>Paris : 587 km<\/p>\n<p>[\/et_pb_text][et_pb_code _builder_version=&#8220;4.20.4&#8243; _module_preset=&#8220;default&#8220; global_colors_info=&#8220;{}&#8220;]<iframe src=\"https:\/\/www.google.com\/maps\/embed?pb=!1m18!1m12!1m3!1d1838.220641746788!2d2.440247780892506!3d44.721170806108134!2m3!1f0!2f0!3f0!3m2!1i1024!2i768!4f13.1!3m3!1m2!1s0x12ad5ff699a8a5e3%3A0x2ac05a092fc213bc!2sChateau%20de%20Cols!5e0!3m2!1sfr!2sfr!4v1683127042651!5m2!1sfr!2sfr\" width=\"100%\" height=\"600\" style=\"border:0;\" allowfullscreen=\"\" loading=\"lazy\" referrerpolicy=\"no-referrer-when-downgrade\"><\/iframe>[\/et_pb_code][\/et_pb_column][\/et_pb_row][\/et_pb_section]<\/p>\n","protected":false},"excerpt":{"rendered":"<p>EmplacementJunhac est une commune de 293 habitants au bord de la rivi\u00e8re l\u2019Auze. Le domaine du ch\u00e2teau est \u00e0 environ 3 km de cette petite commune. Les commerces les plus proches (supermarch\u00e9, boulangerie, boucherie, coiffure) ainsi qu\u2019une pharmacie et un m\u00e9decin se trouvent \u00e0 Lafeuillade-en-V\u00e9zie ou \u00e0 Montsalvy, chacun \u00e0 environ 10 km. Aurillac, avec sa gare ferroviaire et routi\u00e8re, son petit a\u00e9roport offrant des liaisons r\u00e9guli\u00e8res vers Paris, se situe \u00e0 30 km. Distance de :Rodez : 65 kmMontpellier : 230 kmLyon : 320 kmParis : 587 km<\/p>\n","protected":false},"author":1,"featured_media":0,"parent":0,"menu_order":0,"comment_status":"closed","ping_status":"closed","template":"","meta":{"_et_pb_use_builder":"on","_et_pb_old_content":"","_et_gb_content_width":"","footnotes":""},"class_list":["post-171","page","type-page","status-publish","hentry"],"yoast_head":"<!-- This site is optimized with the Yoast SEO plugin v27.4 - https:\/\/yoast.com\/product\/yoast-seo-wordpress\/ -->\n<title>Emplacement<\/title>\n<meta name=\"description\" content=\"[et_pb_section fb_built=&quot;1&quot; fullwidth=&quot;on&quot; disabled_on=&quot;on|on|off&quot; _builder_version=&quot;4.20.4&quot; _module_preset=&quot;default&quot; locked=&quot;off&quot; global_colors_info=&quot;{}&quot;][et_pb_fullwidth_image title_text=&quot;ChateauDeCols&quot; _builder_version=&quot;4.20.4&quot; _module_preset=&quot;default&quot; background_color=&quot;#555555&quot; height=&quot;130px&quot; global_colors_info=&quot;{}&quot;][\/et_pb_fullwidth_image][\/et_pb_section][et_pb_section fb_built=&quot;1&quot; _builder_version=&quot;4.20.4&quot; _module_preset=&quot;default&quot; custom_padding=&quot;||0px|||&quot; global_colors_info=&quot;{}&quot;][et_pb_row _builder_version=&quot;4.20.4&quot; _module_preset=&quot;default&quot; module_alignment=&quot;center&quot; custom_padding=&quot;40px||60px||false|false&quot; global_colors_info=&quot;{}&quot;][et_pb_column type=&quot;4_4&quot; _builder_version=&quot;4.20.4&quot; _module_preset=&quot;default&quot; global_colors_info=&quot;{}&quot;][et_pb_text _builder_version=&quot;4.20.4&quot; _module_preset=&quot;default&quot; text_text_color=&quot;#555555&quot; content_de_de=&quot;Standort&quot; content_en_us=&quot;Location&quot; global_colors_info=&quot;{}&quot;]Emplacement[\/et_pb_text][et_pb_text _builder_version=&quot;4.21.0&quot; _module_preset=&quot;default&quot; text_text_color=&quot;#555555&quot; text_font_size=&quot;18px&quot; text_line_height=&quot;1.8em&quot; width=&quot;70%&quot; module_alignment=&quot;center&quot; hover_enabled=&quot;0&quot; content_de_de=&quot;Junhac ist eine Gemeinde mit 293 Einwohnern am Fl\u00fcsschen Auze gelegen. Das Schlossanwesen&hellip;\" \/>\n<meta name=\"robots\" content=\"index, follow, max-snippet:-1, max-image-preview:large, max-video-preview:-1\" \/>\n<link rel=\"canonical\" href=\"http:\/\/[et_pb_section%20fb_built=1%20fullwidth=on%20disabled_on=on|on|off%20_builder_version=4.20.4%20_module_preset=default%20locked=off%20global_colors_info=][et_pb_fullwidth_image%20title_text=ChateauDeCols%20_builder_version=4.20.4%20_module_preset=default%20background_color=#555555%20height=130px%20global_colors_info=%5D%5B\/et_pb_fullwidth_image%5D%5B\/et_pb_section%5D%5Bet_pb_section%20fb_built=1%20_builder_version=4.20.4%20_module_preset=default%20custom_padding=||0px|||%20global_colors_info=%5D%5Bet_pb_row%20_builder_version=4.20.4%20_module_preset=default%20module_alignment=center%20custom_padding=40px||60px||false|false%20global_colors_info=%5D%5Bet_pb_column%20type=4_4%20_builder_version=4.20.4%20_module_preset=default%20global_colors_info=%5D%5Bet_pb_text%20_builder_version=4.20.4%20_module_preset=default%20text_text_color=#555555%20content_de_de=Standort%20content_en_us=Location%20global_colors_info=%5DEmplacement%5B\/et_pb_text%5D%5Bet_pb_text%20_builder_version=4.21.0%20_module_preset=default%20text_text_color=#555555%20text_font_size=18px%20text_line_height=1.8em%20width=70%%20module_alignment=center%20hover_enabled=0%20content_de_de=Junhac%20ist%20eine%20Gemeinde%20mit%20293%20Einwohnern%20am%20Fl\u00fcsschen%20Auze%20gelegen.%20Das%20Schlossanwesen&hellip;\" \/>\n<meta property=\"og:locale\" content=\"de_DE\" \/>\n<meta property=\"og:type\" content=\"article\" \/>\n<meta property=\"og:title\" content=\"Emplacement\" \/>\n<meta property=\"og:description\" content=\"[et_pb_section fb_built=&quot;1&quot; fullwidth=&quot;on&quot; disabled_on=&quot;on|on|off&quot; _builder_version=&quot;4.20.4&quot; _module_preset=&quot;default&quot; locked=&quot;off&quot; global_colors_info=&quot;{}&quot;][et_pb_fullwidth_image title_text=&quot;ChateauDeCols&quot; _builder_version=&quot;4.20.4&quot; _module_preset=&quot;default&quot; background_color=&quot;#555555&quot; height=&quot;130px&quot; global_colors_info=&quot;{}&quot;][\/et_pb_fullwidth_image][\/et_pb_section][et_pb_section fb_built=&quot;1&quot; _builder_version=&quot;4.20.4&quot; _module_preset=&quot;default&quot; custom_padding=&quot;||0px|||&quot; global_colors_info=&quot;{}&quot;][et_pb_row _builder_version=&quot;4.20.4&quot; _module_preset=&quot;default&quot; module_alignment=&quot;center&quot; custom_padding=&quot;40px||60px||false|false&quot; global_colors_info=&quot;{}&quot;][et_pb_column type=&quot;4_4&quot; _builder_version=&quot;4.20.4&quot; _module_preset=&quot;default&quot; global_colors_info=&quot;{}&quot;][et_pb_text _builder_version=&quot;4.20.4&quot; _module_preset=&quot;default&quot; text_text_color=&quot;#555555&quot; content_de_de=&quot;Standort&quot; content_en_us=&quot;Location&quot; global_colors_info=&quot;{}&quot;]Emplacement[\/et_pb_text][et_pb_text _builder_version=&quot;4.21.0&quot; _module_preset=&quot;default&quot; text_text_color=&quot;#555555&quot; text_font_size=&quot;18px&quot; text_line_height=&quot;1.8em&quot; width=&quot;70%&quot; module_alignment=&quot;center&quot; hover_enabled=&quot;0&quot; content_de_de=&quot;Junhac ist eine Gemeinde mit 293 Einwohnern am Fl\u00fcsschen Auze gelegen. Das Schlossanwesen&hellip;\" \/>\n<meta property=\"og:url\" content=\"https:\/\/www.chateaucols.com\/de\/emplacement\/\" \/>\n<meta property=\"og:site_name\" content=\"Chateau de Cols\" \/>\n<meta property=\"article:modified_time\" content=\"2023-07-31T19:58:03+00:00\" \/>\n<meta property=\"og:image\" content=\"https:\/\/www.chateaucols.com\/wp-content\/uploads\/2023\/10\/ChateauDeCols.jpg\" \/>\n\t<meta property=\"og:image:width\" content=\"1200\" \/>\n\t<meta property=\"og:image:height\" content=\"675\" \/>\n\t<meta property=\"og:image:type\" content=\"image\/jpeg\" \/>\n<meta name=\"twitter:card\" content=\"summary_large_image\" \/>\n<script type=\"application\/ld+json\" class=\"yoast-schema-graph\">{\"@context\":\"https:\\\/\\\/schema.org\",\"@graph\":[{\"@type\":\"WebPage\",\"@id\":\"https:\\\/\\\/www.chateaucols.com\\\/de\\\/emplacement\\\/\",\"url\":\"https:\\\/\\\/www.chateaucols.com\\\/de\\\/emplacement\\\/\",\"name\":\"Emplacement - Chateau de Cols\",\"isPartOf\":{\"@id\":\"https:\\\/\\\/www.chateaucols.com\\\/#website\"},\"datePublished\":\"2023-05-03T14:46:11+00:00\",\"dateModified\":\"2023-07-31T19:58:03+00:00\",\"inLanguage\":\"de\",\"potentialAction\":[{\"@type\":\"ReadAction\",\"target\":[\"https:\\\/\\\/www.chateaucols.com\\\/de\\\/emplacement\\\/\"]}]},{\"@type\":\"WebSite\",\"@id\":\"https:\\\/\\\/www.chateaucols.com\\\/de\\\/#website\",\"url\":\"https:\\\/\\\/www.chateaucols.com\\\/de\\\/\",\"name\":\"Chateau de Cols\",\"description\":\"Site de pr\u00e9sentation du ch\u00e2teau de Cols \u00e0 Junhac au centre de l&#039;Auvergne\",\"potentialAction\":[{\"@type\":\"SearchAction\",\"target\":{\"@type\":\"EntryPoint\",\"urlTemplate\":\"https:\\\/\\\/www.chateaucols.com\\\/de\\\/?s={search_term_string}\"},\"query-input\":{\"@type\":\"PropertyValueSpecification\",\"valueRequired\":true,\"valueName\":\"search_term_string\"}}],\"inLanguage\":\"de\"}]}<\/script>\n<!-- \/ Yoast SEO plugin. -->","yoast_head_json":{"title":"Emplacement","description":"[et_pb_section fb_built=\"1\" fullwidth=\"on\" disabled_on=\"on|on|off\" _builder_version=\"4.20.4\" _module_preset=\"default\" locked=\"off\" global_colors_info=\"{}\"][et_pb_fullwidth_image title_text=\"ChateauDeCols\" _builder_version=\"4.20.4\" _module_preset=\"default\" background_color=\"#555555\" height=\"130px\" global_colors_info=\"{}\"][\/et_pb_fullwidth_image][\/et_pb_section][et_pb_section fb_built=\"1\" _builder_version=\"4.20.4\" _module_preset=\"default\" custom_padding=\"||0px|||\" global_colors_info=\"{}\"][et_pb_row _builder_version=\"4.20.4\" _module_preset=\"default\" module_alignment=\"center\" custom_padding=\"40px||60px||false|false\" global_colors_info=\"{}\"][et_pb_column type=\"4_4\" _builder_version=\"4.20.4\" _module_preset=\"default\" global_colors_info=\"{}\"][et_pb_text _builder_version=\"4.20.4\" _module_preset=\"default\" text_text_color=\"#555555\" content_de_de=\"Standort\" content_en_us=\"Location\" global_colors_info=\"{}\"]Emplacement[\/et_pb_text][et_pb_text _builder_version=\"4.21.0\" _module_preset=\"default\" text_text_color=\"#555555\" text_font_size=\"18px\" text_line_height=\"1.8em\" width=\"70%\" module_alignment=\"center\" hover_enabled=\"0\" content_de_de=\"Junhac ist eine Gemeinde mit 293 Einwohnern am Fl\u00fcsschen Auze gelegen. Das Schlossanwesen&hellip;","robots":{"index":"index","follow":"follow","max-snippet":"max-snippet:-1","max-image-preview":"max-image-preview:large","max-video-preview":"max-video-preview:-1"},"canonical":"[et_pb_section fb_built=\"1\" fullwidth=\"on\" disabled_on=\"on|on|off\" _builder_version=\"4.20.4\" _module_preset=\"default\" locked=\"off\" global_colors_info=\"{}\"][et_pb_fullwidth_image title_text=\"ChateauDeCols\" _builder_version=\"4.20.4\" _module_preset=\"default\" background_color=\"#555555\" height=\"130px\" global_colors_info=\"{}\"][\/et_pb_fullwidth_image][\/et_pb_section][et_pb_section fb_built=\"1\" _builder_version=\"4.20.4\" _module_preset=\"default\" custom_padding=\"||0px|||\" global_colors_info=\"{}\"][et_pb_row _builder_version=\"4.20.4\" _module_preset=\"default\" module_alignment=\"center\" custom_padding=\"40px||60px||false|false\" global_colors_info=\"{}\"][et_pb_column type=\"4_4\" _builder_version=\"4.20.4\" _module_preset=\"default\" global_colors_info=\"{}\"][et_pb_text _builder_version=\"4.20.4\" _module_preset=\"default\" text_text_color=\"#555555\" content_de_de=\"Standort\" content_en_us=\"Location\" global_colors_info=\"{}\"]Emplacement[\/et_pb_text][et_pb_text _builder_version=\"4.21.0\" _module_preset=\"default\" text_text_color=\"#555555\" text_font_size=\"18px\" text_line_height=\"1.8em\" width=\"70%\" module_alignment=\"center\" hover_enabled=\"0\" content_de_de=\"Junhac ist eine Gemeinde mit 293 Einwohnern am Fl\u00fcsschen Auze gelegen. Das Schlossanwesen&hellip;","og_locale":"de_DE","og_type":"article","og_title":"Emplacement","og_description":"[et_pb_section fb_built=\"1\" fullwidth=\"on\" disabled_on=\"on|on|off\" _builder_version=\"4.20.4\" _module_preset=\"default\" locked=\"off\" global_colors_info=\"{}\"][et_pb_fullwidth_image title_text=\"ChateauDeCols\" _builder_version=\"4.20.4\" _module_preset=\"default\" background_color=\"#555555\" height=\"130px\" global_colors_info=\"{}\"][\/et_pb_fullwidth_image][\/et_pb_section][et_pb_section fb_built=\"1\" _builder_version=\"4.20.4\" _module_preset=\"default\" custom_padding=\"||0px|||\" global_colors_info=\"{}\"][et_pb_row _builder_version=\"4.20.4\" _module_preset=\"default\" module_alignment=\"center\" custom_padding=\"40px||60px||false|false\" global_colors_info=\"{}\"][et_pb_column type=\"4_4\" _builder_version=\"4.20.4\" _module_preset=\"default\" global_colors_info=\"{}\"][et_pb_text _builder_version=\"4.20.4\" _module_preset=\"default\" text_text_color=\"#555555\" content_de_de=\"Standort\" content_en_us=\"Location\" global_colors_info=\"{}\"]Emplacement[\/et_pb_text][et_pb_text _builder_version=\"4.21.0\" _module_preset=\"default\" text_text_color=\"#555555\" text_font_size=\"18px\" text_line_height=\"1.8em\" width=\"70%\" module_alignment=\"center\" hover_enabled=\"0\" content_de_de=\"Junhac ist eine Gemeinde mit 293 Einwohnern am Fl\u00fcsschen Auze gelegen. Das Schlossanwesen&hellip;","og_url":"https:\/\/www.chateaucols.com\/de\/emplacement\/","og_site_name":"Chateau de Cols","article_modified_time":"2023-07-31T19:58:03+00:00","og_image":[{"width":1200,"height":675,"url":"https:\/\/www.chateaucols.com\/wp-content\/uploads\/2023\/10\/ChateauDeCols.jpg","type":"image\/jpeg"}],"twitter_card":"summary_large_image","schema":{"@context":"https:\/\/schema.org","@graph":[{"@type":"WebPage","@id":"https:\/\/www.chateaucols.com\/de\/emplacement\/","url":"https:\/\/www.chateaucols.com\/de\/emplacement\/","name":"Emplacement - Chateau de Cols","isPartOf":{"@id":"https:\/\/www.chateaucols.com\/#website"},"datePublished":"2023-05-03T14:46:11+00:00","dateModified":"2023-07-31T19:58:03+00:00","inLanguage":"de","potentialAction":[{"@type":"ReadAction","target":["https:\/\/www.chateaucols.com\/de\/emplacement\/"]}]},{"@type":"WebSite","@id":"https:\/\/www.chateaucols.com\/de\/#website","url":"https:\/\/www.chateaucols.com\/de\/","name":"Chateau de Cols","description":"Site de pr\u00e9sentation du ch\u00e2teau de Cols \u00e0 Junhac au centre de l&#039;Auvergne","potentialAction":[{"@type":"SearchAction","target":{"@type":"EntryPoint","urlTemplate":"https:\/\/www.chateaucols.com\/de\/?s={search_term_string}"},"query-input":{"@type":"PropertyValueSpecification","valueRequired":true,"valueName":"search_term_string"}}],"inLanguage":"de"}]}},"_links":{"self":[{"href":"https:\/\/www.chateaucols.com\/de\/wp-json\/wp\/v2\/pages\/171","targetHints":{"allow":["GET"]}}],"collection":[{"href":"https:\/\/www.chateaucols.com\/de\/wp-json\/wp\/v2\/pages"}],"about":[{"href":"https:\/\/www.chateaucols.com\/de\/wp-json\/wp\/v2\/types\/page"}],"author":[{"embeddable":true,"href":"https:\/\/www.chateaucols.com\/de\/wp-json\/wp\/v2\/users\/1"}],"replies":[{"embeddable":true,"href":"https:\/\/www.chateaucols.com\/de\/wp-json\/wp\/v2\/comments?post=171"}],"version-history":[{"count":5,"href":"https:\/\/www.chateaucols.com\/de\/wp-json\/wp\/v2\/pages\/171\/revisions"}],"predecessor-version":[{"id":912,"href":"https:\/\/www.chateaucols.com\/de\/wp-json\/wp\/v2\/pages\/171\/revisions\/912"}],"wp:attachment":[{"href":"https:\/\/www.chateaucols.com\/de\/wp-json\/wp\/v2\/media?parent=171"}],"curies":[{"name":"wp","href":"https:\/\/api.w.org\/{rel}","templated":true}]}}