{"id":914,"date":"2023-08-01T10:53:25","date_gmt":"2023-08-01T08:53:25","guid":{"rendered":"https:\/\/www.chateaucols.com\/boutique\/"},"modified":"2023-08-01T10:53:25","modified_gmt":"2023-08-01T08:53:25","slug":"boutique","status":"publish","type":"page","link":"https:\/\/www.chateaucols.com\/de\/boutique\/","title":{"rendered":"Boutique"},"content":{"rendered":"","protected":false},"excerpt":{"rendered":"","protected":false},"author":1,"featured_media":0,"parent":0,"menu_order":0,"comment_status":"closed","ping_status":"closed","template":"","meta":{"_et_pb_use_builder":"","_et_pb_old_content":"","_et_gb_content_width":"","footnotes":""},"class_list":["post-914","page","type-page","status-publish","hentry"],"yoast_head":"<!-- This site is optimized with the Yoast SEO plugin v27.3 - https:\/\/yoast.com\/product\/yoast-seo-wordpress\/ -->\n<title>Boutique<\/title>\n<meta name=\"robots\" content=\"index, follow, max-snippet:-1, max-image-preview:large, max-video-preview:-1\" \/>\n<meta property=\"og:locale\" content=\"de_DE\" \/>\n<meta property=\"og:type\" content=\"article\" \/>\n<meta property=\"og:title\" content=\"Boutique\" \/>\n<meta property=\"og:url\" content=\"https:\/\/www.chateaucols.com\/de\/boutique\/\" \/>\n<meta property=\"og:site_name\" content=\"Chateau de Cols\" \/>\n<meta property=\"og:image\" content=\"https:\/\/www.chateaucols.com\/wp-content\/uploads\/2023\/10\/ChateauDeCols.jpg\" \/>\n\t<meta property=\"og:image:width\" content=\"1200\" \/>\n\t<meta property=\"og:image:height\" content=\"675\" \/>\n\t<meta property=\"og:image:type\" content=\"image\/jpeg\" \/>\n<meta name=\"twitter:card\" content=\"summary_large_image\" \/>\n<script type=\"application\/ld+json\" class=\"yoast-schema-graph\">{\"@context\":\"https:\\\/\\\/schema.org\",\"@graph\":[{\"@type\":\"WebPage\",\"@id\":\"https:\\\/\\\/www.chateaucols.com\\\/de\\\/boutique\\\/\",\"url\":\"https:\\\/\\\/www.chateaucols.com\\\/de\\\/boutique\\\/\",\"name\":\"Boutique - Chateau de Cols\",\"isPartOf\":{\"@id\":\"https:\\\/\\\/www.chateaucols.com\\\/#website\"},\"datePublished\":\"2023-08-01T08:53:25+00:00\",\"inLanguage\":\"de\",\"potentialAction\":[{\"@type\":\"ReadAction\",\"target\":[\"https:\\\/\\\/www.chateaucols.com\\\/de\\\/boutique\\\/\"]}]},{\"@type\":\"WebSite\",\"@id\":\"https:\\\/\\\/www.chateaucols.com\\\/de\\\/#website\",\"url\":\"https:\\\/\\\/www.chateaucols.com\\\/de\\\/\",\"name\":\"Chateau de Cols\",\"description\":\"Site de pr\u00e9sentation du ch\u00e2teau de Cols \u00e0 Junhac au centre de l&#039;Auvergne\",\"potentialAction\":[{\"@type\":\"SearchAction\",\"target\":{\"@type\":\"EntryPoint\",\"urlTemplate\":\"https:\\\/\\\/www.chateaucols.com\\\/de\\\/?s={search_term_string}\"},\"query-input\":{\"@type\":\"PropertyValueSpecification\",\"valueRequired\":true,\"valueName\":\"search_term_string\"}}],\"inLanguage\":\"de\"}]}<\/script>\n<!-- \/ Yoast SEO plugin. -->","yoast_head_json":{"title":"Boutique","robots":{"index":"index","follow":"follow","max-snippet":"max-snippet:-1","max-image-preview":"max-image-preview:large","max-video-preview":"max-video-preview:-1"},"og_locale":"de_DE","og_type":"article","og_title":"Boutique","og_url":"https:\/\/www.chateaucols.com\/de\/boutique\/","og_site_name":"Chateau de Cols","og_image":[{"width":1200,"height":675,"url":"https:\/\/www.chateaucols.com\/wp-content\/uploads\/2023\/10\/ChateauDeCols.jpg","type":"image\/jpeg"}],"twitter_card":"summary_large_image","schema":{"@context":"https:\/\/schema.org","@graph":[{"@type":"WebPage","@id":"https:\/\/www.chateaucols.com\/de\/boutique\/","url":"https:\/\/www.chateaucols.com\/de\/boutique\/","name":"Boutique - Chateau de Cols","isPartOf":{"@id":"https:\/\/www.chateaucols.com\/#website"},"datePublished":"2023-08-01T08:53:25+00:00","inLanguage":"de","potentialAction":[{"@type":"ReadAction","target":["https:\/\/www.chateaucols.com\/de\/boutique\/"]}]},{"@type":"WebSite","@id":"https:\/\/www.chateaucols.com\/de\/#website","url":"https:\/\/www.chateaucols.com\/de\/","name":"Chateau de Cols","description":"Site de pr\u00e9sentation du ch\u00e2teau de Cols \u00e0 Junhac au centre de l&#039;Auvergne","potentialAction":[{"@type":"SearchAction","target":{"@type":"EntryPoint","urlTemplate":"https:\/\/www.chateaucols.com\/de\/?s={search_term_string}"},"query-input":{"@type":"PropertyValueSpecification","valueRequired":true,"valueName":"search_term_string"}}],"inLanguage":"de"}]}},"_links":{"self":[{"href":"https:\/\/www.chateaucols.com\/de\/wp-json\/wp\/v2\/pages\/914","targetHints":{"allow":["GET"]}}],"collection":[{"href":"https:\/\/www.chateaucols.com\/de\/wp-json\/wp\/v2\/pages"}],"about":[{"href":"https:\/\/www.chateaucols.com\/de\/wp-json\/wp\/v2\/types\/page"}],"author":[{"embeddable":true,"href":"https:\/\/www.chateaucols.com\/de\/wp-json\/wp\/v2\/users\/1"}],"replies":[{"embeddable":true,"href":"https:\/\/www.chateaucols.com\/de\/wp-json\/wp\/v2\/comments?post=914"}],"version-history":[{"count":0,"href":"https:\/\/www.chateaucols.com\/de\/wp-json\/wp\/v2\/pages\/914\/revisions"}],"wp:attachment":[{"href":"https:\/\/www.chateaucols.com\/de\/wp-json\/wp\/v2\/media?parent=914"}],"curies":[{"name":"wp","href":"https:\/\/api.w.org\/{rel}","templated":true}]}}