{"id":1033,"date":"2023-09-13T16:50:09","date_gmt":"2023-09-13T14:50:09","guid":{"rendered":"https:\/\/www.chateaucols.com\/?page_id=1033"},"modified":"2023-09-13T17:08:51","modified_gmt":"2023-09-13T15:08:51","slug":"paiement-annule","status":"publish","type":"page","link":"https:\/\/www.chateaucols.com\/en\/paiement-annule\/","title":{"rendered":"Paiement annul\u00e9"},"content":{"rendered":"<p>[et_pb_section fb_built=&#8221;1&#8243; fullwidth=&#8221;on&#8221; disabled_on=&#8221;on|on|off&#8221; _builder_version=&#8221;4.20.4&#8243; _module_preset=&#8221;default&#8221; locked=&#8221;off&#8221; global_colors_info=&#8221;{}&#8221;][et_pb_fullwidth_image title_text=&#8221;ChateauDeCols&#8221; _builder_version=&#8221;4.20.4&#8243; _module_preset=&#8221;default&#8221; background_color=&#8221;#555555&#8243; height=&#8221;130px&#8221; global_colors_info=&#8221;{}&#8221;][\/et_pb_fullwidth_image][\/et_pb_section][et_pb_section fb_built=&#8221;1&#8243; _builder_version=&#8221;4.22.1&#8243; _module_preset=&#8221;default&#8221; locked=&#8221;off&#8221; global_colors_info=&#8221;{}&#8221;][et_pb_row _builder_version=&#8221;4.22.1&#8243; _module_preset=&#8221;default&#8221; global_colors_info=&#8221;{}&#8221;][et_pb_column type=&#8221;4_4&#8243; _builder_version=&#8221;4.22.1&#8243; _module_preset=&#8221;default&#8221; global_colors_info=&#8221;{}&#8221;][et_pb_text _builder_version=&#8221;4.22.1&#8243; _module_preset=&#8221;default&#8221; content_de_de=&#8221;<\/p>\n<h2 style=%22text-align: center;%22><span class=%22HwtZe%22 jsaction=%22mouseup:Sxi9L,BR6jm; mousedown:qjlr0e%22 jsname=%22jqKxS%22 lang=%22de%22><span jsaction=%22agoMJf:PFBcW;MZfLnc:P7O7bd;nt4Alf:pvnm0e,pfE8Hb,PFBcW;B01qod:dJXsye;H1e5u:iXtTIf;lYIUJf:hij5Wb;bmeZHc:iURhpf;Oxj3Xe:qAKMYb,yaf12d%22 jsname=%22txFAF%22 class=%22jCAhz ChMk0b%22 jscontroller=%22Gn4SMb%22><span class=%22ryNqvb%22 jsaction=%22click:E6Tfl,GFf3ac,tMZCfe; contextmenu:Nqw7Te,QP7LD; mouseout:Nqw7Te; mouseover:E6Tfl,c2aHje%22 jsname=%22W297wb%22>Zahlung storniert<\/span><\/span><\/span><\/h2>\n<p>&#8221; content_en_us=&#8221;<\/p>\n<h2 style=%22text-align: center;%22><span class=%22HwtZe%22 jsaction=%22mouseup:Sxi9L,BR6jm; mousedown:qjlr0e%22 jsname=%22jqKxS%22 lang=%22en%22><span jsaction=%22agoMJf:PFBcW;MZfLnc:P7O7bd;nt4Alf:pvnm0e,pfE8Hb,PFBcW;B01qod:dJXsye;H1e5u:iXtTIf;lYIUJf:hij5Wb;bmeZHc:iURhpf;Oxj3Xe:qAKMYb,yaf12d%22 jsname=%22txFAF%22 class=%22jCAhz ChMk0b%22 jscontroller=%22Gn4SMb%22><span class=%22ryNqvb%22 jsaction=%22click:E6Tfl,GFf3ac,tMZCfe; contextmenu:Nqw7Te,QP7LD; mouseout:Nqw7Te; mouseover:E6Tfl,c2aHje%22 jsname=%22W297wb%22>Payment cancelled<\/span><\/span><\/span><\/h2>\n<p>&#8221; global_colors_info=&#8221;{}&#8221;]<\/p>\n<h1 style=\"text-align: center;\">Paiement annul\u00e9<\/h1>\n<p>[\/et_pb_text][et_pb_text _builder_version=&#8221;4.22.1&#8243; _module_preset=&#8221;default&#8221; hover_enabled=&#8221;0&#8243; content_de_de=&#8221;<\/p>\n<p><span class=%22HwtZe%22 jsaction=%22mouseup:Sxi9L,BR6jm; mousedown:qjlr0e%22 jsname=%22jqKxS%22 lang=%22de%22><span jsaction=%22agoMJf:PFBcW;MZfLnc:P7O7bd;nt4Alf:pvnm0e,pfE8Hb,PFBcW;B01qod:dJXsye;H1e5u:iXtTIf;lYIUJf:hij5Wb;bmeZHc:iURhpf;Oxj3Xe:qAKMYb,yaf12d%22 jsname=%22txFAF%22 class=%22jCAhz ChMk0b%22 jscontroller=%22Gn4SMb%22><span class=%22ryNqvb%22 jsaction=%22click:E6Tfl,GFf3ac,tMZCfe; contextmenu:Nqw7Te,QP7LD; mouseout:Nqw7Te; mouseover:E6Tfl,c2aHje%22 jsname=%22W297wb%22>Es tut uns leid, aber Ihre <strong>Zahlung wurde storniert<\/strong>.<\/span><\/span><\/span><br \/><span class=%22HwtZe%22 jsaction=%22mouseup:Sxi9L,BR6jm; mousedown:qjlr0e%22 jsname=%22jqKxS%22 lang=%22de%22><span jsaction=%22agoMJf:PFBcW;MZfLnc:P7O7bd;nt4Alf:pvnm0e,pfE8Hb,PFBcW;B01qod:dJXsye;H1e5u:iXtTIf;lYIUJf:hij5Wb;bmeZHc:iURhpf;Oxj3Xe:qAKMYb,yaf12d%22 jsname=%22txFAF%22 class=%22jCAhz ChMk0b%22 jscontroller=%22Gn4SMb%22><span class=%22ryNqvb%22 jsaction=%22click:E6Tfl,GFf3ac,tMZCfe; contextmenu:Nqw7Te,QP7LD; mouseout:Nqw7Te; mouseover:E6Tfl,c2aHje%22 jsname=%22W297wb%22>Bitte versuche es erneut.<\/span><\/span><\/span><\/p>\n<p><span class=%22HwtZe%22 jsaction=%22mouseup:Sxi9L,BR6jm; mousedown:qjlr0e%22 jsname=%22jqKxS%22 lang=%22de%22><span jsaction=%22agoMJf:PFBcW;MZfLnc:P7O7bd;nt4Alf:pvnm0e,pfE8Hb,PFBcW;B01qod:dJXsye;H1e5u:iXtTIf;lYIUJf:hij5Wb;bmeZHc:iURhpf;Oxj3Xe:qAKMYb,yaf12d%22 jsname=%22txFAF%22 class=%22jCAhz ChMk0b%22 jscontroller=%22Gn4SMb%22><span class=%22ryNqvb%22 jsaction=%22click:E6Tfl,GFf3ac,tMZCfe; contextmenu:Nqw7Te,QP7LD; mouseout:Nqw7Te; mouseover:E6Tfl,c2aHje%22 jsname=%22W297wb%22>Aufrichtig,<br \/>das Team von Ch\u00e2teau de Cols<\/span><\/span><\/span><br \/><span style=%22font-family: Helvetica; color: black; font-size: xx-small;%22><span style=%22font-size: 12px; font-weight: normal; text-transform: none;%22><\/span><\/span><\/p>\n<p>&#8221; content_en_us=&#8221;<\/p>\n<p><span class=%22HwtZe%22 jsaction=%22mouseup:Sxi9L,BR6jm; mousedown:qjlr0e%22 jsname=%22jqKxS%22 lang=%22en%22><span jsaction=%22agoMJf:PFBcW;MZfLnc:P7O7bd;nt4Alf:pvnm0e,pfE8Hb,PFBcW;B01qod:dJXsye;H1e5u:iXtTIf;lYIUJf:hij5Wb;bmeZHc:iURhpf;Oxj3Xe:qAKMYb,yaf12d%22 jsname=%22txFAF%22 class=%22jCAhz ChMk0b%22 jscontroller=%22Gn4SMb%22><span class=%22ryNqvb%22 jsaction=%22click:E6Tfl,GFf3ac,tMZCfe; contextmenu:Nqw7Te,QP7LD; mouseout:Nqw7Te; mouseover:E6Tfl,c2aHje%22 jsname=%22W297wb%22>We&#8217;re sorry but your <strong>payment has been cancelled<\/strong>.<\/span><\/span><\/span><br \/><span class=%22HwtZe%22 jsaction=%22mouseup:Sxi9L,BR6jm; mousedown:qjlr0e%22 jsname=%22jqKxS%22 lang=%22en%22><span jsaction=%22agoMJf:PFBcW;MZfLnc:P7O7bd;nt4Alf:pvnm0e,pfE8Hb,PFBcW;B01qod:dJXsye;H1e5u:iXtTIf;lYIUJf:hij5Wb;bmeZHc:iURhpf;Oxj3Xe:qAKMYb,yaf12d%22 jsname=%22txFAF%22 class=%22jCAhz ChMk0b%22 jscontroller=%22Gn4SMb%22><span class=%22ryNqvb%22 jsaction=%22click:E6Tfl,GFf3ac,tMZCfe; contextmenu:Nqw7Te,QP7LD; mouseout:Nqw7Te; mouseover:E6Tfl,c2aHje%22 jsname=%22W297wb%22>Please try again.<\/span><\/span><\/span><\/p>\n<p><span class=%22HwtZe%22 jsaction=%22mouseup:Sxi9L,BR6jm; mousedown:qjlr0e%22 jsname=%22jqKxS%22 lang=%22en%22><span jsaction=%22agoMJf:PFBcW;MZfLnc:P7O7bd;nt4Alf:pvnm0e,pfE8Hb,PFBcW;B01qod:dJXsye;H1e5u:iXtTIf;lYIUJf:hij5Wb;bmeZHc:iURhpf;Oxj3Xe:qAKMYb,yaf12d%22 jsname=%22txFAF%22 class=%22jCAhz ChMk0b%22 jscontroller=%22Gn4SMb%22><span class=%22ryNqvb%22 jsaction=%22click:E6Tfl,GFf3ac,tMZCfe; contextmenu:Nqw7Te,QP7LD; mouseout:Nqw7Te; mouseover:E6Tfl,c2aHje%22 jsname=%22W297wb%22>Sincerely,<br \/><\/span><\/span><\/span><span class=%22HwtZe%22 jsaction=%22mouseup:Sxi9L,BR6jm; mousedown:qjlr0e%22 jsname=%22jqKxS%22 lang=%22en%22><span jsaction=%22agoMJf:PFBcW;MZfLnc:P7O7bd;nt4Alf:pvnm0e,pfE8Hb,PFBcW;B01qod:dJXsye;H1e5u:iXtTIf;lYIUJf:hij5Wb;bmeZHc:iURhpf;Oxj3Xe:qAKMYb,yaf12d%22 jsname=%22txFAF%22 class=%22jCAhz ChMk0b%22 jscontroller=%22Gn4SMb%22><span class=%22ryNqvb%22 jsaction=%22click:E6Tfl,GFf3ac,tMZCfe; contextmenu:Nqw7Te,QP7LD; mouseout:Nqw7Te; mouseover:E6Tfl,c2aHje%22 jsname=%22W297wb%22>the Ch\u00e2teau de Cols team<\/span><\/span><\/span><\/p>\n<p>&#8221; global_colors_info=&#8221;{}&#8221; sticky_enabled=&#8221;0&#8243;]<\/p>\n<p>Nous sommes d\u00e9sol\u00e9 mais votre <strong>paiement a \u00e9t\u00e9 annul\u00e9<\/strong>.<br \/>Veuillez essay\u00e9 de nouveau.<\/p>\n<p>Cordialement,<br \/>l&#8217;\u00e9quipe du Ch\u00e2teau de Cols<span style=\"font-family: Helvetica; color: black; font-size: xx-small;\"><span style=\"font-size: 12px; font-weight: normal; text-transform: none;\"><\/span><\/span><\/p>\n<p>[\/et_pb_text][\/et_pb_column][\/et_pb_row][\/et_pb_section]<\/p>\n","protected":false},"excerpt":{"rendered":"<p>Paiement annul\u00e9Nous sommes d\u00e9sol\u00e9 mais votre paiement a \u00e9t\u00e9 annul\u00e9.Veuillez essay\u00e9 de nouveau. Cordialement,l&#8217;\u00e9quipe du Ch\u00e2teau de Cols<\/p>\n","protected":false},"author":1,"featured_media":0,"parent":0,"menu_order":0,"comment_status":"closed","ping_status":"closed","template":"","meta":{"_et_pb_use_builder":"on","_et_pb_old_content":"","_et_gb_content_width":"","footnotes":""},"class_list":["post-1033","page","type-page","status-publish","hentry"],"yoast_head":"<!-- This site is optimized with the Yoast SEO plugin v27.4 - https:\/\/yoast.com\/product\/yoast-seo-wordpress\/ -->\n<title>Paiement annul\u00e9<\/title>\n<meta name=\"description\" content=\"[et_pb_section fb_built=&quot;1&quot; fullwidth=&quot;on&quot; disabled_on=&quot;on|on|off&quot; _builder_version=&quot;4.20.4&quot; _module_preset=&quot;default&quot; locked=&quot;off&quot; global_colors_info=&quot;{}&quot;][et_pb_fullwidth_image title_text=&quot;ChateauDeCols&quot; _builder_version=&quot;4.20.4&quot; _module_preset=&quot;default&quot; background_color=&quot;#555555&quot; height=&quot;130px&quot; global_colors_info=&quot;{}&quot;][\/et_pb_fullwidth_image][\/et_pb_section][et_pb_section fb_built=&quot;1&quot; _builder_version=&quot;4.22.1&quot; _module_preset=&quot;default&quot; locked=&quot;off&quot; global_colors_info=&quot;{}&quot;][et_pb_row _builder_version=&quot;4.22.1&quot; _module_preset=&quot;default&quot; global_colors_info=&quot;{}&quot;][et_pb_column type=&quot;4_4&quot; _builder_version=&quot;4.22.1&quot; _module_preset=&quot;default&quot; global_colors_info=&quot;{}&quot;][et_pb_text _builder_version=&quot;4.22.1&quot; _module_preset=&quot;default&quot; content_de_de=&quot;Zahlung storniert&quot; content_en_us=&quot;Payment cancelled&quot; global_colors_info=&quot;{}&quot;]Paiement annul\u00e9[\/et_pb_text][et_pb_text _builder_version=&quot;4.22.1&quot; _module_preset=&quot;default&quot; hover_enabled=&quot;0&quot; content_de_de=&quot;Es tut uns leid, aber Ihre Zahlung wurde storniert.Bitte versuche es erneut. Aufrichtig,das Team von Ch\u00e2teau de Cols&quot;&hellip;\" \/>\n<meta name=\"robots\" content=\"index, follow, max-snippet:-1, max-image-preview:large, max-video-preview:-1\" \/>\n<link rel=\"canonical\" href=\"http:\/\/[et_pb_section%20fb_built=1%20fullwidth=on%20disabled_on=on|on|off%20_builder_version=4.20.4%20_module_preset=default%20locked=off%20global_colors_info=][et_pb_fullwidth_image%20title_text=ChateauDeCols%20_builder_version=4.20.4%20_module_preset=default%20background_color=#555555%20height=130px%20global_colors_info=%5D%5B\/et_pb_fullwidth_image%5D%5B\/et_pb_section%5D%5Bet_pb_section%20fb_built=1%20_builder_version=4.22.1%20_module_preset=default%20locked=off%20global_colors_info=%5D%5Bet_pb_row%20_builder_version=4.22.1%20_module_preset=default%20global_colors_info=%5D%5Bet_pb_column%20type=4_4%20_builder_version=4.22.1%20_module_preset=default%20global_colors_info=%5D%5Bet_pb_text%20_builder_version=4.22.1%20_module_preset=default%20content_de_de=Zahlung%20storniert%20content_en_us=Payment%20cancelled%20global_colors_info=%5DPaiement%20annul\u00e9%5B\/et_pb_text%5D%5Bet_pb_text%20_builder_version=4.22.1%20_module_preset=default%20hover_enabled=0%20content_de_de=Es%20tut%20uns%20leid,%20aber%20Ihre%20Zahlung%20wurde%20storniert.Bitte%20versuche%20es%20erneut.%20Aufrichtig,das%20Team%20von%20Ch\u00e2teau%20de%20Cols&hellip;\" \/>\n<meta property=\"og:locale\" content=\"en_US\" \/>\n<meta property=\"og:type\" content=\"article\" \/>\n<meta property=\"og:title\" content=\"Paiement annul\u00e9\" \/>\n<meta property=\"og:description\" content=\"[et_pb_section fb_built=&quot;1&quot; fullwidth=&quot;on&quot; disabled_on=&quot;on|on|off&quot; _builder_version=&quot;4.20.4&quot; _module_preset=&quot;default&quot; locked=&quot;off&quot; global_colors_info=&quot;{}&quot;][et_pb_fullwidth_image title_text=&quot;ChateauDeCols&quot; _builder_version=&quot;4.20.4&quot; _module_preset=&quot;default&quot; background_color=&quot;#555555&quot; height=&quot;130px&quot; global_colors_info=&quot;{}&quot;][\/et_pb_fullwidth_image][\/et_pb_section][et_pb_section fb_built=&quot;1&quot; _builder_version=&quot;4.22.1&quot; _module_preset=&quot;default&quot; locked=&quot;off&quot; global_colors_info=&quot;{}&quot;][et_pb_row _builder_version=&quot;4.22.1&quot; _module_preset=&quot;default&quot; global_colors_info=&quot;{}&quot;][et_pb_column type=&quot;4_4&quot; _builder_version=&quot;4.22.1&quot; _module_preset=&quot;default&quot; global_colors_info=&quot;{}&quot;][et_pb_text _builder_version=&quot;4.22.1&quot; _module_preset=&quot;default&quot; content_de_de=&quot;Zahlung storniert&quot; content_en_us=&quot;Payment cancelled&quot; global_colors_info=&quot;{}&quot;]Paiement annul\u00e9[\/et_pb_text][et_pb_text _builder_version=&quot;4.22.1&quot; _module_preset=&quot;default&quot; hover_enabled=&quot;0&quot; content_de_de=&quot;Es tut uns leid, aber Ihre Zahlung wurde storniert.Bitte versuche es erneut. Aufrichtig,das Team von Ch\u00e2teau de Cols&quot;&hellip;\" \/>\n<meta property=\"og:url\" content=\"https:\/\/www.chateaucols.com\/en\/paiement-annule\/\" \/>\n<meta property=\"og:site_name\" content=\"Chateau de Cols\" \/>\n<meta property=\"article:modified_time\" content=\"2023-09-13T15:08:51+00:00\" \/>\n<meta property=\"og:image\" content=\"https:\/\/www.chateaucols.com\/wp-content\/uploads\/2023\/10\/ChateauDeCols.jpg\" \/>\n\t<meta property=\"og:image:width\" content=\"1200\" \/>\n\t<meta property=\"og:image:height\" content=\"675\" \/>\n\t<meta property=\"og:image:type\" content=\"image\/jpeg\" \/>\n<meta name=\"twitter:card\" content=\"summary_large_image\" \/>\n<script type=\"application\/ld+json\" class=\"yoast-schema-graph\">{\"@context\":\"https:\\\/\\\/schema.org\",\"@graph\":[{\"@type\":\"WebPage\",\"@id\":\"https:\\\/\\\/www.chateaucols.com\\\/en\\\/paiement-annule\\\/\",\"url\":\"https:\\\/\\\/www.chateaucols.com\\\/en\\\/paiement-annule\\\/\",\"name\":\"Paiement annul\u00e9 - Chateau de Cols\",\"isPartOf\":{\"@id\":\"https:\\\/\\\/www.chateaucols.com\\\/#website\"},\"datePublished\":\"2023-09-13T14:50:09+00:00\",\"dateModified\":\"2023-09-13T15:08:51+00:00\",\"inLanguage\":\"en-US\",\"potentialAction\":[{\"@type\":\"ReadAction\",\"target\":[\"https:\\\/\\\/www.chateaucols.com\\\/en\\\/paiement-annule\\\/\"]}]},{\"@type\":\"WebSite\",\"@id\":\"https:\\\/\\\/www.chateaucols.com\\\/en\\\/#website\",\"url\":\"https:\\\/\\\/www.chateaucols.com\\\/en\\\/\",\"name\":\"Chateau de Cols\",\"description\":\"Site de pr\u00e9sentation du ch\u00e2teau de Cols \u00e0 Junhac au centre de l&#039;Auvergne\",\"potentialAction\":[{\"@type\":\"SearchAction\",\"target\":{\"@type\":\"EntryPoint\",\"urlTemplate\":\"https:\\\/\\\/www.chateaucols.com\\\/en\\\/?s={search_term_string}\"},\"query-input\":{\"@type\":\"PropertyValueSpecification\",\"valueRequired\":true,\"valueName\":\"search_term_string\"}}],\"inLanguage\":\"en-US\"}]}<\/script>\n<!-- \/ Yoast SEO plugin. -->","yoast_head_json":{"title":"Paiement annul\u00e9","description":"[et_pb_section fb_built=\"1\" fullwidth=\"on\" disabled_on=\"on|on|off\" _builder_version=\"4.20.4\" _module_preset=\"default\" locked=\"off\" global_colors_info=\"{}\"][et_pb_fullwidth_image title_text=\"ChateauDeCols\" _builder_version=\"4.20.4\" _module_preset=\"default\" background_color=\"#555555\" height=\"130px\" global_colors_info=\"{}\"][\/et_pb_fullwidth_image][\/et_pb_section][et_pb_section fb_built=\"1\" _builder_version=\"4.22.1\" _module_preset=\"default\" locked=\"off\" global_colors_info=\"{}\"][et_pb_row _builder_version=\"4.22.1\" _module_preset=\"default\" global_colors_info=\"{}\"][et_pb_column type=\"4_4\" _builder_version=\"4.22.1\" _module_preset=\"default\" global_colors_info=\"{}\"][et_pb_text _builder_version=\"4.22.1\" _module_preset=\"default\" content_de_de=\"Zahlung storniert\" content_en_us=\"Payment cancelled\" global_colors_info=\"{}\"]Paiement annul\u00e9[\/et_pb_text][et_pb_text _builder_version=\"4.22.1\" _module_preset=\"default\" hover_enabled=\"0\" content_de_de=\"Es tut uns leid, aber Ihre Zahlung wurde storniert.Bitte versuche es erneut. Aufrichtig,das Team von Ch\u00e2teau de Cols\"&hellip;","robots":{"index":"index","follow":"follow","max-snippet":"max-snippet:-1","max-image-preview":"max-image-preview:large","max-video-preview":"max-video-preview:-1"},"canonical":"[et_pb_section fb_built=\"1\" fullwidth=\"on\" disabled_on=\"on|on|off\" _builder_version=\"4.20.4\" _module_preset=\"default\" locked=\"off\" global_colors_info=\"{}\"][et_pb_fullwidth_image title_text=\"ChateauDeCols\" _builder_version=\"4.20.4\" _module_preset=\"default\" background_color=\"#555555\" height=\"130px\" global_colors_info=\"{}\"][\/et_pb_fullwidth_image][\/et_pb_section][et_pb_section fb_built=\"1\" _builder_version=\"4.22.1\" _module_preset=\"default\" locked=\"off\" global_colors_info=\"{}\"][et_pb_row _builder_version=\"4.22.1\" _module_preset=\"default\" global_colors_info=\"{}\"][et_pb_column type=\"4_4\" _builder_version=\"4.22.1\" _module_preset=\"default\" global_colors_info=\"{}\"][et_pb_text _builder_version=\"4.22.1\" _module_preset=\"default\" content_de_de=\"Zahlung storniert\" content_en_us=\"Payment cancelled\" global_colors_info=\"{}\"]Paiement annul\u00e9[\/et_pb_text][et_pb_text _builder_version=\"4.22.1\" _module_preset=\"default\" hover_enabled=\"0\" content_de_de=\"Es tut uns leid, aber Ihre Zahlung wurde storniert.Bitte versuche es erneut. Aufrichtig,das Team von Ch\u00e2teau de Cols\"&hellip;","og_locale":"en_US","og_type":"article","og_title":"Paiement annul\u00e9","og_description":"[et_pb_section fb_built=\"1\" fullwidth=\"on\" disabled_on=\"on|on|off\" _builder_version=\"4.20.4\" _module_preset=\"default\" locked=\"off\" global_colors_info=\"{}\"][et_pb_fullwidth_image title_text=\"ChateauDeCols\" _builder_version=\"4.20.4\" _module_preset=\"default\" background_color=\"#555555\" height=\"130px\" global_colors_info=\"{}\"][\/et_pb_fullwidth_image][\/et_pb_section][et_pb_section fb_built=\"1\" _builder_version=\"4.22.1\" _module_preset=\"default\" locked=\"off\" global_colors_info=\"{}\"][et_pb_row _builder_version=\"4.22.1\" _module_preset=\"default\" global_colors_info=\"{}\"][et_pb_column type=\"4_4\" _builder_version=\"4.22.1\" _module_preset=\"default\" global_colors_info=\"{}\"][et_pb_text _builder_version=\"4.22.1\" _module_preset=\"default\" content_de_de=\"Zahlung storniert\" content_en_us=\"Payment cancelled\" global_colors_info=\"{}\"]Paiement annul\u00e9[\/et_pb_text][et_pb_text _builder_version=\"4.22.1\" _module_preset=\"default\" hover_enabled=\"0\" content_de_de=\"Es tut uns leid, aber Ihre Zahlung wurde storniert.Bitte versuche es erneut. Aufrichtig,das Team von Ch\u00e2teau de Cols\"&hellip;","og_url":"https:\/\/www.chateaucols.com\/en\/paiement-annule\/","og_site_name":"Chateau de Cols","article_modified_time":"2023-09-13T15:08:51+00:00","og_image":[{"width":1200,"height":675,"url":"https:\/\/www.chateaucols.com\/wp-content\/uploads\/2023\/10\/ChateauDeCols.jpg","type":"image\/jpeg"}],"twitter_card":"summary_large_image","schema":{"@context":"https:\/\/schema.org","@graph":[{"@type":"WebPage","@id":"https:\/\/www.chateaucols.com\/en\/paiement-annule\/","url":"https:\/\/www.chateaucols.com\/en\/paiement-annule\/","name":"Paiement annul\u00e9 - Chateau de Cols","isPartOf":{"@id":"https:\/\/www.chateaucols.com\/#website"},"datePublished":"2023-09-13T14:50:09+00:00","dateModified":"2023-09-13T15:08:51+00:00","inLanguage":"en-US","potentialAction":[{"@type":"ReadAction","target":["https:\/\/www.chateaucols.com\/en\/paiement-annule\/"]}]},{"@type":"WebSite","@id":"https:\/\/www.chateaucols.com\/en\/#website","url":"https:\/\/www.chateaucols.com\/en\/","name":"Chateau de Cols","description":"Site de pr\u00e9sentation du ch\u00e2teau de Cols \u00e0 Junhac au centre de l&#039;Auvergne","potentialAction":[{"@type":"SearchAction","target":{"@type":"EntryPoint","urlTemplate":"https:\/\/www.chateaucols.com\/en\/?s={search_term_string}"},"query-input":{"@type":"PropertyValueSpecification","valueRequired":true,"valueName":"search_term_string"}}],"inLanguage":"en-US"}]}},"_links":{"self":[{"href":"https:\/\/www.chateaucols.com\/en\/wp-json\/wp\/v2\/pages\/1033","targetHints":{"allow":["GET"]}}],"collection":[{"href":"https:\/\/www.chateaucols.com\/en\/wp-json\/wp\/v2\/pages"}],"about":[{"href":"https:\/\/www.chateaucols.com\/en\/wp-json\/wp\/v2\/types\/page"}],"author":[{"embeddable":true,"href":"https:\/\/www.chateaucols.com\/en\/wp-json\/wp\/v2\/users\/1"}],"replies":[{"embeddable":true,"href":"https:\/\/www.chateaucols.com\/en\/wp-json\/wp\/v2\/comments?post=1033"}],"version-history":[{"count":4,"href":"https:\/\/www.chateaucols.com\/en\/wp-json\/wp\/v2\/pages\/1033\/revisions"}],"predecessor-version":[{"id":1041,"href":"https:\/\/www.chateaucols.com\/en\/wp-json\/wp\/v2\/pages\/1033\/revisions\/1041"}],"wp:attachment":[{"href":"https:\/\/www.chateaucols.com\/en\/wp-json\/wp\/v2\/media?parent=1033"}],"curies":[{"name":"wp","href":"https:\/\/api.w.org\/{rel}","templated":true}]}}