{"id":1046,"date":"2023-09-21T19:45:23","date_gmt":"2023-09-21T17:45:23","guid":{"rendered":"https:\/\/www.chateaucols.com\/wpbc-booking-payment-failed\/"},"modified":"2023-09-21T19:45:23","modified_gmt":"2023-09-21T17:45:23","slug":"wpbc-booking-payment-failed","status":"publish","type":"page","link":"https:\/\/www.chateaucols.com\/en\/wpbc-booking-payment-failed\/","title":{"rendered":"Booking Payment Failed"},"content":{"rendered":"<p>Payment Unsuccessful. Please contact us for assistance.<\/p>\n","protected":false},"excerpt":{"rendered":"<p>Payment Unsuccessful. Please contact us for assistance.<\/p>\n","protected":false},"author":0,"featured_media":0,"parent":0,"menu_order":0,"comment_status":"closed","ping_status":"closed","template":"","meta":{"_et_pb_use_builder":"","_et_pb_old_content":"","_et_gb_content_width":"","footnotes":""},"class_list":["post-1046","page","type-page","status-publish","hentry"],"yoast_head":"<!-- This site is optimized with the Yoast SEO plugin v27.3 - https:\/\/yoast.com\/product\/yoast-seo-wordpress\/ -->\n<title>Booking Payment Failed<\/title>\n<meta name=\"description\" content=\"Payment Unsuccessful. Please contact us for assistance.\" \/>\n<meta name=\"robots\" content=\"index, follow, max-snippet:-1, max-image-preview:large, max-video-preview:-1\" \/>\n<link rel=\"canonical\" href=\"http:\/\/Payment%20Unsuccessful.%20Please%20contact%20us%20for%20assistance.\" \/>\n<meta property=\"og:locale\" content=\"en_US\" \/>\n<meta property=\"og:type\" content=\"article\" \/>\n<meta property=\"og:title\" content=\"Booking Payment Failed\" \/>\n<meta property=\"og:description\" content=\"Payment Unsuccessful. Please contact us for assistance.\" \/>\n<meta property=\"og:url\" content=\"https:\/\/www.chateaucols.com\/en\/wpbc-booking-payment-failed\/\" \/>\n<meta property=\"og:site_name\" content=\"Chateau de Cols\" \/>\n<meta property=\"og:image\" content=\"https:\/\/www.chateaucols.com\/wp-content\/uploads\/2023\/10\/ChateauDeCols.jpg\" \/>\n\t<meta property=\"og:image:width\" content=\"1200\" \/>\n\t<meta property=\"og:image:height\" content=\"675\" \/>\n\t<meta property=\"og:image:type\" content=\"image\/jpeg\" \/>\n<meta name=\"twitter:card\" content=\"summary_large_image\" \/>\n<script type=\"application\/ld+json\" class=\"yoast-schema-graph\">{\"@context\":\"https:\\\/\\\/schema.org\",\"@graph\":[{\"@type\":\"WebPage\",\"@id\":\"https:\\\/\\\/www.chateaucols.com\\\/en\\\/wpbc-booking-payment-failed\\\/\",\"url\":\"https:\\\/\\\/www.chateaucols.com\\\/en\\\/wpbc-booking-payment-failed\\\/\",\"name\":\"Booking Payment Failed - Chateau de Cols\",\"isPartOf\":{\"@id\":\"https:\\\/\\\/www.chateaucols.com\\\/#website\"},\"datePublished\":\"2023-09-21T17:45:23+00:00\",\"inLanguage\":\"en-US\",\"potentialAction\":[{\"@type\":\"ReadAction\",\"target\":[\"https:\\\/\\\/www.chateaucols.com\\\/en\\\/wpbc-booking-payment-failed\\\/\"]}]},{\"@type\":\"WebSite\",\"@id\":\"https:\\\/\\\/www.chateaucols.com\\\/en\\\/#website\",\"url\":\"https:\\\/\\\/www.chateaucols.com\\\/en\\\/\",\"name\":\"Chateau de Cols\",\"description\":\"Site de pr\u00e9sentation du ch\u00e2teau de Cols \u00e0 Junhac au centre de l&#039;Auvergne\",\"potentialAction\":[{\"@type\":\"SearchAction\",\"target\":{\"@type\":\"EntryPoint\",\"urlTemplate\":\"https:\\\/\\\/www.chateaucols.com\\\/en\\\/?s={search_term_string}\"},\"query-input\":{\"@type\":\"PropertyValueSpecification\",\"valueRequired\":true,\"valueName\":\"search_term_string\"}}],\"inLanguage\":\"en-US\"}]}<\/script>\n<!-- \/ Yoast SEO plugin. -->","yoast_head_json":{"title":"Booking Payment Failed","description":"Payment Unsuccessful. Please contact us for assistance.","robots":{"index":"index","follow":"follow","max-snippet":"max-snippet:-1","max-image-preview":"max-image-preview:large","max-video-preview":"max-video-preview:-1"},"canonical":"Payment Unsuccessful. Please contact us for assistance.","og_locale":"en_US","og_type":"article","og_title":"Booking Payment Failed","og_description":"Payment Unsuccessful. Please contact us for assistance.","og_url":"https:\/\/www.chateaucols.com\/en\/wpbc-booking-payment-failed\/","og_site_name":"Chateau de Cols","og_image":[{"width":1200,"height":675,"url":"https:\/\/www.chateaucols.com\/wp-content\/uploads\/2023\/10\/ChateauDeCols.jpg","type":"image\/jpeg"}],"twitter_card":"summary_large_image","schema":{"@context":"https:\/\/schema.org","@graph":[{"@type":"WebPage","@id":"https:\/\/www.chateaucols.com\/en\/wpbc-booking-payment-failed\/","url":"https:\/\/www.chateaucols.com\/en\/wpbc-booking-payment-failed\/","name":"Booking Payment Failed - Chateau de Cols","isPartOf":{"@id":"https:\/\/www.chateaucols.com\/#website"},"datePublished":"2023-09-21T17:45:23+00:00","inLanguage":"en-US","potentialAction":[{"@type":"ReadAction","target":["https:\/\/www.chateaucols.com\/en\/wpbc-booking-payment-failed\/"]}]},{"@type":"WebSite","@id":"https:\/\/www.chateaucols.com\/en\/#website","url":"https:\/\/www.chateaucols.com\/en\/","name":"Chateau de Cols","description":"Site de pr\u00e9sentation du ch\u00e2teau de Cols \u00e0 Junhac au centre de l&#039;Auvergne","potentialAction":[{"@type":"SearchAction","target":{"@type":"EntryPoint","urlTemplate":"https:\/\/www.chateaucols.com\/en\/?s={search_term_string}"},"query-input":{"@type":"PropertyValueSpecification","valueRequired":true,"valueName":"search_term_string"}}],"inLanguage":"en-US"}]}},"_links":{"self":[{"href":"https:\/\/www.chateaucols.com\/en\/wp-json\/wp\/v2\/pages\/1046","targetHints":{"allow":["GET"]}}],"collection":[{"href":"https:\/\/www.chateaucols.com\/en\/wp-json\/wp\/v2\/pages"}],"about":[{"href":"https:\/\/www.chateaucols.com\/en\/wp-json\/wp\/v2\/types\/page"}],"replies":[{"embeddable":true,"href":"https:\/\/www.chateaucols.com\/en\/wp-json\/wp\/v2\/comments?post=1046"}],"version-history":[{"count":0,"href":"https:\/\/www.chateaucols.com\/en\/wp-json\/wp\/v2\/pages\/1046\/revisions"}],"wp:attachment":[{"href":"https:\/\/www.chateaucols.com\/en\/wp-json\/wp\/v2\/media?parent=1046"}],"curies":[{"name":"wp","href":"https:\/\/api.w.org\/{rel}","templated":true}]}}