{"id":1410,"date":"2026-03-25T11:12:36","date_gmt":"2026-03-25T10:12:36","guid":{"rendered":"https:\/\/www.chateaucols.com\/?page_id=1410"},"modified":"2026-03-25T11:20:11","modified_gmt":"2026-03-25T10:20:11","slug":"1410-2","status":"publish","type":"page","link":"https:\/\/www.chateaucols.com\/en\/1410-2\/","title":{"rendered":""},"content":{"rendered":"[et_pb_section admin_label=&#8221;section&#8221;]\n\t\t\t[et_pb_row admin_label=&#8221;row&#8221;]\n\t\t\t\t[et_pb_column type=&#8221;4_4&#8243;][et_pb_text admin_label=&#8221;Text&#8221;]\n<div class=\"wp-block-booking-booking\"> <div id=\"form_id1132363800386\" class=\"wpbc_container wpbc_form wpbc_container_booking_form \" ><form id=\"booking_form6\" class=\"booking_form vertical\" method=\"post\" action=\"\"><div id=\"ajax_respond_insert6\" class=\"ajax_respond_insert\" style=\"display:none;\"><\/div><a name=\"bklnk6\" id=\"bklnk6\"><\/a><div id=\"booking_form_div6\" class=\"booking_form_div\"><div class=\"et_pb_text_inner\"> \n\t<p>\n\tMinimum stay is 5 nights. Maximum capacity is 14 people. Pets are not allowed.<br \/>\n\tRegardless of the length of stay, final cleaning costs \u20ac500<br \/>\t\t\n\tThe tourist tax is \u20ac2.20 per person and must be paid separately.<br \/>\t\t\n    <\/p>\n\t<p>\n\t<b><p><h3>IMPORTANT INFORMATION:<\/p><\/h3>\n\t<p>Your booking request will be processed promptly.<\/p>\n\tThe booking is confirmed only after the rental agreement is signed and validated by the owner.\n\tPayment is then due within 14 days of receiving the agreement and can be made by bank transfer or PayPal.<\/b><br \/>\t\t\n    <\/p>\n\t<p><\/p>\n\t<p><\/p>\n\t<\/div>\n<div class=\"wpbc_calendar_wraper wpbc_calendar_skin_legacy\"><div class=\"wpbc_cal_container bk_calendar_frame wpbc_no_custom_width  months_num_in_row_ cal_month_num_1 wpbc_timeslot_day_bg_as_available\" style=\"\"><div id=\"calendar_booking6\"  class=\"wpbc_calendar_id_6\" >\t<div class=\"calendar_loader_frame calendar_loader_frame6\"\r\n\t\tdata-wpbc-rid=\"6\"\r\n\t\tdata-wpbc-grace=\"8000\"\r\n\t\tstyle=\"--wpbc-loader-cols: 1;\"\r\n\t>\r\n\t\t<div class=\"calendar_loader_text\">Loading...<\/div>\r\n\t\t<div class=\"calendar_loader_frame__progress_line_container\">\r\n\t\t\t<div class=\"calendar_loader_frame__progress_line\"><\/div>\r\n\t\t<\/div>\r\n\t<\/div>\r\n\t<\/div><\/div><textarea id=\"date_booking6\" name=\"date_booking6\" autocomplete=\"off\" style=\"display:none;\"><\/textarea><\/div> \n<div class=\"standard-form\"> \n\t<p><\/p>\n\t\t<p><\/p>\n     <p>First Name*: <br \/><span class=\"wpbc_wrap_text wpdev-form-control-wrap name6\"><input type=\"text\" name=\"name6\" value=\"\" autocomplete=\"name\" class=\"wpdev-validates-as-required\" size=\"40\" \/><\/span> <\/p> \n     <p>Last Name*:<br \/><span class=\"wpbc_wrap_text wpdev-form-control-wrap secondname6\"><input type=\"text\" name=\"secondname6\" value=\"\" autocomplete=\"secondname\" class=\"wpdev-validates-as-required\" size=\"40\" \/><\/span> <\/p> \n     <p>Email*: <br \/><span class=\"wpbc_wrap_text wpdev-form-control-wrap email6\"><input type=\"email\" name=\"email6\" value=\"\" autocomplete=\"email\" class=\"wpdev-validates-as-email wpdev-validates-as-required\" size=\"40\" \/><\/span> <\/p>   \n     <p>Phone*:<br \/><span class=\"wpbc_wrap_text wpdev-form-control-wrap phone6\"><input type=\"text\" name=\"phone6\" value=\"\" autocomplete=\"phone\" class=\"wpdev-validates-as-required\" size=\"40\" \/><\/span> <\/p> \n\t<p>Number of children under 2 years old*: <span class=\"wpbc_wrap_select wpdev-form-control-wrap childrens6\"><select onchange=\"javascript:if(typeof( wpbc_show_cost_hints_after_few_seconds )=='function'){wpbc_show_cost_hints_after_few_seconds(6);}\" name=\"childrens6\" autocomplete=\"childrens\" class=\"col-md-1 col-md-1\"><option value=\"0\">0<\/option><option value=\"1\">1<\/option><option value=\"2\">2<\/option><\/select><\/span><\/p>\n\t<p>Number of people (children under 2 years old are not included)*: <span class=\"wpbc_wrap_select wpdev-form-control-wrap visitors6\"><select onchange=\"javascript:if(typeof( wpbc_show_cost_hints_after_few_seconds )=='function'){wpbc_show_cost_hints_after_few_seconds(6);}\" name=\"visitors6\" autocomplete=\"visitors\" class=\"col-md-1 col-md-1\"><option value=\"1\">1<\/option><option value=\"2\">2<\/option><option value=\"3\">3<\/option><option value=\"4\">4<\/option><option value=\"5\">5<\/option><option value=\"6\">6<\/option><option value=\"7\">7<\/option><option value=\"8\">8<\/option><option value=\"9\">9<\/option><option value=\"10\">10<\/option><option value=\"11\">11<\/option><option value=\"12\">12<\/option><option value=\"13\">13<\/option><option value=\"14\">14<\/option><\/select><\/span><\/p> \n\t<p>Cleaning service: \u20ac500<\/p>\n<div style=\"display:none\">\n<span class=\"wpbc_wrap_checkbox wpdev-form-control-wrap tourist_tax6\"><span autocomplete=\"tourist_tax\" class=\"wpdev-validates-as-required wpdev-checkbox\"><span class=\"wpdev-list-item\"><input  autocomplete=\"tourist_tax\" class=\"wpdev-validates-as-required wpdev-checkbox\" onchange=\"javascript:if(typeof( wpbc_show_cost_hints_after_few_seconds )=='function'){wpbc_show_cost_hints_after_few_seconds(6);}\"  type=\"checkbox\"  name=\"tourist_tax6[]\"  value=\"\" checked=\"checked\" \/><span class=\"wpdev-list-item-label\"><\/span><\/span><\/span><\/span>\n<span class=\"wpbc_wrap_checkbox wpdev-form-control-wrap tourist_tax_deduction6\"><span autocomplete=\"tourist_tax_deduction\" class=\"wpdev-validates-as-required wpdev-checkbox\"><span class=\"wpdev-list-item\"><input  autocomplete=\"tourist_tax_deduction\" class=\"wpdev-validates-as-required wpdev-checkbox\" onchange=\"javascript:if(typeof( wpbc_show_cost_hints_after_few_seconds )=='function'){wpbc_show_cost_hints_after_few_seconds(6);}\"  type=\"checkbox\"  name=\"tourist_tax_deduction6[]\"  value=\"\" checked=\"checked\" \/><span class=\"wpdev-list-item-label\"><\/span><\/span><\/span><\/span>\n<span class=\"wpbc_wrap_checkbox wpdev-form-control-wrap fixed_fee6\"><span autocomplete=\"fixed_fee\" class=\"wpdev-validates-as-required wpdev-checkbox\"><span class=\"wpdev-list-item\"><input  autocomplete=\"fixed_fee\" class=\"wpdev-validates-as-required wpdev-checkbox\" onchange=\"javascript:if(typeof( wpbc_show_cost_hints_after_few_seconds )=='function'){wpbc_show_cost_hints_after_few_seconds(6);}\"  type=\"checkbox\"  name=\"fixed_fee6[]\"  value=\"\" checked=\"checked\" \/><span class=\"wpdev-list-item-label\"><\/span><\/span><\/span><\/span>\n<\/div>\n\t<p>The total cost of payment (without tourist tax): <span  class=\"wpbc_field_hint\" id=\"booking_hint6\"><span class=\"wpbc-cost-amount wpbc_price_hint_value_0\">0,00<span class=\"wpbc-currency-symbol\">&euro;<\/span><\/span><\/span><input class=\"wpbc_field_hint\" id=\"cost_hint6\" name=\"cost_hint6\" value=\"0.00\" style=\"display:none;\" type=\"text\" \/><\/p>\n\t<p>Amount of tourist tax to be paid upon arrival (by check or in cash): <span  class=\"wpbc_field_hint\" id=\"bookinghint_tourist_tax_hint6\"><span class=\"wpbc-cost-amount wpbc_price_hint_value_0\">0,00<span class=\"wpbc-currency-symbol\">&euro;<\/span><\/span><\/span><input class=\"wpbc_field_hint\" id=\"tourist_tax_hint6\" name=\"tourist_tax_hint6\" value=\"0.00\" style=\"display:none;\" type=\"text\" \/> <\/p>\n     <p>Details: <br \/> <span class=\"wpbc_wrap_textarea wpdev-form-control-wrap details6\"><textarea name=\"details6\" autocomplete=\"details\"><\/textarea><\/span> <\/p> \n     <p><span class=\"wpbc_wrap_checkbox wpdev-form-control-wrap term_and_condition6\"><span autocomplete=\"term_and_condition\" class=\"wpdev-validates-as-required wpdev-checkbox\"><span class=\"wpdev-list-item\"><input  autocomplete=\"term_and_condition\" class=\"wpdev-validates-as-required wpdev-checkbox\" id=\"checkboxid177765117807189\"  onchange=\"javascript:if(typeof( wpbc_show_cost_hints_after_few_seconds )=='function'){wpbc_show_cost_hints_after_few_seconds(6);}\"  type=\"checkbox\"  name=\"term_and_condition6[]\"  value=\"I accept\" \/><label for=\"checkboxid177765117807189\"  class=\"wpdev-list-item-label\">I accept<\/label><\/span><\/span><\/span> <a href=\"https:\/\/www.chateaucols.com\/reglement-interieur\/\" rel=\"noopener\" target=\"_blank\">terms and conditions<\/a><\/p>\n     <p><span class=\"wpbc_text_captcha_container wpdev-form-control-wrap \"><input  autocomplete=\"off\" type=\"hidden\" name=\"wpdev_captcha_challenge_6\"  id=\"wpdev_captcha_challenge_6\" value=\"2248780139\" \/><input  autocomplete=\"off\" type=\"text\" class=\"captachinput\" value=\"\" name=\"captcha_input6\" id=\"captcha_input6\" \/><img decoding=\"async\" class=\"captcha_img\"  id=\"captcha_img6\" alt=\"To show CAPTCHA, please deactivate cache plugin or exclude this page from caching or disable CAPTCHA at WP Booking Calendar - Settings General page in Form Options section.\" src=\"https:\/\/www.chateaucols.com\/wp-content\/plugins\/booking\/js\/captcha\/tmp\/2248780139.png\" \/><\/span><\/p> \n     <p><input type=\"button\" value=\"Submit my booking request\" class=\"wpbc_button_light  btn btn\" onclick=\"wpbc_booking_form_submit(this.form,6, 'en_US');\" \/><\/p>\n\t<p><\/p>\n\t<p> * required fields<\/p>\n<\/div>\n\n<input name=\"booking_form_type6\"  id=\"booking_form_type6\" type=\"hidden\" value=\"reservation\"><input id=\"bk_type6\" name=\"bk_type6\" class=\"\" type=\"hidden\" value=\"6\" \/><\/div><div id=\"submiting6\"><\/div><div class=\"form_bk_messages\" id=\"form_bk_messages6\" ><\/div><input type=\"hidden\" id=\"wpbc_nonceCALCULATE_THE_COST6\" name=\"wpbc_nonceCALCULATE_THE_COST6\" value=\"fca400f600\" \/><input type=\"hidden\" name=\"_wp_http_referer\" value=\"\/en\/wp-json\/wp\/v2\/pages\/1410\" \/><\/form><\/div><div id=\"booking_form_garbage6\" class=\"booking_form_garbage\"><\/div> <div  id=\"gateway_payment_forms6\"><\/div><\/div>\n[\/et_pb_text][\/et_pb_column]\n\t\t\t[\/et_pb_row]\n\t\t[\/et_pb_section]","protected":false},"excerpt":{"rendered":" <div id=\"form_id1326127779534\" class=\"wpbc_container wpbc_form wpbc_container_booking_form \" ><form id=\"booking_form6\" class=\"booking_form vertical\" method=\"post\" action=\"\"><div id=\"ajax_respond_insert6\" class=\"ajax_respond_insert\" style=\"display:none;\"><\/div><a name=\"bklnk6\" id=\"bklnk6\"><\/a><div id=\"booking_form_div6\" class=\"booking_form_div\"><div class=\"et_pb_text_inner\"> \n\t<p>\n\tMinimum stay is 5 nights. Maximum capacity is 14 people. Pets are not allowed.<br \/>\n\tRegardless of the length of stay, final cleaning costs \u20ac500<br \/>\t\t\n\tThe tourist tax is \u20ac2.20 per person and must be paid separately.<br \/>\t\t\n    <\/p>\n\t<p>\n\t<b><p><h3>IMPORTANT INFORMATION:<\/p><\/h3>\n\t<p>Your booking request will be processed promptly.<\/p>\n\tThe booking is confirmed only after the rental agreement is signed and validated by the owner.\n\tPayment is then due within 14 days of receiving the agreement and can be made by bank transfer or PayPal.<\/b><br \/>\t\t\n    <\/p>\n\t<p><\/p>\n\t<p><\/p>\n\t<\/div>\n<div class=\"wpbc_calendar_wraper wpbc_calendar_skin_legacy\"><div class=\"wpbc_cal_container bk_calendar_frame wpbc_no_custom_width  months_num_in_row_ cal_month_num_1 wpbc_timeslot_day_bg_as_available\" style=\"\"><div id=\"calendar_booking6\"  class=\"wpbc_calendar_id_6\" >\t<div class=\"calendar_loader_frame calendar_loader_frame6\"\r\n\t\tdata-wpbc-rid=\"6\"\r\n\t\tdata-wpbc-grace=\"8000\"\r\n\t\tstyle=\"--wpbc-loader-cols: 1;\"\r\n\t>\r\n\t\t<div class=\"calendar_loader_text\">Loading...<\/div>\r\n\t\t<div class=\"calendar_loader_frame__progress_line_container\">\r\n\t\t\t<div class=\"calendar_loader_frame__progress_line\"><\/div>\r\n\t\t<\/div>\r\n\t<\/div>\r\n\t<\/div><\/div><textarea id=\"date_booking6\" name=\"date_booking6\" autocomplete=\"off\" style=\"display:none;\"><\/textarea><\/div> \n<div class=\"standard-form\"> \n\t<p><\/p>\n\t\t<p><\/p>\n     <p>First Name*: <br \/><span class=\"wpbc_wrap_text wpdev-form-control-wrap name6\"><input type=\"text\" name=\"name6\" value=\"\" autocomplete=\"name\" class=\"wpdev-validates-as-required\" size=\"40\" \/><\/span> <\/p> \n     <p>Last Name*:<br \/><span class=\"wpbc_wrap_text wpdev-form-control-wrap secondname6\"><input type=\"text\" name=\"secondname6\" value=\"\" autocomplete=\"secondname\" class=\"wpdev-validates-as-required\" size=\"40\" \/><\/span> <\/p> \n     <p>Email*: <br \/><span class=\"wpbc_wrap_text wpdev-form-control-wrap email6\"><input type=\"email\" name=\"email6\" value=\"\" autocomplete=\"email\" class=\"wpdev-validates-as-email wpdev-validates-as-required\" size=\"40\" \/><\/span> <\/p>   \n     <p>Phone*:<br \/><span class=\"wpbc_wrap_text wpdev-form-control-wrap phone6\"><input type=\"text\" name=\"phone6\" value=\"\" autocomplete=\"phone\" class=\"wpdev-validates-as-required\" size=\"40\" \/><\/span> <\/p> \n\t<p>Number of children under 2 years old*: <span class=\"wpbc_wrap_select wpdev-form-control-wrap childrens6\"><select onchange=\"javascript:if(typeof( wpbc_show_cost_hints_after_few_seconds )=='function'){wpbc_show_cost_hints_after_few_seconds(6);}\" name=\"childrens6\" autocomplete=\"childrens\" class=\"col-md-1 col-md-1\"><option value=\"0\">0<\/option><option value=\"1\">1<\/option><option value=\"2\">2<\/option><\/select><\/span><\/p>\n\t<p>Number of people (children under 2 years old are not included)*: <span class=\"wpbc_wrap_select wpdev-form-control-wrap visitors6\"><select onchange=\"javascript:if(typeof( wpbc_show_cost_hints_after_few_seconds )=='function'){wpbc_show_cost_hints_after_few_seconds(6);}\" name=\"visitors6\" autocomplete=\"visitors\" class=\"col-md-1 col-md-1\"><option value=\"1\">1<\/option><option value=\"2\">2<\/option><option value=\"3\">3<\/option><option value=\"4\">4<\/option><option value=\"5\">5<\/option><option value=\"6\">6<\/option><option value=\"7\">7<\/option><option value=\"8\">8<\/option><option value=\"9\">9<\/option><option value=\"10\">10<\/option><option value=\"11\">11<\/option><option value=\"12\">12<\/option><option value=\"13\">13<\/option><option value=\"14\">14<\/option><\/select><\/span><\/p> \n\t<p>Cleaning service: \u20ac500<\/p>\n<div style=\"display:none\">\n<span class=\"wpbc_wrap_checkbox wpdev-form-control-wrap tourist_tax6\"><span autocomplete=\"tourist_tax\" class=\"wpdev-validates-as-required wpdev-checkbox\"><span class=\"wpdev-list-item\"><input  autocomplete=\"tourist_tax\" class=\"wpdev-validates-as-required wpdev-checkbox\" onchange=\"javascript:if(typeof( wpbc_show_cost_hints_after_few_seconds )=='function'){wpbc_show_cost_hints_after_few_seconds(6);}\"  type=\"checkbox\"  name=\"tourist_tax6[]\"  value=\"\" checked=\"checked\" \/><span class=\"wpdev-list-item-label\"><\/span><\/span><\/span><\/span>\n<span class=\"wpbc_wrap_checkbox wpdev-form-control-wrap tourist_tax_deduction6\"><span autocomplete=\"tourist_tax_deduction\" class=\"wpdev-validates-as-required wpdev-checkbox\"><span class=\"wpdev-list-item\"><input  autocomplete=\"tourist_tax_deduction\" class=\"wpdev-validates-as-required wpdev-checkbox\" onchange=\"javascript:if(typeof( wpbc_show_cost_hints_after_few_seconds )=='function'){wpbc_show_cost_hints_after_few_seconds(6);}\"  type=\"checkbox\"  name=\"tourist_tax_deduction6[]\"  value=\"\" checked=\"checked\" \/><span class=\"wpdev-list-item-label\"><\/span><\/span><\/span><\/span>\n<span class=\"wpbc_wrap_checkbox wpdev-form-control-wrap fixed_fee6\"><span autocomplete=\"fixed_fee\" class=\"wpdev-validates-as-required wpdev-checkbox\"><span class=\"wpdev-list-item\"><input  autocomplete=\"fixed_fee\" class=\"wpdev-validates-as-required wpdev-checkbox\" onchange=\"javascript:if(typeof( wpbc_show_cost_hints_after_few_seconds )=='function'){wpbc_show_cost_hints_after_few_seconds(6);}\"  type=\"checkbox\"  name=\"fixed_fee6[]\"  value=\"\" checked=\"checked\" \/><span class=\"wpdev-list-item-label\"><\/span><\/span><\/span><\/span>\n<\/div>\n\t<p>The total cost of payment (without tourist tax): <span  class=\"wpbc_field_hint\" id=\"booking_hint6\"><span class=\"wpbc-cost-amount wpbc_price_hint_value_0\">0,00<span class=\"wpbc-currency-symbol\">&euro;<\/span><\/span><\/span><input class=\"wpbc_field_hint\" id=\"cost_hint6\" name=\"cost_hint6\" value=\"0.00\" style=\"display:none;\" type=\"text\" \/><\/p>\n\t<p>Amount of tourist tax to be paid upon arrival (by check or in cash): <span  class=\"wpbc_field_hint\" id=\"bookinghint_tourist_tax_hint6\"><span class=\"wpbc-cost-amount wpbc_price_hint_value_0\">0,00<span class=\"wpbc-currency-symbol\">&euro;<\/span><\/span><\/span><input class=\"wpbc_field_hint\" id=\"tourist_tax_hint6\" name=\"tourist_tax_hint6\" value=\"0.00\" style=\"display:none;\" type=\"text\" \/> <\/p>\n     <p>Details: <br \/> <span class=\"wpbc_wrap_textarea wpdev-form-control-wrap details6\"><textarea name=\"details6\" autocomplete=\"details\"><\/textarea><\/span> <\/p> \n     <p><span class=\"wpbc_wrap_checkbox wpdev-form-control-wrap term_and_condition6\"><span autocomplete=\"term_and_condition\" class=\"wpdev-validates-as-required wpdev-checkbox\"><span class=\"wpdev-list-item\"><input  autocomplete=\"term_and_condition\" class=\"wpdev-validates-as-required wpdev-checkbox\" id=\"checkboxid177765117909472\"  onchange=\"javascript:if(typeof( wpbc_show_cost_hints_after_few_seconds )=='function'){wpbc_show_cost_hints_after_few_seconds(6);}\"  type=\"checkbox\"  name=\"term_and_condition6[]\"  value=\"I accept\" \/><label for=\"checkboxid177765117909472\"  class=\"wpdev-list-item-label\">I accept<\/label><\/span><\/span><\/span> <a href=\"https:\/\/www.chateaucols.com\/reglement-interieur\/\" rel=\"noopener\" target=\"_blank\">terms and conditions<\/a><\/p>\n     <p><span class=\"wpbc_text_captcha_container wpdev-form-control-wrap \"><input  autocomplete=\"off\" type=\"hidden\" name=\"wpdev_captcha_challenge_6\"  id=\"wpdev_captcha_challenge_6\" value=\"1962555436\" \/><input  autocomplete=\"off\" type=\"text\" class=\"captachinput\" value=\"\" name=\"captcha_input6\" id=\"captcha_input6\" \/><img decoding=\"async\" class=\"captcha_img\"  id=\"captcha_img6\" alt=\"To show CAPTCHA, please deactivate cache plugin or exclude this page from caching or disable CAPTCHA at WP Booking Calendar - Settings General page in Form Options section.\" src=\"https:\/\/www.chateaucols.com\/wp-content\/plugins\/booking\/js\/captcha\/tmp\/1962555436.png\" \/><\/span><\/p> \n     <p><input type=\"button\" value=\"Submit my booking request\" class=\"wpbc_button_light  btn btn\" onclick=\"wpbc_booking_form_submit(this.form,6, 'en_US');\" \/><\/p>\n\t<p><\/p>\n\t<p> * required fields<\/p>\n<\/div>\n\n<input name=\"booking_form_type6\"  id=\"booking_form_type6\" type=\"hidden\" value=\"reservation\"><input id=\"bk_type6\" name=\"bk_type6\" class=\"\" type=\"hidden\" value=\"6\" \/><\/div><div id=\"submiting6\"><\/div><div class=\"form_bk_messages\" id=\"form_bk_messages6\" ><\/div><input type=\"hidden\" id=\"wpbc_nonceCALCULATE_THE_COST6\" name=\"wpbc_nonceCALCULATE_THE_COST6\" value=\"fca400f600\" \/><input type=\"hidden\" name=\"_wp_http_referer\" value=\"\/en\/wp-json\/wp\/v2\/pages\/1410\" \/><\/form><\/div><div id=\"booking_form_garbage6\" class=\"booking_form_garbage\"><\/div> <div  id=\"gateway_payment_forms6\"><\/div>\n","protected":false},"author":1,"featured_media":0,"parent":0,"menu_order":0,"comment_status":"closed","ping_status":"closed","template":"","meta":{"_et_pb_use_builder":"on","_et_pb_old_content":"<!-- wp:booking\/booking {\"wpbc_shortcode\":\"[booking form_type='reservation']\"} -->\n<div class=\"wp-block-booking-booking\">[booking form_type='reservation']<\/div>\n<!-- \/wp:booking\/booking -->","_et_gb_content_width":"","footnotes":""},"class_list":["post-1410","page","type-page","status-publish","hentry"],"yoast_head":"<!-- This site is optimized with the Yoast SEO plugin v27.4 - https:\/\/yoast.com\/product\/yoast-seo-wordpress\/ -->\n<title>- Chateau de Cols<\/title>\n<meta name=\"description\" content=\"[et_pb_section admin_label=&quot;section&quot;] [et_pb_row admin_label=&quot;row&quot;] [et_pb_column type=&quot;4_4&quot;][et_pb_text admin_label=&quot;Text&quot;] [booking form_type=&#039;reservation&#039;] [\/et_pb_text][\/et_pb_column] [\/et_pb_row] [\/et_pb_section]\" \/>\n<meta name=\"robots\" content=\"index, follow, max-snippet:-1, max-image-preview:large, max-video-preview:-1\" \/>\n<link rel=\"canonical\" href=\"http:\/\/[et_pb_section%20admin_label=section]%20[et_pb_row%20admin_label=row]%20[et_pb_column%20type=4_4][et_pb_text%20admin_label=Text]%20[booking%20form_type='reservation']%20[\/et_pb_text%5D%5B\/et_pb_column%5D%20%5B\/et_pb_row%5D%20%5B\/et_pb_section%5D\" \/>\n<meta property=\"og:locale\" content=\"en_US\" \/>\n<meta property=\"og:type\" content=\"article\" \/>\n<meta property=\"og:title\" content=\"- Chateau de Cols\" \/>\n<meta property=\"og:description\" content=\"[et_pb_section admin_label=&quot;section&quot;] [et_pb_row admin_label=&quot;row&quot;] [et_pb_column type=&quot;4_4&quot;][et_pb_text admin_label=&quot;Text&quot;] [booking form_type=&#039;reservation&#039;] [\/et_pb_text][\/et_pb_column] [\/et_pb_row] [\/et_pb_section]\" \/>\n<meta property=\"og:url\" content=\"https:\/\/www.chateaucols.com\/en\/1410-2\/\" \/>\n<meta property=\"og:site_name\" content=\"Chateau de Cols\" \/>\n<meta property=\"article:modified_time\" content=\"2026-03-25T10:20:11+00:00\" \/>\n<meta property=\"og:image\" content=\"https:\/\/www.chateaucols.com\/wp-content\/uploads\/2023\/10\/ChateauDeCols.jpg\" \/>\n\t<meta property=\"og:image:width\" content=\"1200\" \/>\n\t<meta property=\"og:image:height\" content=\"675\" \/>\n\t<meta property=\"og:image:type\" content=\"image\/jpeg\" \/>\n<meta name=\"twitter:card\" content=\"summary_large_image\" \/>\n<meta name=\"twitter:description\" content=\"[booking form_type=&#039;reservation&#039;]\" \/>\n<meta name=\"twitter:label1\" content=\"Est. reading time\" \/>\n\t<meta name=\"twitter:data1\" content=\"1 minute\" \/>\n<script type=\"application\/ld+json\" class=\"yoast-schema-graph\">{\"@context\":\"https:\\\/\\\/schema.org\",\"@graph\":[{\"@type\":\"WebPage\",\"@id\":\"https:\\\/\\\/www.chateaucols.com\\\/en\\\/1410-2\\\/\",\"url\":\"https:\\\/\\\/www.chateaucols.com\\\/en\\\/1410-2\\\/\",\"name\":\"- Chateau de Cols\",\"isPartOf\":{\"@id\":\"https:\\\/\\\/www.chateaucols.com\\\/#website\"},\"datePublished\":\"2026-03-25T10:12:36+00:00\",\"dateModified\":\"2026-03-25T10:20:11+00:00\",\"breadcrumb\":{\"@id\":\"https:\\\/\\\/www.chateaucols.com\\\/en\\\/1410-2\\\/#breadcrumb\"},\"inLanguage\":\"en-US\",\"potentialAction\":[{\"@type\":\"ReadAction\",\"target\":[\"https:\\\/\\\/www.chateaucols.com\\\/en\\\/1410-2\\\/\"]}]},{\"@type\":\"BreadcrumbList\",\"@id\":\"https:\\\/\\\/www.chateaucols.com\\\/en\\\/1410-2\\\/#breadcrumb\",\"itemListElement\":[]},{\"@type\":\"WebSite\",\"@id\":\"https:\\\/\\\/www.chateaucols.com\\\/en\\\/#website\",\"url\":\"https:\\\/\\\/www.chateaucols.com\\\/en\\\/\",\"name\":\"Chateau de Cols\",\"description\":\"Site de pr\u00e9sentation du ch\u00e2teau de Cols \u00e0 Junhac au centre de l&#039;Auvergne\",\"potentialAction\":[{\"@type\":\"SearchAction\",\"target\":{\"@type\":\"EntryPoint\",\"urlTemplate\":\"https:\\\/\\\/www.chateaucols.com\\\/en\\\/?s={search_term_string}\"},\"query-input\":{\"@type\":\"PropertyValueSpecification\",\"valueRequired\":true,\"valueName\":\"search_term_string\"}}],\"inLanguage\":\"en-US\"}]}<\/script>\n<!-- \/ Yoast SEO plugin. -->","yoast_head_json":{"title":"- Chateau de Cols","description":"[et_pb_section admin_label=\"section\"] [et_pb_row admin_label=\"row\"] [et_pb_column type=\"4_4\"][et_pb_text admin_label=\"Text\"] [booking form_type='reservation'] [\/et_pb_text][\/et_pb_column] [\/et_pb_row] [\/et_pb_section]","robots":{"index":"index","follow":"follow","max-snippet":"max-snippet:-1","max-image-preview":"max-image-preview:large","max-video-preview":"max-video-preview:-1"},"canonical":"[et_pb_section admin_label=\"section\"] [et_pb_row admin_label=\"row\"] [et_pb_column type=\"4_4\"][et_pb_text admin_label=\"Text\"] [booking form_type='reservation'] [\/et_pb_text][\/et_pb_column] [\/et_pb_row] [\/et_pb_section]","og_locale":"en_US","og_type":"article","og_title":"- Chateau de Cols","og_description":"[et_pb_section admin_label=\"section\"] [et_pb_row admin_label=\"row\"] [et_pb_column type=\"4_4\"][et_pb_text admin_label=\"Text\"] [booking form_type='reservation'] [\/et_pb_text][\/et_pb_column] [\/et_pb_row] [\/et_pb_section]","og_url":"https:\/\/www.chateaucols.com\/en\/1410-2\/","og_site_name":"Chateau de Cols","article_modified_time":"2026-03-25T10:20:11+00:00","og_image":[{"width":1200,"height":675,"url":"https:\/\/www.chateaucols.com\/wp-content\/uploads\/2023\/10\/ChateauDeCols.jpg","type":"image\/jpeg"}],"twitter_card":"summary_large_image","twitter_description":"[booking form_type='reservation']","twitter_misc":{"Est. reading time":"1 minute"},"schema":{"@context":"https:\/\/schema.org","@graph":[{"@type":"WebPage","@id":"https:\/\/www.chateaucols.com\/en\/1410-2\/","url":"https:\/\/www.chateaucols.com\/en\/1410-2\/","name":"- Chateau de Cols","isPartOf":{"@id":"https:\/\/www.chateaucols.com\/#website"},"datePublished":"2026-03-25T10:12:36+00:00","dateModified":"2026-03-25T10:20:11+00:00","breadcrumb":{"@id":"https:\/\/www.chateaucols.com\/en\/1410-2\/#breadcrumb"},"inLanguage":"en-US","potentialAction":[{"@type":"ReadAction","target":["https:\/\/www.chateaucols.com\/en\/1410-2\/"]}]},{"@type":"BreadcrumbList","@id":"https:\/\/www.chateaucols.com\/en\/1410-2\/#breadcrumb","itemListElement":[]},{"@type":"WebSite","@id":"https:\/\/www.chateaucols.com\/en\/#website","url":"https:\/\/www.chateaucols.com\/en\/","name":"Chateau de Cols","description":"Site de pr\u00e9sentation du ch\u00e2teau de Cols \u00e0 Junhac au centre de l&#039;Auvergne","potentialAction":[{"@type":"SearchAction","target":{"@type":"EntryPoint","urlTemplate":"https:\/\/www.chateaucols.com\/en\/?s={search_term_string}"},"query-input":{"@type":"PropertyValueSpecification","valueRequired":true,"valueName":"search_term_string"}}],"inLanguage":"en-US"}]}},"_links":{"self":[{"href":"https:\/\/www.chateaucols.com\/en\/wp-json\/wp\/v2\/pages\/1410","targetHints":{"allow":["GET"]}}],"collection":[{"href":"https:\/\/www.chateaucols.com\/en\/wp-json\/wp\/v2\/pages"}],"about":[{"href":"https:\/\/www.chateaucols.com\/en\/wp-json\/wp\/v2\/types\/page"}],"author":[{"embeddable":true,"href":"https:\/\/www.chateaucols.com\/en\/wp-json\/wp\/v2\/users\/1"}],"replies":[{"embeddable":true,"href":"https:\/\/www.chateaucols.com\/en\/wp-json\/wp\/v2\/comments?post=1410"}],"version-history":[{"count":8,"href":"https:\/\/www.chateaucols.com\/en\/wp-json\/wp\/v2\/pages\/1410\/revisions"}],"predecessor-version":[{"id":1418,"href":"https:\/\/www.chateaucols.com\/en\/wp-json\/wp\/v2\/pages\/1410\/revisions\/1418"}],"wp:attachment":[{"href":"https:\/\/www.chateaucols.com\/en\/wp-json\/wp\/v2\/media?parent=1410"}],"curies":[{"name":"wp","href":"https:\/\/api.w.org\/{rel}","templated":true}]}}