{"id":276,"date":"2023-05-03T22:03:39","date_gmt":"2023-05-03T20:03:39","guid":{"rendered":"https:\/\/www.chateaucols.com\/?page_id=276"},"modified":"2023-07-08T15:41:13","modified_gmt":"2023-07-08T13:41:13","slug":"chambre-bleue","status":"publish","type":"page","link":"https:\/\/www.chateaucols.com\/en\/chambre-bleue\/","title":{"rendered":"Chambre bleue"},"content":{"rendered":"<p>[et_pb_section fb_built=&#8221;1&#8243; fullwidth=&#8221;on&#8221; disabled_on=&#8221;on|on|off&#8221; _builder_version=&#8221;4.20.4&#8243; _module_preset=&#8221;default&#8221; locked=&#8221;off&#8221; global_colors_info=&#8221;{}&#8221;][et_pb_fullwidth_image title_text=&#8221;ChateauDeCols&#8221; _builder_version=&#8221;4.20.4&#8243; _module_preset=&#8221;default&#8221; background_color=&#8221;#555555&#8243; height=&#8221;130px&#8221; global_colors_info=&#8221;{}&#8221;][\/et_pb_fullwidth_image][\/et_pb_section][et_pb_section fb_built=&#8221;1&#8243; _builder_version=&#8221;4.20.4&#8243; _module_preset=&#8221;default&#8221; custom_padding=&#8221;65px||0px|||&#8221; global_colors_info=&#8221;{}&#8221;][et_pb_row _builder_version=&#8221;4.20.4&#8243; _module_preset=&#8221;default&#8221; module_alignment=&#8221;center&#8221; custom_padding=&#8221;40px||60px||false|false&#8221; global_colors_info=&#8221;{}&#8221;][et_pb_column type=&#8221;4_4&#8243; _builder_version=&#8221;4.20.4&#8243; _module_preset=&#8221;default&#8221; global_colors_info=&#8221;{}&#8221;][et_pb_text _builder_version=&#8221;4.20.4&#8243; _module_preset=&#8221;default&#8221; text_text_color=&#8221;#555555&#8243; global_colors_info=&#8221;{}&#8221;]<\/p>\n<h1 style=\"text-align: center;\">Chambre bleue<\/h1>\n<p>[\/et_pb_text][\/et_pb_column][\/et_pb_row][\/et_pb_section][et_pb_section fb_built=&#8221;1&#8243; _builder_version=&#8221;4.20.4&#8243; _module_preset=&#8221;default&#8221; custom_margin=&#8221;||||false|false&#8221; custom_padding=&#8221;0px||0px||true|false&#8221; global_colors_info=&#8221;{}&#8221;][et_pb_row _builder_version=&#8221;4.20.4&#8243; _module_preset=&#8221;default&#8221; global_colors_info=&#8221;{}&#8221;][et_pb_column type=&#8221;4_4&#8243; _builder_version=&#8221;4.20.4&#8243; _module_preset=&#8221;default&#8221; global_colors_info=&#8221;{}&#8221;][dsm_masonry_gallery gallery_ids=&#8221;398,463,464&#8243; columns=&#8221;2&#8243; use_lightbox=&#8221;on&#8221; _builder_version=&#8221;4.21.0&#8243; _module_preset=&#8221;default&#8221; hover_enabled=&#8221;0&#8243; locked=&#8221;off&#8221; global_colors_info=&#8221;{}&#8221; lightbox_title=&#8221;off&#8221; sticky_enabled=&#8221;0&#8243;][\/dsm_masonry_gallery][\/et_pb_column][\/et_pb_row][\/et_pb_section]<\/p>\n","protected":false},"excerpt":{"rendered":"<p>Chambre bleue<div class=\"et_pb_module dsm_masonry_gallery dsm_masonry_gallery_0\">\n\t\t\t\t\n\t\t\t\t\n\t\t\t\t\n\t\t\t\t\n\t\t\t\t\n\t\t\t\t\n\t\t\t\t<div class=\"et_pb_module_inner\">\n\t\t\t\t\t<div class=\"dsm-gallery grid\" data-lightbox=\"true\" data-horizontalorder=\"true\">\n                <div class=\"grid-sizer\"><\/div><div class=\"gutter-sizer\"><\/div><div class=\"grid-item\">\n                    <a href=\"https:\/\/www.chateaucols.com\/wp-content\/uploads\/2023\/05\/B3A1753-HDR-scaled.jpg\"   data-caption='' data-mfp-src=\"https:\/\/www.chateaucols.com\/wp-content\/uploads\/2023\/05\/B3A1753-HDR-scaled.jpg\">\n                        <div class=\"et_pb_image_wrap\">\n                            <img loading=\"lazy\" decoding=\"async\" src=\"https:\/\/www.chateaucols.com\/wp-content\/uploads\/2023\/05\/B3A1753-HDR-scaled.jpg\" title=\"_B3A1753-HDR\" alt=\"\" class=\"dsm-skip-lazyload\" srcset=\"https:\/\/www.chateaucols.com\/wp-content\/uploads\/2023\/05\/B3A1753-HDR-scaled.jpg 2560w, https:\/\/www.chateaucols.com\/wp-content\/uploads\/2023\/05\/B3A1753-HDR-1280x854.jpg 1280w, https:\/\/www.chateaucols.com\/wp-content\/uploads\/2023\/05\/B3A1753-HDR-980x653.jpg 980w, https:\/\/www.chateaucols.com\/wp-content\/uploads\/2023\/05\/B3A1753-HDR-480x320.jpg 480w\" sizes=\"(min-width: 0px) and (max-width: 480px) 480px, (min-width: 481px) and (max-width: 980px) 980px, (min-width: 981px) and (max-width: 1280px) 1280px, (min-width: 1281px) 2560px, 100vw\" width=\"2560\" height=\"1707\" \/>\n                            \n                        <\/div>\n                    <\/a>\n                <\/div><div class=\"grid-item\">\n                    <a href=\"https:\/\/www.chateaucols.com\/wp-content\/uploads\/2023\/05\/B3A1770-HDR-scaled.jpg\"   data-caption='' data-mfp-src=\"https:\/\/www.chateaucols.com\/wp-content\/uploads\/2023\/05\/B3A1770-HDR-scaled.jpg\">\n                        <div class=\"et_pb_image_wrap\">\n                            <img loading=\"lazy\" decoding=\"async\" src=\"https:\/\/www.chateaucols.com\/wp-content\/uploads\/2023\/05\/B3A1770-HDR-scaled.jpg\" title=\"_B3A1770-HDR\" alt=\"\" class=\"dsm-skip-lazyload\" srcset=\"https:\/\/www.chateaucols.com\/wp-content\/uploads\/2023\/05\/B3A1770-HDR-scaled.jpg 1707w, https:\/\/www.chateaucols.com\/wp-content\/uploads\/2023\/05\/B3A1770-HDR-1280x1920.jpg 1280w, https:\/\/www.chateaucols.com\/wp-content\/uploads\/2023\/05\/B3A1770-HDR-980x1470.jpg 980w, https:\/\/www.chateaucols.com\/wp-content\/uploads\/2023\/05\/B3A1770-HDR-480x720.jpg 480w\" sizes=\"(min-width: 0px) and (max-width: 480px) 480px, (min-width: 481px) and (max-width: 980px) 980px, (min-width: 981px) and (max-width: 1280px) 1280px, (min-width: 1281px) 1707px, 100vw\" width=\"1707\" height=\"2560\" \/>\n                            \n                        <\/div>\n                    <\/a>\n                <\/div><div class=\"grid-item\">\n                    <a href=\"https:\/\/www.chateaucols.com\/wp-content\/uploads\/2023\/05\/B3A1777-HDR-scaled.jpg\"   data-caption='' data-mfp-src=\"https:\/\/www.chateaucols.com\/wp-content\/uploads\/2023\/05\/B3A1777-HDR-scaled.jpg\">\n                        <div class=\"et_pb_image_wrap\">\n                            <img loading=\"lazy\" decoding=\"async\" src=\"https:\/\/www.chateaucols.com\/wp-content\/uploads\/2023\/05\/B3A1777-HDR-scaled.jpg\" title=\"_B3A1777-HDR\" alt=\"\" class=\"dsm-skip-lazyload\" srcset=\"https:\/\/www.chateaucols.com\/wp-content\/uploads\/2023\/05\/B3A1777-HDR-scaled.jpg 1706w, https:\/\/www.chateaucols.com\/wp-content\/uploads\/2023\/05\/B3A1777-HDR-1280x1921.jpg 1280w, https:\/\/www.chateaucols.com\/wp-content\/uploads\/2023\/05\/B3A1777-HDR-980x1471.jpg 980w, https:\/\/www.chateaucols.com\/wp-content\/uploads\/2023\/05\/B3A1777-HDR-480x720.jpg 480w\" sizes=\"(min-width: 0px) and (max-width: 480px) 480px, (min-width: 481px) and (max-width: 980px) 980px, (min-width: 981px) and (max-width: 1280px) 1280px, (min-width: 1281px) 1706px, 100vw\" width=\"1706\" height=\"2560\" \/>\n                            \n                        <\/div>\n                    <\/a>\n                <\/div>\n             <\/div>\n\t\t\t\t<\/div>\n\t\t\t<\/div><\/p>\n","protected":false},"author":1,"featured_media":0,"parent":0,"menu_order":0,"comment_status":"closed","ping_status":"closed","template":"","meta":{"_et_pb_use_builder":"on","_et_pb_old_content":"","_et_gb_content_width":"","footnotes":""},"class_list":["post-276","page","type-page","status-publish","hentry"],"yoast_head":"<!-- This site is optimized with the Yoast SEO plugin v27.4 - https:\/\/yoast.com\/product\/yoast-seo-wordpress\/ -->\n<title>Chambre bleue<\/title>\n<meta name=\"description\" content=\"[et_pb_section fb_built=&quot;1&quot; fullwidth=&quot;on&quot; disabled_on=&quot;on|on|off&quot; _builder_version=&quot;4.20.4&quot; _module_preset=&quot;default&quot; locked=&quot;off&quot; global_colors_info=&quot;{}&quot;][et_pb_fullwidth_image title_text=&quot;ChateauDeCols&quot; _builder_version=&quot;4.20.4&quot; _module_preset=&quot;default&quot; background_color=&quot;#555555&quot; height=&quot;130px&quot; global_colors_info=&quot;{}&quot;][\/et_pb_fullwidth_image][\/et_pb_section][et_pb_section fb_built=&quot;1&quot; _builder_version=&quot;4.20.4&quot; _module_preset=&quot;default&quot; custom_padding=&quot;65px||0px|||&quot; global_colors_info=&quot;{}&quot;][et_pb_row _builder_version=&quot;4.20.4&quot; _module_preset=&quot;default&quot; module_alignment=&quot;center&quot; custom_padding=&quot;40px||60px||false|false&quot; global_colors_info=&quot;{}&quot;][et_pb_column type=&quot;4_4&quot; _builder_version=&quot;4.20.4&quot; _module_preset=&quot;default&quot; global_colors_info=&quot;{}&quot;][et_pb_text _builder_version=&quot;4.20.4&quot; _module_preset=&quot;default&quot; text_text_color=&quot;#555555&quot; global_colors_info=&quot;{}&quot;]Chambre bleue[\/et_pb_text][\/et_pb_column][\/et_pb_row][\/et_pb_section][et_pb_section fb_built=&quot;1&quot; _builder_version=&quot;4.20.4&quot; _module_preset=&quot;default&quot; custom_margin=&quot;||||false|false&quot; custom_padding=&quot;0px||0px||true|false&quot; global_colors_info=&quot;{}&quot;][et_pb_row _builder_version=&quot;4.20.4&quot; _module_preset=&quot;default&quot; global_colors_info=&quot;{}&quot;][et_pb_column type=&quot;4_4&quot; _builder_version=&quot;4.20.4&quot; _module_preset=&quot;default&quot; global_colors_info=&quot;{}&quot;][dsm_masonry_gallery gallery_ids=&quot;398,463,464&quot; columns=&quot;2&quot; use_lightbox=&quot;on&quot; _builder_version=&quot;4.21.0&quot; _module_preset=&quot;default&quot; hover_enabled=&quot;0&quot; locked=&quot;off&quot; global_colors_info=&quot;{}&quot; lightbox_title=&quot;off&quot;&hellip;\" \/>\n<meta name=\"robots\" content=\"index, follow, max-snippet:-1, max-image-preview:large, max-video-preview:-1\" \/>\n<link rel=\"canonical\" href=\"http:\/\/[et_pb_section%20fb_built=1%20fullwidth=on%20disabled_on=on|on|off%20_builder_version=4.20.4%20_module_preset=default%20locked=off%20global_colors_info=][et_pb_fullwidth_image%20title_text=ChateauDeCols%20_builder_version=4.20.4%20_module_preset=default%20background_color=#555555%20height=130px%20global_colors_info=%5D%5B\/et_pb_fullwidth_image%5D%5B\/et_pb_section%5D%5Bet_pb_section%20fb_built=1%20_builder_version=4.20.4%20_module_preset=default%20custom_padding=65px||0px|||%20global_colors_info=%5D%5Bet_pb_row%20_builder_version=4.20.4%20_module_preset=default%20module_alignment=center%20custom_padding=40px||60px||false|false%20global_colors_info=%5D%5Bet_pb_column%20type=4_4%20_builder_version=4.20.4%20_module_preset=default%20global_colors_info=%5D%5Bet_pb_text%20_builder_version=4.20.4%20_module_preset=default%20text_text_color=#555555%20global_colors_info=%5DChambre%20bleue%5B\/et_pb_text%5D%5B\/et_pb_column%5D%5B\/et_pb_row%5D%5B\/et_pb_section%5D%5Bet_pb_section%20fb_built=1%20_builder_version=4.20.4%20_module_preset=default%20custom_margin=||||false|false%20custom_padding=0px||0px||true|false%20global_colors_info=%5D%5Bet_pb_row%20_builder_version=4.20.4%20_module_preset=default%20global_colors_info=%5D%5Bet_pb_column%20type=4_4%20_builder_version=4.20.4%20_module_preset=default%20global_colors_info=%5D%5Bdsm_masonry_gallery%20gallery_ids=398,463,464%20columns=2%20use_lightbox=on%20_builder_version=4.21.0%20_module_preset=default%20hover_enabled=0%20locked=off%20global_colors_info=%20lightbox_title=off&hellip;\" \/>\n<meta property=\"og:locale\" content=\"en_US\" \/>\n<meta property=\"og:type\" content=\"article\" \/>\n<meta property=\"og:title\" content=\"Chambre bleue\" \/>\n<meta property=\"og:description\" content=\"[et_pb_section fb_built=&quot;1&quot; fullwidth=&quot;on&quot; disabled_on=&quot;on|on|off&quot; _builder_version=&quot;4.20.4&quot; _module_preset=&quot;default&quot; locked=&quot;off&quot; global_colors_info=&quot;{}&quot;][et_pb_fullwidth_image title_text=&quot;ChateauDeCols&quot; _builder_version=&quot;4.20.4&quot; _module_preset=&quot;default&quot; background_color=&quot;#555555&quot; height=&quot;130px&quot; global_colors_info=&quot;{}&quot;][\/et_pb_fullwidth_image][\/et_pb_section][et_pb_section fb_built=&quot;1&quot; _builder_version=&quot;4.20.4&quot; _module_preset=&quot;default&quot; custom_padding=&quot;65px||0px|||&quot; global_colors_info=&quot;{}&quot;][et_pb_row _builder_version=&quot;4.20.4&quot; _module_preset=&quot;default&quot; module_alignment=&quot;center&quot; custom_padding=&quot;40px||60px||false|false&quot; global_colors_info=&quot;{}&quot;][et_pb_column type=&quot;4_4&quot; _builder_version=&quot;4.20.4&quot; _module_preset=&quot;default&quot; global_colors_info=&quot;{}&quot;][et_pb_text _builder_version=&quot;4.20.4&quot; _module_preset=&quot;default&quot; text_text_color=&quot;#555555&quot; global_colors_info=&quot;{}&quot;]Chambre bleue[\/et_pb_text][\/et_pb_column][\/et_pb_row][\/et_pb_section][et_pb_section fb_built=&quot;1&quot; _builder_version=&quot;4.20.4&quot; _module_preset=&quot;default&quot; custom_margin=&quot;||||false|false&quot; custom_padding=&quot;0px||0px||true|false&quot; global_colors_info=&quot;{}&quot;][et_pb_row _builder_version=&quot;4.20.4&quot; _module_preset=&quot;default&quot; global_colors_info=&quot;{}&quot;][et_pb_column type=&quot;4_4&quot; _builder_version=&quot;4.20.4&quot; _module_preset=&quot;default&quot; global_colors_info=&quot;{}&quot;][dsm_masonry_gallery gallery_ids=&quot;398,463,464&quot; columns=&quot;2&quot; use_lightbox=&quot;on&quot; _builder_version=&quot;4.21.0&quot; _module_preset=&quot;default&quot; hover_enabled=&quot;0&quot; locked=&quot;off&quot; global_colors_info=&quot;{}&quot; lightbox_title=&quot;off&quot;&hellip;\" \/>\n<meta property=\"og:url\" content=\"https:\/\/www.chateaucols.com\/en\/chambre-bleue\/\" \/>\n<meta property=\"og:site_name\" content=\"Chateau de Cols\" \/>\n<meta property=\"article:modified_time\" content=\"2023-07-08T13:41:13+00:00\" \/>\n<meta property=\"og:image\" content=\"https:\/\/www.chateaucols.com\/wp-content\/uploads\/2023\/10\/ChateauDeCols.jpg\" \/>\n\t<meta property=\"og:image:width\" content=\"1200\" \/>\n\t<meta property=\"og:image:height\" content=\"675\" \/>\n\t<meta property=\"og:image:type\" content=\"image\/jpeg\" \/>\n<meta name=\"twitter:card\" content=\"summary_large_image\" \/>\n<script type=\"application\/ld+json\" class=\"yoast-schema-graph\">{\"@context\":\"https:\\\/\\\/schema.org\",\"@graph\":[{\"@type\":\"WebPage\",\"@id\":\"https:\\\/\\\/www.chateaucols.com\\\/en\\\/chambre-bleue\\\/\",\"url\":\"https:\\\/\\\/www.chateaucols.com\\\/en\\\/chambre-bleue\\\/\",\"name\":\"Chambre bleue - Chateau de Cols\",\"isPartOf\":{\"@id\":\"https:\\\/\\\/www.chateaucols.com\\\/#website\"},\"datePublished\":\"2023-05-03T20:03:39+00:00\",\"dateModified\":\"2023-07-08T13:41:13+00:00\",\"inLanguage\":\"en-US\",\"potentialAction\":[{\"@type\":\"ReadAction\",\"target\":[\"https:\\\/\\\/www.chateaucols.com\\\/en\\\/chambre-bleue\\\/\"]}]},{\"@type\":\"WebSite\",\"@id\":\"https:\\\/\\\/www.chateaucols.com\\\/en\\\/#website\",\"url\":\"https:\\\/\\\/www.chateaucols.com\\\/en\\\/\",\"name\":\"Chateau de Cols\",\"description\":\"Site de pr\u00e9sentation du ch\u00e2teau de Cols \u00e0 Junhac au centre de l&#039;Auvergne\",\"potentialAction\":[{\"@type\":\"SearchAction\",\"target\":{\"@type\":\"EntryPoint\",\"urlTemplate\":\"https:\\\/\\\/www.chateaucols.com\\\/en\\\/?s={search_term_string}\"},\"query-input\":{\"@type\":\"PropertyValueSpecification\",\"valueRequired\":true,\"valueName\":\"search_term_string\"}}],\"inLanguage\":\"en-US\"}]}<\/script>\n<!-- \/ Yoast SEO plugin. -->","yoast_head_json":{"title":"Chambre bleue","description":"[et_pb_section fb_built=\"1\" fullwidth=\"on\" disabled_on=\"on|on|off\" _builder_version=\"4.20.4\" _module_preset=\"default\" locked=\"off\" global_colors_info=\"{}\"][et_pb_fullwidth_image title_text=\"ChateauDeCols\" _builder_version=\"4.20.4\" _module_preset=\"default\" background_color=\"#555555\" height=\"130px\" global_colors_info=\"{}\"][\/et_pb_fullwidth_image][\/et_pb_section][et_pb_section fb_built=\"1\" _builder_version=\"4.20.4\" _module_preset=\"default\" custom_padding=\"65px||0px|||\" global_colors_info=\"{}\"][et_pb_row _builder_version=\"4.20.4\" _module_preset=\"default\" module_alignment=\"center\" custom_padding=\"40px||60px||false|false\" global_colors_info=\"{}\"][et_pb_column type=\"4_4\" _builder_version=\"4.20.4\" _module_preset=\"default\" global_colors_info=\"{}\"][et_pb_text _builder_version=\"4.20.4\" _module_preset=\"default\" text_text_color=\"#555555\" global_colors_info=\"{}\"]Chambre bleue[\/et_pb_text][\/et_pb_column][\/et_pb_row][\/et_pb_section][et_pb_section fb_built=\"1\" _builder_version=\"4.20.4\" _module_preset=\"default\" custom_margin=\"||||false|false\" custom_padding=\"0px||0px||true|false\" global_colors_info=\"{}\"][et_pb_row _builder_version=\"4.20.4\" _module_preset=\"default\" global_colors_info=\"{}\"][et_pb_column type=\"4_4\" _builder_version=\"4.20.4\" _module_preset=\"default\" global_colors_info=\"{}\"][dsm_masonry_gallery gallery_ids=\"398,463,464\" columns=\"2\" use_lightbox=\"on\" _builder_version=\"4.21.0\" _module_preset=\"default\" hover_enabled=\"0\" locked=\"off\" global_colors_info=\"{}\" lightbox_title=\"off\"&hellip;","robots":{"index":"index","follow":"follow","max-snippet":"max-snippet:-1","max-image-preview":"max-image-preview:large","max-video-preview":"max-video-preview:-1"},"canonical":"[et_pb_section fb_built=\"1\" fullwidth=\"on\" disabled_on=\"on|on|off\" _builder_version=\"4.20.4\" _module_preset=\"default\" locked=\"off\" global_colors_info=\"{}\"][et_pb_fullwidth_image title_text=\"ChateauDeCols\" _builder_version=\"4.20.4\" _module_preset=\"default\" background_color=\"#555555\" height=\"130px\" global_colors_info=\"{}\"][\/et_pb_fullwidth_image][\/et_pb_section][et_pb_section fb_built=\"1\" _builder_version=\"4.20.4\" _module_preset=\"default\" custom_padding=\"65px||0px|||\" global_colors_info=\"{}\"][et_pb_row _builder_version=\"4.20.4\" _module_preset=\"default\" module_alignment=\"center\" custom_padding=\"40px||60px||false|false\" global_colors_info=\"{}\"][et_pb_column type=\"4_4\" _builder_version=\"4.20.4\" _module_preset=\"default\" global_colors_info=\"{}\"][et_pb_text _builder_version=\"4.20.4\" _module_preset=\"default\" text_text_color=\"#555555\" global_colors_info=\"{}\"]Chambre bleue[\/et_pb_text][\/et_pb_column][\/et_pb_row][\/et_pb_section][et_pb_section fb_built=\"1\" _builder_version=\"4.20.4\" _module_preset=\"default\" custom_margin=\"||||false|false\" custom_padding=\"0px||0px||true|false\" global_colors_info=\"{}\"][et_pb_row _builder_version=\"4.20.4\" _module_preset=\"default\" global_colors_info=\"{}\"][et_pb_column type=\"4_4\" _builder_version=\"4.20.4\" _module_preset=\"default\" global_colors_info=\"{}\"][dsm_masonry_gallery gallery_ids=\"398,463,464\" columns=\"2\" use_lightbox=\"on\" _builder_version=\"4.21.0\" _module_preset=\"default\" hover_enabled=\"0\" locked=\"off\" global_colors_info=\"{}\" lightbox_title=\"off\"&hellip;","og_locale":"en_US","og_type":"article","og_title":"Chambre bleue","og_description":"[et_pb_section fb_built=\"1\" fullwidth=\"on\" disabled_on=\"on|on|off\" _builder_version=\"4.20.4\" _module_preset=\"default\" locked=\"off\" global_colors_info=\"{}\"][et_pb_fullwidth_image title_text=\"ChateauDeCols\" _builder_version=\"4.20.4\" _module_preset=\"default\" background_color=\"#555555\" height=\"130px\" global_colors_info=\"{}\"][\/et_pb_fullwidth_image][\/et_pb_section][et_pb_section fb_built=\"1\" _builder_version=\"4.20.4\" _module_preset=\"default\" custom_padding=\"65px||0px|||\" global_colors_info=\"{}\"][et_pb_row _builder_version=\"4.20.4\" _module_preset=\"default\" module_alignment=\"center\" custom_padding=\"40px||60px||false|false\" global_colors_info=\"{}\"][et_pb_column type=\"4_4\" _builder_version=\"4.20.4\" _module_preset=\"default\" global_colors_info=\"{}\"][et_pb_text _builder_version=\"4.20.4\" _module_preset=\"default\" text_text_color=\"#555555\" global_colors_info=\"{}\"]Chambre bleue[\/et_pb_text][\/et_pb_column][\/et_pb_row][\/et_pb_section][et_pb_section fb_built=\"1\" _builder_version=\"4.20.4\" _module_preset=\"default\" custom_margin=\"||||false|false\" custom_padding=\"0px||0px||true|false\" global_colors_info=\"{}\"][et_pb_row _builder_version=\"4.20.4\" _module_preset=\"default\" global_colors_info=\"{}\"][et_pb_column type=\"4_4\" _builder_version=\"4.20.4\" _module_preset=\"default\" global_colors_info=\"{}\"][dsm_masonry_gallery gallery_ids=\"398,463,464\" columns=\"2\" use_lightbox=\"on\" _builder_version=\"4.21.0\" _module_preset=\"default\" hover_enabled=\"0\" locked=\"off\" global_colors_info=\"{}\" lightbox_title=\"off\"&hellip;","og_url":"https:\/\/www.chateaucols.com\/en\/chambre-bleue\/","og_site_name":"Chateau de Cols","article_modified_time":"2023-07-08T13:41:13+00:00","og_image":[{"width":1200,"height":675,"url":"https:\/\/www.chateaucols.com\/wp-content\/uploads\/2023\/10\/ChateauDeCols.jpg","type":"image\/jpeg"}],"twitter_card":"summary_large_image","schema":{"@context":"https:\/\/schema.org","@graph":[{"@type":"WebPage","@id":"https:\/\/www.chateaucols.com\/en\/chambre-bleue\/","url":"https:\/\/www.chateaucols.com\/en\/chambre-bleue\/","name":"Chambre bleue - Chateau de Cols","isPartOf":{"@id":"https:\/\/www.chateaucols.com\/#website"},"datePublished":"2023-05-03T20:03:39+00:00","dateModified":"2023-07-08T13:41:13+00:00","inLanguage":"en-US","potentialAction":[{"@type":"ReadAction","target":["https:\/\/www.chateaucols.com\/en\/chambre-bleue\/"]}]},{"@type":"WebSite","@id":"https:\/\/www.chateaucols.com\/en\/#website","url":"https:\/\/www.chateaucols.com\/en\/","name":"Chateau de Cols","description":"Site de pr\u00e9sentation du ch\u00e2teau de Cols \u00e0 Junhac au centre de l&#039;Auvergne","potentialAction":[{"@type":"SearchAction","target":{"@type":"EntryPoint","urlTemplate":"https:\/\/www.chateaucols.com\/en\/?s={search_term_string}"},"query-input":{"@type":"PropertyValueSpecification","valueRequired":true,"valueName":"search_term_string"}}],"inLanguage":"en-US"}]}},"_links":{"self":[{"href":"https:\/\/www.chateaucols.com\/en\/wp-json\/wp\/v2\/pages\/276","targetHints":{"allow":["GET"]}}],"collection":[{"href":"https:\/\/www.chateaucols.com\/en\/wp-json\/wp\/v2\/pages"}],"about":[{"href":"https:\/\/www.chateaucols.com\/en\/wp-json\/wp\/v2\/types\/page"}],"author":[{"embeddable":true,"href":"https:\/\/www.chateaucols.com\/en\/wp-json\/wp\/v2\/users\/1"}],"replies":[{"embeddable":true,"href":"https:\/\/www.chateaucols.com\/en\/wp-json\/wp\/v2\/comments?post=276"}],"version-history":[{"count":7,"href":"https:\/\/www.chateaucols.com\/en\/wp-json\/wp\/v2\/pages\/276\/revisions"}],"predecessor-version":[{"id":792,"href":"https:\/\/www.chateaucols.com\/en\/wp-json\/wp\/v2\/pages\/276\/revisions\/792"}],"wp:attachment":[{"href":"https:\/\/www.chateaucols.com\/en\/wp-json\/wp\/v2\/media?parent=276"}],"curies":[{"name":"wp","href":"https:\/\/api.w.org\/{rel}","templated":true}]}}