{"id":421,"date":"2023-05-08T12:34:28","date_gmt":"2023-05-08T10:34:28","guid":{"rendered":"https:\/\/www.chateaucols.com\/?page_id=421"},"modified":"2023-10-30T15:28:44","modified_gmt":"2023-10-30T14:28:44","slug":"chambre-blanche","status":"publish","type":"page","link":"https:\/\/www.chateaucols.com\/en\/chambre-blanche\/","title":{"rendered":"Chambre blanche"},"content":{"rendered":"\n[et_pb_section fb_built=&#8221;1&#8243; fullwidth=&#8221;on&#8221; disabled_on=&#8221;on|on|off&#8221; _builder_version=&#8221;4.20.4&#8243; _module_preset=&#8221;default&#8221; locked=&#8221;off&#8221; global_colors_info=&#8221;{}&#8221;][et_pb_fullwidth_image title_text=&#8221;ChateauDeCols&#8221; _builder_version=&#8221;4.20.4&#8243; _module_preset=&#8221;default&#8221; background_color=&#8221;#555555&#8243; height=&#8221;130px&#8221; global_colors_info=&#8221;{}&#8221;][\/et_pb_fullwidth_image][\/et_pb_section][et_pb_section fb_built=&#8221;1&#8243; _builder_version=&#8221;4.20.4&#8243; _module_preset=&#8221;default&#8221; custom_padding=&#8221;||0px|||&#8221; global_colors_info=&#8221;{}&#8221;][et_pb_row _builder_version=&#8221;4.20.4&#8243; _module_preset=&#8221;default&#8221; module_alignment=&#8221;center&#8221; custom_padding=&#8221;40px||60px||false|false&#8221; global_colors_info=&#8221;{}&#8221;][et_pb_column type=&#8221;4_4&#8243; _builder_version=&#8221;4.20.4&#8243; _module_preset=&#8221;default&#8221; global_colors_info=&#8221;{}&#8221;][et_pb_text _builder_version=&#8221;4.20.4&#8243; _module_preset=&#8221;default&#8221; text_text_color=&#8221;#555555&#8243; global_colors_info=&#8221;{}&#8221;]<h1 style=\"text-align: center;\">Chambre blanche<\/h1>[\/et_pb_text][\/et_pb_column][\/et_pb_row][\/et_pb_section][et_pb_section fb_built=&#8221;1&#8243; _builder_version=&#8221;4.20.4&#8243; _module_preset=&#8221;default&#8221; custom_padding=&#8221;0px|||||&#8221; global_colors_info=&#8221;{}&#8221;][et_pb_row _builder_version=&#8221;4.20.4&#8243; _module_preset=&#8221;default&#8221; custom_padding=&#8221;0px|||||&#8221; global_colors_info=&#8221;{}&#8221;][et_pb_column type=&#8221;4_4&#8243; _builder_version=&#8221;4.20.4&#8243; _module_preset=&#8221;default&#8221; global_colors_info=&#8221;{}&#8221;][dsm_masonry_gallery gallery_ids=&#8221;79,426,425,424&#8243; columns=&#8221;2&#8243; use_lightbox=&#8221;on&#8221; _builder_version=&#8221;4.21.0&#8243; _module_preset=&#8221;default&#8221; hover_enabled=&#8221;0&#8243; global_colors_info=&#8221;{}&#8221; lightbox_title=&#8221;off&#8221; sticky_enabled=&#8221;0&#8243;][\/dsm_masonry_gallery][\/et_pb_column][\/et_pb_row][\/et_pb_section]\n","protected":false},"excerpt":{"rendered":"<p>Chambre blanche<div class=\"et_pb_module dsm_masonry_gallery dsm_masonry_gallery_0\">\n\t\t\t\t\n\t\t\t\t\n\t\t\t\t\n\t\t\t\t\n\t\t\t\t\n\t\t\t\t\n\t\t\t\t<div class=\"et_pb_module_inner\">\n\t\t\t\t\t<div class=\"dsm-gallery grid\" data-lightbox=\"true\" data-horizontalorder=\"true\">\n                <div class=\"grid-sizer\"><\/div><div class=\"gutter-sizer\"><\/div><div class=\"grid-item\">\n                    <a href=\"https:\/\/www.chateaucols.com\/wp-content\/uploads\/2023\/05\/B3A1910-HDR-scaled.jpg\"   data-caption='' data-mfp-src=\"https:\/\/www.chateaucols.com\/wp-content\/uploads\/2023\/05\/B3A1910-HDR-scaled.jpg\">\n                        <div class=\"et_pb_image_wrap\">\n                            <img loading=\"lazy\" decoding=\"async\" src=\"https:\/\/www.chateaucols.com\/wp-content\/uploads\/2023\/05\/B3A1910-HDR-scaled.jpg\" title=\"_B3A1910-HDR\" alt=\"\" class=\"dsm-skip-lazyload\" srcset=\"https:\/\/www.chateaucols.com\/wp-content\/uploads\/2023\/05\/B3A1910-HDR-scaled.jpg 2560w, https:\/\/www.chateaucols.com\/wp-content\/uploads\/2023\/05\/B3A1910-HDR-1280x854.jpg 1280w, https:\/\/www.chateaucols.com\/wp-content\/uploads\/2023\/05\/B3A1910-HDR-980x653.jpg 980w, https:\/\/www.chateaucols.com\/wp-content\/uploads\/2023\/05\/B3A1910-HDR-480x320.jpg 480w\" sizes=\"(min-width: 0px) and (max-width: 480px) 480px, (min-width: 481px) and (max-width: 980px) 980px, (min-width: 981px) and (max-width: 1280px) 1280px, (min-width: 1281px) 2560px, 100vw\" width=\"2560\" height=\"1707\" \/>\n                            \n                        <\/div>\n                    <\/a>\n                <\/div><div class=\"grid-item\">\n                    <a href=\"https:\/\/www.chateaucols.com\/wp-content\/uploads\/2023\/05\/B3A1916-HDR-scaled.jpg\"   data-caption='' data-mfp-src=\"https:\/\/www.chateaucols.com\/wp-content\/uploads\/2023\/05\/B3A1916-HDR-scaled.jpg\">\n                        <div class=\"et_pb_image_wrap\">\n                            <img loading=\"lazy\" decoding=\"async\" src=\"https:\/\/www.chateaucols.com\/wp-content\/uploads\/2023\/05\/B3A1916-HDR-scaled.jpg\" title=\"_B3A1916-HDR\" alt=\"\" class=\"dsm-skip-lazyload\" srcset=\"https:\/\/www.chateaucols.com\/wp-content\/uploads\/2023\/05\/B3A1916-HDR-scaled.jpg 2560w, https:\/\/www.chateaucols.com\/wp-content\/uploads\/2023\/05\/B3A1916-HDR-1280x854.jpg 1280w, https:\/\/www.chateaucols.com\/wp-content\/uploads\/2023\/05\/B3A1916-HDR-980x653.jpg 980w, https:\/\/www.chateaucols.com\/wp-content\/uploads\/2023\/05\/B3A1916-HDR-480x320.jpg 480w\" sizes=\"(min-width: 0px) and (max-width: 480px) 480px, (min-width: 481px) and (max-width: 980px) 980px, (min-width: 981px) and (max-width: 1280px) 1280px, (min-width: 1281px) 2560px, 100vw\" width=\"2560\" height=\"1707\" \/>\n                            \n                        <\/div>\n                    <\/a>\n                <\/div><div class=\"grid-item\">\n                    <a href=\"https:\/\/www.chateaucols.com\/wp-content\/uploads\/2023\/05\/B3A1920-HDR-scaled.jpg\"   data-caption='' data-mfp-src=\"https:\/\/www.chateaucols.com\/wp-content\/uploads\/2023\/05\/B3A1920-HDR-scaled.jpg\">\n                        <div class=\"et_pb_image_wrap\">\n                            <img loading=\"lazy\" decoding=\"async\" src=\"https:\/\/www.chateaucols.com\/wp-content\/uploads\/2023\/05\/B3A1920-HDR-scaled.jpg\" title=\"_B3A1920-HDR\" alt=\"\" class=\"dsm-skip-lazyload\" srcset=\"https:\/\/www.chateaucols.com\/wp-content\/uploads\/2023\/05\/B3A1920-HDR-scaled.jpg 2560w, https:\/\/www.chateaucols.com\/wp-content\/uploads\/2023\/05\/B3A1920-HDR-1280x854.jpg 1280w, https:\/\/www.chateaucols.com\/wp-content\/uploads\/2023\/05\/B3A1920-HDR-980x653.jpg 980w, https:\/\/www.chateaucols.com\/wp-content\/uploads\/2023\/05\/B3A1920-HDR-480x320.jpg 480w\" sizes=\"(min-width: 0px) and (max-width: 480px) 480px, (min-width: 481px) and (max-width: 980px) 980px, (min-width: 981px) and (max-width: 1280px) 1280px, (min-width: 1281px) 2560px, 100vw\" width=\"2560\" height=\"1707\" \/>\n                            \n                        <\/div>\n                    <\/a>\n                <\/div><div class=\"grid-item\">\n                    <a href=\"https:\/\/www.chateaucols.com\/wp-content\/uploads\/2023\/05\/B3A1904-HDR_BD-scaled.jpg\"   data-caption='' data-mfp-src=\"https:\/\/www.chateaucols.com\/wp-content\/uploads\/2023\/05\/B3A1904-HDR_BD-scaled.jpg\">\n                        <div class=\"et_pb_image_wrap\">\n                            <img loading=\"lazy\" decoding=\"async\" src=\"https:\/\/www.chateaucols.com\/wp-content\/uploads\/2023\/05\/B3A1904-HDR_BD-scaled.jpg\" title=\"ChateauDeCols_ChambreBlanche\" alt=\"\" class=\"dsm-skip-lazyload\" srcset=\"https:\/\/www.chateaucols.com\/wp-content\/uploads\/2023\/05\/B3A1904-HDR_BD-scaled.jpg 2560w, https:\/\/www.chateaucols.com\/wp-content\/uploads\/2023\/05\/B3A1904-HDR_BD-1280x853.jpg 1280w, https:\/\/www.chateaucols.com\/wp-content\/uploads\/2023\/05\/B3A1904-HDR_BD-980x653.jpg 980w, https:\/\/www.chateaucols.com\/wp-content\/uploads\/2023\/05\/B3A1904-HDR_BD-480x320.jpg 480w\" sizes=\"(min-width: 0px) and (max-width: 480px) 480px, (min-width: 481px) and (max-width: 980px) 980px, (min-width: 981px) and (max-width: 1280px) 1280px, (min-width: 1281px) 2560px, 100vw\" width=\"2560\" height=\"1706\" \/>\n                            \n                        <\/div>\n                    <\/a>\n                <\/div>\n             <\/div>\n\t\t\t\t<\/div>\n\t\t\t<\/div><\/p>\n","protected":false},"author":1,"featured_media":0,"parent":0,"menu_order":0,"comment_status":"closed","ping_status":"closed","template":"","meta":{"_et_pb_use_builder":"on","_et_pb_old_content":"","_et_gb_content_width":"","footnotes":""},"class_list":["post-421","page","type-page","status-publish","hentry"],"yoast_head":"<!-- This site is optimized with the Yoast SEO plugin v27.4 - https:\/\/yoast.com\/product\/yoast-seo-wordpress\/ -->\n<title>Chambre blanche<\/title>\n<meta name=\"description\" content=\"La chambre Blanche du Ch\u00e2teau de Cols vous offre le confort d&#039;un espace bureau ainsi qu&#039;une salle de bain priv\u00e9e.\" \/>\n<meta name=\"robots\" content=\"index, follow, max-snippet:-1, max-image-preview:large, max-video-preview:-1\" \/>\n<link rel=\"canonical\" href=\"http:\/\/[et_pb_section%20fb_built=1%20fullwidth=on%20disabled_on=on|on|off%20_builder_version=4.20.4%20_module_preset=default%20locked=off%20global_colors_info=][et_pb_fullwidth_image%20title_text=ChateauDeCols%20_builder_version=4.20.4%20_module_preset=default%20background_color=#555555%20height=130px%20global_colors_info=%5D%5B\/et_pb_fullwidth_image%5D%5B\/et_pb_section%5D%5Bet_pb_section%20fb_built=1%20_builder_version=4.20.4%20_module_preset=default%20custom_padding=||0px|||%20global_colors_info=%5D%5Bet_pb_row%20_builder_version=4.20.4%20_module_preset=default%20module_alignment=center%20custom_padding=40px||60px||false|false%20global_colors_info=%5D%5Bet_pb_column%20type=4_4%20_builder_version=4.20.4%20_module_preset=default%20global_colors_info=%5D%5Bet_pb_text%20_builder_version=4.20.4%20_module_preset=default%20text_text_color=#555555%20global_colors_info=%5DChambre%20blanche%5B\/et_pb_text%5D%5B\/et_pb_column%5D%5B\/et_pb_row%5D%5B\/et_pb_section%5D%5Bet_pb_section%20fb_built=1%20_builder_version=4.20.4%20_module_preset=default%20custom_padding=0px|||||%20global_colors_info=%5D%5Bet_pb_row%20_builder_version=4.20.4%20_module_preset=default%20custom_padding=0px|||||%20global_colors_info=%5D%5Bet_pb_column%20type=4_4%20_builder_version=4.20.4%20_module_preset=default%20global_colors_info=%5D%5Bdsm_masonry_gallery%20gallery_ids=79,426,425,424%20columns=2%20use_lightbox=on%20_builder_version=4.21.0%20_module_preset=default%20hover_enabled=0%20global_colors_info=%20lightbox_title=off%20sticky_enabled=0%5D%5B\/dsm_masonry_gallery%5D%5B\/et_pb_column%5D%5B\/et_pb_row%5D%5B\/et_pb_section%5D\" \/>\n<meta property=\"og:locale\" content=\"en_US\" \/>\n<meta property=\"og:type\" content=\"article\" \/>\n<meta property=\"og:title\" content=\"Chambre blanche\" \/>\n<meta property=\"og:description\" content=\"La chambre Blanche du Ch\u00e2teau de Cols vous offre le confort d&#039;un espace bureau ainsi qu&#039;une salle de bain priv\u00e9e.\" \/>\n<meta property=\"og:url\" content=\"https:\/\/www.chateaucols.com\/en\/chambre-blanche\/\" \/>\n<meta property=\"og:site_name\" content=\"Chateau de Cols\" \/>\n<meta property=\"article:modified_time\" content=\"2023-10-30T14:28:44+00:00\" \/>\n<meta property=\"og:image\" content=\"https:\/\/www.chateaucols.com\/wp-content\/uploads\/2023\/10\/ChateauDeCols.jpg\" \/>\n\t<meta property=\"og:image:width\" content=\"1200\" \/>\n\t<meta property=\"og:image:height\" content=\"675\" \/>\n\t<meta property=\"og:image:type\" content=\"image\/jpeg\" \/>\n<meta name=\"twitter:card\" content=\"summary_large_image\" \/>\n<meta name=\"twitter:label1\" content=\"Est. reading time\" \/>\n\t<meta name=\"twitter:data1\" content=\"1 minute\" \/>\n<script type=\"application\/ld+json\" class=\"yoast-schema-graph\">{\"@context\":\"https:\\\/\\\/schema.org\",\"@graph\":[{\"@type\":\"WebPage\",\"@id\":\"https:\\\/\\\/www.chateaucols.com\\\/en\\\/chambre-blanche\\\/\",\"url\":\"https:\\\/\\\/www.chateaucols.com\\\/en\\\/chambre-blanche\\\/\",\"name\":\"Chambre blanche - Chateau de Cols\",\"isPartOf\":{\"@id\":\"https:\\\/\\\/www.chateaucols.com\\\/#website\"},\"datePublished\":\"2023-05-08T10:34:28+00:00\",\"dateModified\":\"2023-10-30T14:28:44+00:00\",\"description\":\"La chambre Blanche du Ch\u00e2teau de Cols vous offre le confort d'un espace bureau ainsi qu'une salle de bain priv\u00e9e.\",\"inLanguage\":\"en-US\",\"potentialAction\":[{\"@type\":\"ReadAction\",\"target\":[\"https:\\\/\\\/www.chateaucols.com\\\/en\\\/chambre-blanche\\\/\"]}]},{\"@type\":\"WebSite\",\"@id\":\"https:\\\/\\\/www.chateaucols.com\\\/en\\\/#website\",\"url\":\"https:\\\/\\\/www.chateaucols.com\\\/en\\\/\",\"name\":\"Chateau de Cols\",\"description\":\"Site de pr\u00e9sentation du ch\u00e2teau de Cols \u00e0 Junhac au centre de l&#039;Auvergne\",\"potentialAction\":[{\"@type\":\"SearchAction\",\"target\":{\"@type\":\"EntryPoint\",\"urlTemplate\":\"https:\\\/\\\/www.chateaucols.com\\\/en\\\/?s={search_term_string}\"},\"query-input\":{\"@type\":\"PropertyValueSpecification\",\"valueRequired\":true,\"valueName\":\"search_term_string\"}}],\"inLanguage\":\"en-US\"}]}<\/script>\n<!-- \/ Yoast SEO plugin. -->","yoast_head_json":{"title":"Chambre blanche","description":"La chambre Blanche du Ch\u00e2teau de Cols vous offre le confort d'un espace bureau ainsi qu'une salle de bain priv\u00e9e.","robots":{"index":"index","follow":"follow","max-snippet":"max-snippet:-1","max-image-preview":"max-image-preview:large","max-video-preview":"max-video-preview:-1"},"canonical":"[et_pb_section fb_built=\"1\" fullwidth=\"on\" disabled_on=\"on|on|off\" _builder_version=\"4.20.4\" _module_preset=\"default\" locked=\"off\" global_colors_info=\"{}\"][et_pb_fullwidth_image title_text=\"ChateauDeCols\" _builder_version=\"4.20.4\" _module_preset=\"default\" background_color=\"#555555\" height=\"130px\" global_colors_info=\"{}\"][\/et_pb_fullwidth_image][\/et_pb_section][et_pb_section fb_built=\"1\" _builder_version=\"4.20.4\" _module_preset=\"default\" custom_padding=\"||0px|||\" global_colors_info=\"{}\"][et_pb_row _builder_version=\"4.20.4\" _module_preset=\"default\" module_alignment=\"center\" custom_padding=\"40px||60px||false|false\" global_colors_info=\"{}\"][et_pb_column type=\"4_4\" _builder_version=\"4.20.4\" _module_preset=\"default\" global_colors_info=\"{}\"][et_pb_text _builder_version=\"4.20.4\" _module_preset=\"default\" text_text_color=\"#555555\" global_colors_info=\"{}\"]Chambre blanche[\/et_pb_text][\/et_pb_column][\/et_pb_row][\/et_pb_section][et_pb_section fb_built=\"1\" _builder_version=\"4.20.4\" _module_preset=\"default\" custom_padding=\"0px|||||\" global_colors_info=\"{}\"][et_pb_row _builder_version=\"4.20.4\" _module_preset=\"default\" custom_padding=\"0px|||||\" global_colors_info=\"{}\"][et_pb_column type=\"4_4\" _builder_version=\"4.20.4\" _module_preset=\"default\" global_colors_info=\"{}\"][dsm_masonry_gallery gallery_ids=\"79,426,425,424\" columns=\"2\" use_lightbox=\"on\" _builder_version=\"4.21.0\" _module_preset=\"default\" hover_enabled=\"0\" global_colors_info=\"{}\" lightbox_title=\"off\" sticky_enabled=\"0\"][\/dsm_masonry_gallery][\/et_pb_column][\/et_pb_row][\/et_pb_section]","og_locale":"en_US","og_type":"article","og_title":"Chambre blanche","og_description":"La chambre Blanche du Ch\u00e2teau de Cols vous offre le confort d'un espace bureau ainsi qu'une salle de bain priv\u00e9e.","og_url":"https:\/\/www.chateaucols.com\/en\/chambre-blanche\/","og_site_name":"Chateau de Cols","article_modified_time":"2023-10-30T14:28:44+00:00","og_image":[{"width":1200,"height":675,"url":"https:\/\/www.chateaucols.com\/wp-content\/uploads\/2023\/10\/ChateauDeCols.jpg","type":"image\/jpeg"}],"twitter_card":"summary_large_image","twitter_misc":{"Est. reading time":"1 minute"},"schema":{"@context":"https:\/\/schema.org","@graph":[{"@type":"WebPage","@id":"https:\/\/www.chateaucols.com\/en\/chambre-blanche\/","url":"https:\/\/www.chateaucols.com\/en\/chambre-blanche\/","name":"Chambre blanche - Chateau de Cols","isPartOf":{"@id":"https:\/\/www.chateaucols.com\/#website"},"datePublished":"2023-05-08T10:34:28+00:00","dateModified":"2023-10-30T14:28:44+00:00","description":"La chambre Blanche du Ch\u00e2teau de Cols vous offre le confort d'un espace bureau ainsi qu'une salle de bain priv\u00e9e.","inLanguage":"en-US","potentialAction":[{"@type":"ReadAction","target":["https:\/\/www.chateaucols.com\/en\/chambre-blanche\/"]}]},{"@type":"WebSite","@id":"https:\/\/www.chateaucols.com\/en\/#website","url":"https:\/\/www.chateaucols.com\/en\/","name":"Chateau de Cols","description":"Site de pr\u00e9sentation du ch\u00e2teau de Cols \u00e0 Junhac au centre de l&#039;Auvergne","potentialAction":[{"@type":"SearchAction","target":{"@type":"EntryPoint","urlTemplate":"https:\/\/www.chateaucols.com\/en\/?s={search_term_string}"},"query-input":{"@type":"PropertyValueSpecification","valueRequired":true,"valueName":"search_term_string"}}],"inLanguage":"en-US"}]}},"_links":{"self":[{"href":"https:\/\/www.chateaucols.com\/en\/wp-json\/wp\/v2\/pages\/421","targetHints":{"allow":["GET"]}}],"collection":[{"href":"https:\/\/www.chateaucols.com\/en\/wp-json\/wp\/v2\/pages"}],"about":[{"href":"https:\/\/www.chateaucols.com\/en\/wp-json\/wp\/v2\/types\/page"}],"author":[{"embeddable":true,"href":"https:\/\/www.chateaucols.com\/en\/wp-json\/wp\/v2\/users\/1"}],"replies":[{"embeddable":true,"href":"https:\/\/www.chateaucols.com\/en\/wp-json\/wp\/v2\/comments?post=421"}],"version-history":[{"count":6,"href":"https:\/\/www.chateaucols.com\/en\/wp-json\/wp\/v2\/pages\/421\/revisions"}],"predecessor-version":[{"id":1118,"href":"https:\/\/www.chateaucols.com\/en\/wp-json\/wp\/v2\/pages\/421\/revisions\/1118"}],"wp:attachment":[{"href":"https:\/\/www.chateaucols.com\/en\/wp-json\/wp\/v2\/media?parent=421"}],"curies":[{"name":"wp","href":"https:\/\/api.w.org\/{rel}","templated":true}]}}