{"id":829,"date":"2023-07-26T22:05:46","date_gmt":"2023-07-26T20:05:46","guid":{"rendered":"https:\/\/www.chateaucols.com\/wpbc-booking-received\/"},"modified":"2024-02-19T12:33:03","modified_gmt":"2024-02-19T11:33:03","slug":"wpbc-booking-received","status":"publish","type":"page","link":"https:\/\/www.chateaucols.com\/en\/wpbc-booking-received\/","title":{"rendered":"Booking Received"},"content":{"rendered":"<p>[et_pb_section admin_label=&#8221;section&#8221;]<br \/>\n\t\t\t[et_pb_row admin_label=&#8221;row&#8221;]<br \/>\n\t\t\t\t[et_pb_column type=&#8221;4_4&#8243;][et_pb_text admin_label=&#8221;Text&#8221;]Thank you for your booking. Your booking has been successfully received.[\/et_pb_text][\/et_pb_column]<br \/>\n\t\t\t[\/et_pb_row]<br \/>\n\t\t[\/et_pb_section]<br \/>\n<div class=\"wpbc_after_booking_thank_you_section\"><div class=\"wpbc_ty__container\"><div class=\"wpbc_ty__header\"><strong>Oops!<\/strong> We could not find your booking. The link you used may be incorrect or has expired. If you need assistance, please contact our support team.<\/div><\/div><\/div><\/p>\n","protected":false},"excerpt":{"rendered":"<p>Thank you for your booking. Your booking has been successfully received. <div class=\"wpbc_after_booking_thank_you_section\"><div class=\"wpbc_ty__container\"><div class=\"wpbc_ty__header\"><strong>Oops!<\/strong> We could not find your booking. The link you used may be incorrect or has expired. If you need assistance, please contact our support team.<\/div><\/div><\/div><\/p>\n","protected":false},"author":1,"featured_media":0,"parent":0,"menu_order":0,"comment_status":"closed","ping_status":"closed","template":"","meta":{"_et_pb_use_builder":"on","_et_pb_old_content":"Thank you for your booking. Your booking has been successfully received.","_et_gb_content_width":"","footnotes":""},"class_list":["post-829","page","type-page","status-publish","hentry"],"yoast_head":"<!-- This site is optimized with the Yoast SEO plugin v27.4 - https:\/\/yoast.com\/product\/yoast-seo-wordpress\/ -->\n<title>Booking Received<\/title>\n<meta name=\"description\" content=\"[et_pb_section admin_label=&quot;section&quot;] [et_pb_row admin_label=&quot;row&quot;] [et_pb_column type=&quot;4_4&quot;][et_pb_text admin_label=&quot;Text&quot;]Thank you for your booking. Your booking has been successfully received.[\/et_pb_text][\/et_pb_column] [\/et_pb_row] [\/et_pb_section] [booking_confirm]\" \/>\n<meta name=\"robots\" content=\"index, follow, max-snippet:-1, max-image-preview:large, max-video-preview:-1\" \/>\n<link rel=\"canonical\" href=\"http:\/\/[et_pb_section%20admin_label=section]%20[et_pb_row%20admin_label=row]%20[et_pb_column%20type=4_4][et_pb_text%20admin_label=Text]Thank%20you%20for%20your%20booking.%20Your%20booking%20has%20been%20successfully%20received.[\/et_pb_text%5D%5B\/et_pb_column%5D%20%5B\/et_pb_row%5D%20%5B\/et_pb_section%5D%20%5Bbooking_confirm%5D\" \/>\n<meta property=\"og:locale\" content=\"en_US\" \/>\n<meta property=\"og:type\" content=\"article\" \/>\n<meta property=\"og:title\" content=\"Booking Received\" \/>\n<meta property=\"og:description\" content=\"[et_pb_section admin_label=&quot;section&quot;] [et_pb_row admin_label=&quot;row&quot;] [et_pb_column type=&quot;4_4&quot;][et_pb_text admin_label=&quot;Text&quot;]Thank you for your booking. Your booking has been successfully received.[\/et_pb_text][\/et_pb_column] [\/et_pb_row] [\/et_pb_section] [booking_confirm]\" \/>\n<meta property=\"og:url\" content=\"https:\/\/www.chateaucols.com\/en\/wpbc-booking-received\/\" \/>\n<meta property=\"og:site_name\" content=\"Chateau de Cols\" \/>\n<meta property=\"article:modified_time\" content=\"2024-02-19T11:33:03+00:00\" \/>\n<meta property=\"og:image\" content=\"https:\/\/www.chateaucols.com\/wp-content\/uploads\/2023\/10\/ChateauDeCols.jpg\" \/>\n\t<meta property=\"og:image:width\" content=\"1200\" \/>\n\t<meta property=\"og:image:height\" content=\"675\" \/>\n\t<meta property=\"og:image:type\" content=\"image\/jpeg\" \/>\n<meta name=\"twitter:card\" content=\"summary_large_image\" \/>\n<script type=\"application\/ld+json\" class=\"yoast-schema-graph\">{\"@context\":\"https:\\\/\\\/schema.org\",\"@graph\":[{\"@type\":\"WebPage\",\"@id\":\"https:\\\/\\\/www.chateaucols.com\\\/en\\\/wpbc-booking-received\\\/\",\"url\":\"https:\\\/\\\/www.chateaucols.com\\\/en\\\/wpbc-booking-received\\\/\",\"name\":\"Booking Received - Chateau de Cols\",\"isPartOf\":{\"@id\":\"https:\\\/\\\/www.chateaucols.com\\\/#website\"},\"datePublished\":\"2023-07-26T20:05:46+00:00\",\"dateModified\":\"2024-02-19T11:33:03+00:00\",\"inLanguage\":\"en-US\",\"potentialAction\":[{\"@type\":\"ReadAction\",\"target\":[\"https:\\\/\\\/www.chateaucols.com\\\/en\\\/wpbc-booking-received\\\/\"]}]},{\"@type\":\"WebSite\",\"@id\":\"https:\\\/\\\/www.chateaucols.com\\\/en\\\/#website\",\"url\":\"https:\\\/\\\/www.chateaucols.com\\\/en\\\/\",\"name\":\"Chateau de Cols\",\"description\":\"Site de pr\u00e9sentation du ch\u00e2teau de Cols \u00e0 Junhac au centre de l&#039;Auvergne\",\"potentialAction\":[{\"@type\":\"SearchAction\",\"target\":{\"@type\":\"EntryPoint\",\"urlTemplate\":\"https:\\\/\\\/www.chateaucols.com\\\/en\\\/?s={search_term_string}\"},\"query-input\":{\"@type\":\"PropertyValueSpecification\",\"valueRequired\":true,\"valueName\":\"search_term_string\"}}],\"inLanguage\":\"en-US\"}]}<\/script>\n<!-- \/ Yoast SEO plugin. -->","yoast_head_json":{"title":"Booking Received","description":"[et_pb_section admin_label=\"section\"] [et_pb_row admin_label=\"row\"] [et_pb_column type=\"4_4\"][et_pb_text admin_label=\"Text\"]Thank you for your booking. Your booking has been successfully received.[\/et_pb_text][\/et_pb_column] [\/et_pb_row] [\/et_pb_section] [booking_confirm]","robots":{"index":"index","follow":"follow","max-snippet":"max-snippet:-1","max-image-preview":"max-image-preview:large","max-video-preview":"max-video-preview:-1"},"canonical":"[et_pb_section admin_label=\"section\"] [et_pb_row admin_label=\"row\"] [et_pb_column type=\"4_4\"][et_pb_text admin_label=\"Text\"]Thank you for your booking. Your booking has been successfully received.[\/et_pb_text][\/et_pb_column] [\/et_pb_row] [\/et_pb_section] [booking_confirm]","og_locale":"en_US","og_type":"article","og_title":"Booking Received","og_description":"[et_pb_section admin_label=\"section\"] [et_pb_row admin_label=\"row\"] [et_pb_column type=\"4_4\"][et_pb_text admin_label=\"Text\"]Thank you for your booking. Your booking has been successfully received.[\/et_pb_text][\/et_pb_column] [\/et_pb_row] [\/et_pb_section] [booking_confirm]","og_url":"https:\/\/www.chateaucols.com\/en\/wpbc-booking-received\/","og_site_name":"Chateau de Cols","article_modified_time":"2024-02-19T11:33:03+00:00","og_image":[{"width":1200,"height":675,"url":"https:\/\/www.chateaucols.com\/wp-content\/uploads\/2023\/10\/ChateauDeCols.jpg","type":"image\/jpeg"}],"twitter_card":"summary_large_image","schema":{"@context":"https:\/\/schema.org","@graph":[{"@type":"WebPage","@id":"https:\/\/www.chateaucols.com\/en\/wpbc-booking-received\/","url":"https:\/\/www.chateaucols.com\/en\/wpbc-booking-received\/","name":"Booking Received - Chateau de Cols","isPartOf":{"@id":"https:\/\/www.chateaucols.com\/#website"},"datePublished":"2023-07-26T20:05:46+00:00","dateModified":"2024-02-19T11:33:03+00:00","inLanguage":"en-US","potentialAction":[{"@type":"ReadAction","target":["https:\/\/www.chateaucols.com\/en\/wpbc-booking-received\/"]}]},{"@type":"WebSite","@id":"https:\/\/www.chateaucols.com\/en\/#website","url":"https:\/\/www.chateaucols.com\/en\/","name":"Chateau de Cols","description":"Site de pr\u00e9sentation du ch\u00e2teau de Cols \u00e0 Junhac au centre de l&#039;Auvergne","potentialAction":[{"@type":"SearchAction","target":{"@type":"EntryPoint","urlTemplate":"https:\/\/www.chateaucols.com\/en\/?s={search_term_string}"},"query-input":{"@type":"PropertyValueSpecification","valueRequired":true,"valueName":"search_term_string"}}],"inLanguage":"en-US"}]}},"_links":{"self":[{"href":"https:\/\/www.chateaucols.com\/en\/wp-json\/wp\/v2\/pages\/829","targetHints":{"allow":["GET"]}}],"collection":[{"href":"https:\/\/www.chateaucols.com\/en\/wp-json\/wp\/v2\/pages"}],"about":[{"href":"https:\/\/www.chateaucols.com\/en\/wp-json\/wp\/v2\/types\/page"}],"author":[{"embeddable":true,"href":"https:\/\/www.chateaucols.com\/en\/wp-json\/wp\/v2\/users\/1"}],"replies":[{"embeddable":true,"href":"https:\/\/www.chateaucols.com\/en\/wp-json\/wp\/v2\/comments?post=829"}],"version-history":[{"count":2,"href":"https:\/\/www.chateaucols.com\/en\/wp-json\/wp\/v2\/pages\/829\/revisions"}],"predecessor-version":[{"id":1218,"href":"https:\/\/www.chateaucols.com\/en\/wp-json\/wp\/v2\/pages\/829\/revisions\/1218"}],"wp:attachment":[{"href":"https:\/\/www.chateaucols.com\/en\/wp-json\/wp\/v2\/media?parent=829"}],"curies":[{"name":"wp","href":"https:\/\/api.w.org\/{rel}","templated":true}]}}